{"id":18489,"date":"2026-01-25T21:53:33","date_gmt":"2026-01-25T18:53:33","guid":{"rendered":"https:\/\/p25r.net\/?post_type=product&#038;p=18489"},"modified":"2026-01-25T21:53:33","modified_gmt":"2026-01-25T18:53:33","slug":"taksim-palas-project","status":"publish","type":"product","link":"https:\/\/p25r.net\/en\/istanbul-properties\/taksim-palas-project\/","title":{"rendered":"Bals subdivision project"},"content":{"rendered":"<p><b>Taksim Bals \u015ei\u015fli Istanbul<\/b><span style=\"font-weight: 400;\"> The Resident project, with its rare central location, offers modern apartments close to Taksim Square and Ni\u015fanta\u015f\u0131 Street, with easy access to the metro and vital services, making it an ideal choice for urban living and high-yield investment.<\/span><\/p>\n<h2><b>Prices and apartment sizes<\/b><\/h2>\n<ul>\n<li style=\"font-weight: 400;\" aria-level=\"1\"><b>1+1<\/b><span style=\"font-weight: 400;\"> | Space <\/span><b>76 m\u00b2<\/b><span style=\"font-weight: 400;\"> Price <\/span><b>$193,000<\/b><\/li>\n<li style=\"font-weight: 400;\" aria-level=\"1\"><b>2+1<\/b><span style=\"font-weight: 400;\"> | Space <\/span><b>120 m\u00b2<\/b><span style=\"font-weight: 400;\"> Price <\/span><b>$265,000<\/b><\/li>\n<li style=\"font-weight: 400;\" aria-level=\"1\"><b>3+1<\/b><span style=\"font-weight: 400;\"> | Space <\/span><b>152 m\u00b2<\/b><span style=\"font-weight: 400;\"> Price <\/span><b>$376,000<\/b><\/li>\n<\/ul>\n<h2><b>Project Features<\/b><\/h2>\n<ul>\n<li style=\"font-weight: 400;\" aria-level=\"1\"><span style=\"font-weight: 400;\">Project land area <\/span><b>2,000 m\u00b2<\/b><\/li>\n<li style=\"font-weight: 400;\" aria-level=\"1\"><span style=\"font-weight: 400;\">It consists of <\/span><b>Two buildings<\/b><span style=\"font-weight: 400;\"> At a height of up to <\/span><b>6 floors<\/b><\/li>\n<li style=\"font-weight: 400;\" aria-level=\"1\"><span style=\"font-weight: 400;\">Number of residential apartments <\/span><b>148 apartments<\/b><\/li>\n<li style=\"font-weight: 400;\" aria-level=\"1\"><span style=\"font-weight: 400;\">City views<\/span><\/li>\n<li style=\"font-weight: 400;\" aria-level=\"1\"><span style=\"font-weight: 400;\">Private parking<\/span><\/li>\n<li style=\"font-weight: 400;\" aria-level=\"1\"><span style=\"font-weight: 400;\">Integrated security system with surveillance cameras and guards <\/span><b>24\/7<\/b><\/li>\n<li style=\"font-weight: 400;\" aria-level=\"1\"><span style=\"font-weight: 400;\">Suitable for residential and investment purposes<\/span><span style=\"font-weight: 400;\"><br \/>\n<\/span><\/li>\n<\/ul>\n<h2><b>Site Features<\/b><\/h2>\n<ul>\n<li style=\"font-weight: 400;\" aria-level=\"1\"><b>50 meters<\/b><span style=\"font-weight: 400;\"> To the bus stop<\/span><\/li>\n<li style=\"font-weight: 400;\" aria-level=\"1\"><b>800 meters<\/b><span style=\"font-weight: 400;\"> To the metro station<\/span><\/li>\n<li style=\"font-weight: 400;\" aria-level=\"1\"><b>5 minutes<\/b><span style=\"font-weight: 400;\"> To Taksim Square<\/span><\/li>\n<li style=\"font-weight: 400;\" aria-level=\"1\"><b>6 minutes<\/b><span style=\"font-weight: 400;\"> To Nishanci Street<\/span><\/li>\n<li style=\"font-weight: 400;\" aria-level=\"1\"><b>8 minutes<\/b><span style=\"font-weight: 400;\"> To Jawhar Mall<\/span><\/li>\n<li style=\"font-weight: 400;\" aria-level=\"1\"><b>9 minutes<\/b><span style=\"font-weight: 400;\"> To the Golden Horn<\/span><\/li>\n<li style=\"font-weight: 400;\" aria-level=\"1\"><span style=\"font-weight: 400;\">It is located in <\/span><b>\u015ei\u015fli<\/b><span style=\"font-weight: 400;\"> \u2013 The vibrant heart of Istanbul<\/span><span style=\"font-weight: 400;\"><br \/>\n<\/span><\/li>\n<\/ul>\n<h2><b>Opportunity to obtain Turkish citizenship<\/b><\/h2>\n<p><span style=\"font-weight: 400;\">It is <\/span><b>division by<\/b><span style=\"font-weight: 400;\"> A suitable option for those wishing to obtain <\/span><a href=\"https:\/\/p25r.net\/en\/turkish-citizenship\/\"><b>Turkish citizenship<\/b><\/a><span style=\"font-weight: 400;\"> When you own the property, it has a strong investment value in a central location.<\/span><\/p>\n<h2><b>Project readiness and delivery<\/b><\/h2>\n<ul>\n<li style=\"font-weight: 400;\" aria-level=\"1\"><b>The project is ready for immediate occupancy.<\/b><\/li>\n<li style=\"font-weight: 400;\" aria-level=\"1\"><span style=\"font-weight: 400;\">Payment options <\/span><b>Cash or installments over 6 months<\/b><\/li>\n<li style=\"font-weight: 400;\" aria-level=\"1\"><span style=\"font-weight: 400;\">Suitable for long-term and short-term rentals<\/span><span style=\"font-weight: 400;\"><br \/>\n<\/span><\/li>\n<\/ul>\n<h2><b>Why choose Pulse splitting?<\/b><\/h2>\n<ul>\n<li style=\"font-weight: 400;\" aria-level=\"1\"><span style=\"font-weight: 400;\">Investment site near Taksim and Ni\u015fanta\u015f\u0131<\/span><\/li>\n<li style=\"font-weight: 400;\" aria-level=\"1\"><span style=\"font-weight: 400;\">Residential Apartments with Modern Management<\/span><\/li>\n<li style=\"font-weight: 400;\" aria-level=\"1\"><span style=\"font-weight: 400;\">Proximity to transportation and shopping centers<\/span><\/li>\n<li style=\"font-weight: 400;\" aria-level=\"1\"><span style=\"font-weight: 400;\">Competitive prices compared to the location<\/span><\/li>\n<li style=\"font-weight: 400;\" aria-level=\"1\"><span style=\"font-weight: 400;\">Eligible for Turkish citizenship<\/span><span style=\"font-weight: 400;\">\n<p><\/span><\/li>\n<\/ul>\n<p><b>Don&#039;t miss the opportunity!<\/b><\/p>\n<p><b>Contact us now<\/b><span style=\"font-weight: 400;\"> Get a free real estate consultation about the Bals subdivision project and the available ownership options.<\/span><\/p>","protected":false},"excerpt":{"rendered":"<p>\u062a\u0642\u0633\u064a\u0645 \u0628\u0627\u0644\u0633 \u0634\u064a\u0634\u0644\u064a \u0625\u0633\u0637\u0646\u0628\u0648\u0644 \u0645\u0634\u0631\u0648\u0639 \u0631\u064a\u0632\u064a\u062f\u0646\u062a \u0628\u0645\u0648\u0642\u0639 \u0645\u0631\u0643\u0632\u064a \u0646\u0627\u062f\u0631\u060c \u064a\u0648\u0641\u0651\u0631 \u0634\u0642\u0642\u064b\u0627 \u062d\u062f\u064a\u062b\u0629 \u0642\u0631\u064a\u0628\u0629 \u0645\u0646 \u0645\u064a\u062f\u0627\u0646 \u062a\u0642\u0633\u064a\u0645 \u0648\u0634\u0627\u0631\u0639 \u0646\u064a\u0634\u0627\u0646\u062a\u0634\u064a\u060c \u0645\u0639 \u0633\u0647\u0648\u0644\u0629 \u0627\u0644\u0648\u0635\u0648\u0644 \u0625\u0644\u0649 \u0627\u0644\u0645\u062a\u0631\u0648 \u0648\u0627\u0644\u062e\u062f\u0645\u0627\u062a \u0627\u0644\u062d\u064a\u0648\u064a\u0629\u060c \u0645\u0627 \u064a\u062c\u0639\u0644\u0647 \u062e\u064a\u0627\u0631\u064b\u0627 \u0645\u062b\u0627\u0644\u064a\u064b\u0627 \u0644\u0644\u0633\u0643\u0646 \u0627\u0644\u062d\u0636\u0631\u064a \u0648\u0627\u0644\u0627\u0633\u062a\u062b\u0645\u0627\u0631 \u0639\u0627\u0644\u064a \u0627\u0644\u0639\u0627\u0626\u062f. \u0627\u0644\u0623\u0633\u0639\u0627\u0631 \u0648\u0645\u0633\u0627\u062d\u0627\u062a \u0627\u0644\u0634\u0642\u0642 1+1 | \u0645\u0633\u0627\u062d\u0629 76 \u0645\u00b2 | \u0627\u0644\u0633\u0639\u0631 193,000 \u062f\u0648\u0644\u0627\u0631 2+1 | \u0645\u0633\u0627\u062d\u0629 120 \u0645\u00b2 | \u0627\u0644\u0633\u0639\u0631 265,000 \u062f\u0648\u0644\u0627\u0631 [&hellip;]<\/p>\n","protected":false},"featured_media":18416,"template":"","meta":{"_acf_changed":false},"product_brand":[],"product_cat":[107],"product_tag":[],"class_list":{"0":"post-18489","1":"product","2":"type-product","3":"status-publish","4":"has-post-thumbnail","6":"product_cat-apartments","8":"first","9":"instock","10":"shipping-taxable","11":"purchasable","12":"product-type-simple"},"acf":[],"yoast_head":"<!-- This site is optimized with the Yoast SEO plugin v27.5 - https:\/\/yoast.com\/product\/yoast-seo-wordpress\/ -->\n<title>\u0645\u0634\u0631\u0648\u0639 \u062a\u0642\u0633\u064a\u0645 \u0628\u0627\u0644\u0633 - P25R Investment<\/title>\n<meta name=\"description\" content=\"\u0645\u0634\u0631\u0648\u0639 \u062a\u0642\u0633\u064a\u0645 \u0628\u0627\u0644\u0633 \u0641\u064a \u0634\u064a\u0634\u0644\u064a \u0625\u0633\u0637\u0646\u0628\u0648\u0644 \u064a\u0648\u0641\u0651\u0631 \u0634\u0642\u0642 \u0631\u064a\u0632\u064a\u062f\u0646\u062a \u0642\u0631\u0628 \u0645\u064a\u062f\u0627\u0646 \u062a\u0642\u0633\u064a\u0645 \u0648\u0646\u064a\u0634\u0627\u0646\u062a\u0634\u064a\u060c \u0645\u0648\u0642\u0639 \u0645\u0631\u0643\u0632\u064a \u0645\u062b\u0627\u0644\u064a \u0644\u0644\u0627\u0633\u062a\u062b\u0645\u0627\u0631 \u0627\u0644\u0639\u0642\u0627\u0631\u064a \u0648\u0645\u0624\u0647\u0644 \u0644\u0644\u062d\u0635\u0648\u0644 \u0639\u0644\u0649 \u0627\u0644\u062c\u0646\u0633\u064a\u0629 \u0627\u0644\u062a\u0631\u0643\u064a\u0629.\" \/>\n<meta name=\"robots\" content=\"index, follow, max-snippet:-1, max-image-preview:large, max-video-preview:-1\" \/>\n<link rel=\"canonical\" href=\"https:\/\/p25r.net\/en\/istanbul-properties\/taksim-palas-project\/\" \/>\n<meta property=\"og:locale\" content=\"en_US\" \/>\n<meta property=\"og:type\" content=\"article\" \/>\n<meta property=\"og:title\" content=\"\u0645\u0634\u0631\u0648\u0639 \u062a\u0642\u0633\u064a\u0645 \u0628\u0627\u0644\u0633 - P25R Investment\" \/>\n<meta property=\"og:description\" content=\"\u0645\u0634\u0631\u0648\u0639 \u062a\u0642\u0633\u064a\u0645 \u0628\u0627\u0644\u0633 \u0641\u064a \u0634\u064a\u0634\u0644\u064a \u0625\u0633\u0637\u0646\u0628\u0648\u0644 \u064a\u0648\u0641\u0651\u0631 \u0634\u0642\u0642 \u0631\u064a\u0632\u064a\u062f\u0646\u062a \u0642\u0631\u0628 \u0645\u064a\u062f\u0627\u0646 \u062a\u0642\u0633\u064a\u0645 \u0648\u0646\u064a\u0634\u0627\u0646\u062a\u0634\u064a\u060c \u0645\u0648\u0642\u0639 \u0645\u0631\u0643\u0632\u064a \u0645\u062b\u0627\u0644\u064a \u0644\u0644\u0627\u0633\u062a\u062b\u0645\u0627\u0631 \u0627\u0644\u0639\u0642\u0627\u0631\u064a \u0648\u0645\u0624\u0647\u0644 \u0644\u0644\u062d\u0635\u0648\u0644 \u0639\u0644\u0649 \u0627\u0644\u062c\u0646\u0633\u064a\u0629 \u0627\u0644\u062a\u0631\u0643\u064a\u0629.\" \/>\n<meta property=\"og:url\" content=\"https:\/\/p25r.net\/en\/istanbul-properties\/taksim-palas-project\/\" \/>\n<meta property=\"og:site_name\" content=\"P25R Investment\" \/>\n<meta property=\"article:publisher\" content=\"https:\/\/www.facebook.com\/share\/19srpNag5p\/?mibextid=wwXIfr\" \/>\n<meta property=\"og:image\" content=\"https:\/\/p25r.net\/wp-content\/uploads\/2025\/11\/taksim-palas.jpg\" \/>\n\t<meta property=\"og:image:width\" content=\"800\" \/>\n\t<meta property=\"og:image:height\" content=\"800\" \/>\n\t<meta property=\"og:image:type\" content=\"image\/jpeg\" \/>\n<meta name=\"twitter:card\" content=\"summary_large_image\" \/>\n<script type=\"application\/ld+json\" class=\"yoast-schema-graph\">{\"@context\":\"https:\\\/\\\/schema.org\",\"@graph\":[{\"@type\":\"WebPage\",\"@id\":\"https:\\\/\\\/p25r.net\\\/istanbul-properties\\\/taksim-palas-project\\\/\",\"url\":\"https:\\\/\\\/p25r.net\\\/istanbul-properties\\\/taksim-palas-project\\\/\",\"name\":\"\u0645\u0634\u0631\u0648\u0639 \u062a\u0642\u0633\u064a\u0645 \u0628\u0627\u0644\u0633 - P25R Investment\",\"isPartOf\":{\"@id\":\"https:\\\/\\\/p25r.net\\\/#website\"},\"primaryImageOfPage\":{\"@id\":\"https:\\\/\\\/p25r.net\\\/istanbul-properties\\\/taksim-palas-project\\\/#primaryimage\"},\"image\":{\"@id\":\"https:\\\/\\\/p25r.net\\\/istanbul-properties\\\/taksim-palas-project\\\/#primaryimage\"},\"thumbnailUrl\":\"https:\\\/\\\/p25r.net\\\/wp-content\\\/uploads\\\/2025\\\/11\\\/taksim-palas.jpg\",\"datePublished\":\"2026-01-25T18:53:33+00:00\",\"description\":\"\u0645\u0634\u0631\u0648\u0639 \u062a\u0642\u0633\u064a\u0645 \u0628\u0627\u0644\u0633 \u0641\u064a \u0634\u064a\u0634\u0644\u064a \u0625\u0633\u0637\u0646\u0628\u0648\u0644 \u064a\u0648\u0641\u0651\u0631 \u0634\u0642\u0642 \u0631\u064a\u0632\u064a\u062f\u0646\u062a \u0642\u0631\u0628 \u0645\u064a\u062f\u0627\u0646 \u062a\u0642\u0633\u064a\u0645 \u0648\u0646\u064a\u0634\u0627\u0646\u062a\u0634\u064a\u060c \u0645\u0648\u0642\u0639 \u0645\u0631\u0643\u0632\u064a \u0645\u062b\u0627\u0644\u064a \u0644\u0644\u0627\u0633\u062a\u062b\u0645\u0627\u0631 \u0627\u0644\u0639\u0642\u0627\u0631\u064a \u0648\u0645\u0624\u0647\u0644 \u0644\u0644\u062d\u0635\u0648\u0644 \u0639\u0644\u0649 \u0627\u0644\u062c\u0646\u0633\u064a\u0629 \u0627\u0644\u062a\u0631\u0643\u064a\u0629.\",\"breadcrumb\":{\"@id\":\"https:\\\/\\\/p25r.net\\\/istanbul-properties\\\/taksim-palas-project\\\/#breadcrumb\"},\"inLanguage\":\"en-US\",\"potentialAction\":[{\"@type\":\"ReadAction\",\"target\":[\"https:\\\/\\\/p25r.net\\\/istanbul-properties\\\/taksim-palas-project\\\/\"]}]},{\"@type\":\"ImageObject\",\"inLanguage\":\"en-US\",\"@id\":\"https:\\\/\\\/p25r.net\\\/istanbul-properties\\\/taksim-palas-project\\\/#primaryimage\",\"url\":\"https:\\\/\\\/p25r.net\\\/wp-content\\\/uploads\\\/2025\\\/11\\\/taksim-palas.jpg\",\"contentUrl\":\"https:\\\/\\\/p25r.net\\\/wp-content\\\/uploads\\\/2025\\\/11\\\/taksim-palas.jpg\",\"width\":800,\"height\":800,\"caption\":\"\u0645\u0634\u0631\u0648\u0639 \u062a\u0642\u0633\u064a\u0645 \u0628\u0627\u0644\u0633 \u2013 \u0634\u0642\u0642 \u0631\u064a\u0632\u064a\u062f\u0646\u062a \u0627\u0633\u062a\u062b\u0645\u0627\u0631\u064a\u0629 \u0642\u0631\u0628 \u0645\u064a\u062f\u0627\u0646 \u062a\u0642\u0633\u064a\u0645 \u0641\u064a \u0634\u064a\u0634\u0644\u064a \u0625\u0633\u0637\u0646\u0628\u0648\u0644\"},{\"@type\":\"BreadcrumbList\",\"@id\":\"https:\\\/\\\/p25r.net\\\/istanbul-properties\\\/taksim-palas-project\\\/#breadcrumb\",\"itemListElement\":[{\"@type\":\"ListItem\",\"position\":1,\"name\":\"\u0627\u0644\u0631\u0626\u064a\u0633\u064a\u0629\",\"item\":\"https:\\\/\\\/p25r.net\\\/\"},{\"@type\":\"ListItem\",\"position\":2,\"name\":\"\u0639\u0642\u0627\u0631\u0627\u062a \u0627\u0633\u0637\u0646\u0628\u0648\u0644\",\"item\":\"https:\\\/\\\/p25r.net\\\/istanbul-properties\\\/\"},{\"@type\":\"ListItem\",\"position\":3,\"name\":\"\u0645\u0634\u0631\u0648\u0639 \u062a\u0642\u0633\u064a\u0645 \u0628\u0627\u0644\u0633\"}]},{\"@type\":\"WebSite\",\"@id\":\"https:\\\/\\\/p25r.net\\\/#website\",\"url\":\"https:\\\/\\\/p25r.net\\\/\",\"name\":\"P25R Investment\",\"description\":\"\u0639\u0642\u0627\u0631\u0627\u062a \u0627\u0633\u0637\u0646\u0628\u0648\u0644\",\"publisher\":{\"@id\":\"https:\\\/\\\/p25r.net\\\/#organization\"},\"alternateName\":\"P25R \u0644\u0644\u0627\u0633\u062a\u062b\u0645\u0627\u0631 \u0627\u0644\u0639\u0642\u0627\u0631\u064a \u0641\u064a \u0625\u0633\u0637\u0646\u0628\u0648\u0644\",\"potentialAction\":[{\"@type\":\"SearchAction\",\"target\":{\"@type\":\"EntryPoint\",\"urlTemplate\":\"https:\\\/\\\/p25r.net\\\/?s={search_term_string}\"},\"query-input\":{\"@type\":\"PropertyValueSpecification\",\"valueRequired\":true,\"valueName\":\"search_term_string\"}}],\"inLanguage\":\"en-US\"},{\"@type\":\"Organization\",\"@id\":\"https:\\\/\\\/p25r.net\\\/#organization\",\"name\":\"\u0634\u0631\u0643\u0629 P25R \u0644\u0644\u0627\u0633\u062a\u062b\u0645\u0627\u0631 \u0627\u0644\u0639\u0642\u0627\u0631\u064a\",\"alternateName\":\"\u0639\u0642\u0627\u0631\u0627\u062a \u0627\u0633\u0637\u0646\u0628\u0648\u0644 P25R\",\"url\":\"https:\\\/\\\/p25r.net\\\/\",\"logo\":{\"@type\":\"ImageObject\",\"inLanguage\":\"en-US\",\"@id\":\"https:\\\/\\\/p25r.net\\\/#\\\/schema\\\/logo\\\/image\\\/\",\"url\":\"https:\\\/\\\/p25r.net\\\/wp-content\\\/uploads\\\/2025\\\/05\\\/p25r-logo-e1747079772978.png\",\"contentUrl\":\"https:\\\/\\\/p25r.net\\\/wp-content\\\/uploads\\\/2025\\\/05\\\/p25r-logo-e1747079772978.png\",\"width\":1013,\"height\":740,\"caption\":\"\u0634\u0631\u0643\u0629 P25R \u0644\u0644\u0627\u0633\u062a\u062b\u0645\u0627\u0631 \u0627\u0644\u0639\u0642\u0627\u0631\u064a\"},\"image\":{\"@id\":\"https:\\\/\\\/p25r.net\\\/#\\\/schema\\\/logo\\\/image\\\/\"},\"sameAs\":[\"https:\\\/\\\/www.facebook.com\\\/share\\\/19srpNag5p\\\/?mibextid=wwXIfr\",\"https:\\\/\\\/www.instagram.com\\\/p25r\"]}]}<\/script>\n<!-- \/ Yoast SEO plugin. -->","yoast_head_json":{"title":"\u0645\u0634\u0631\u0648\u0639 \u062a\u0642\u0633\u064a\u0645 \u0628\u0627\u0644\u0633 - P25R Investment","description":"\u0645\u0634\u0631\u0648\u0639 \u062a\u0642\u0633\u064a\u0645 \u0628\u0627\u0644\u0633 \u0641\u064a \u0634\u064a\u0634\u0644\u064a \u0625\u0633\u0637\u0646\u0628\u0648\u0644 \u064a\u0648\u0641\u0651\u0631 \u0634\u0642\u0642 \u0631\u064a\u0632\u064a\u062f\u0646\u062a \u0642\u0631\u0628 \u0645\u064a\u062f\u0627\u0646 \u062a\u0642\u0633\u064a\u0645 \u0648\u0646\u064a\u0634\u0627\u0646\u062a\u0634\u064a\u060c \u0645\u0648\u0642\u0639 \u0645\u0631\u0643\u0632\u064a \u0645\u062b\u0627\u0644\u064a \u0644\u0644\u0627\u0633\u062a\u062b\u0645\u0627\u0631 \u0627\u0644\u0639\u0642\u0627\u0631\u064a \u0648\u0645\u0624\u0647\u0644 \u0644\u0644\u062d\u0635\u0648\u0644 \u0639\u0644\u0649 \u0627\u0644\u062c\u0646\u0633\u064a\u0629 \u0627\u0644\u062a\u0631\u0643\u064a\u0629.","robots":{"index":"index","follow":"follow","max-snippet":"max-snippet:-1","max-image-preview":"max-image-preview:large","max-video-preview":"max-video-preview:-1"},"canonical":"https:\/\/p25r.net\/en\/istanbul-properties\/taksim-palas-project\/","og_locale":"en_US","og_type":"article","og_title":"\u0645\u0634\u0631\u0648\u0639 \u062a\u0642\u0633\u064a\u0645 \u0628\u0627\u0644\u0633 - P25R Investment","og_description":"\u0645\u0634\u0631\u0648\u0639 \u062a\u0642\u0633\u064a\u0645 \u0628\u0627\u0644\u0633 \u0641\u064a \u0634\u064a\u0634\u0644\u064a \u0625\u0633\u0637\u0646\u0628\u0648\u0644 \u064a\u0648\u0641\u0651\u0631 \u0634\u0642\u0642 \u0631\u064a\u0632\u064a\u062f\u0646\u062a \u0642\u0631\u0628 \u0645\u064a\u062f\u0627\u0646 \u062a\u0642\u0633\u064a\u0645 \u0648\u0646\u064a\u0634\u0627\u0646\u062a\u0634\u064a\u060c \u0645\u0648\u0642\u0639 \u0645\u0631\u0643\u0632\u064a \u0645\u062b\u0627\u0644\u064a \u0644\u0644\u0627\u0633\u062a\u062b\u0645\u0627\u0631 \u0627\u0644\u0639\u0642\u0627\u0631\u064a \u0648\u0645\u0624\u0647\u0644 \u0644\u0644\u062d\u0635\u0648\u0644 \u0639\u0644\u0649 \u0627\u0644\u062c\u0646\u0633\u064a\u0629 \u0627\u0644\u062a\u0631\u0643\u064a\u0629.","og_url":"https:\/\/p25r.net\/en\/istanbul-properties\/taksim-palas-project\/","og_site_name":"P25R Investment","article_publisher":"https:\/\/www.facebook.com\/share\/19srpNag5p\/?mibextid=wwXIfr","og_image":[{"width":800,"height":800,"url":"https:\/\/p25r.net\/wp-content\/uploads\/2025\/11\/taksim-palas.jpg","type":"image\/jpeg"}],"twitter_card":"summary_large_image","schema":{"@context":"https:\/\/schema.org","@graph":[{"@type":"WebPage","@id":"https:\/\/p25r.net\/istanbul-properties\/taksim-palas-project\/","url":"https:\/\/p25r.net\/istanbul-properties\/taksim-palas-project\/","name":"\u0645\u0634\u0631\u0648\u0639 \u062a\u0642\u0633\u064a\u0645 \u0628\u0627\u0644\u0633 - P25R Investment","isPartOf":{"@id":"https:\/\/p25r.net\/#website"},"primaryImageOfPage":{"@id":"https:\/\/p25r.net\/istanbul-properties\/taksim-palas-project\/#primaryimage"},"image":{"@id":"https:\/\/p25r.net\/istanbul-properties\/taksim-palas-project\/#primaryimage"},"thumbnailUrl":"https:\/\/p25r.net\/wp-content\/uploads\/2025\/11\/taksim-palas.jpg","datePublished":"2026-01-25T18:53:33+00:00","description":"\u0645\u0634\u0631\u0648\u0639 \u062a\u0642\u0633\u064a\u0645 \u0628\u0627\u0644\u0633 \u0641\u064a \u0634\u064a\u0634\u0644\u064a \u0625\u0633\u0637\u0646\u0628\u0648\u0644 \u064a\u0648\u0641\u0651\u0631 \u0634\u0642\u0642 \u0631\u064a\u0632\u064a\u062f\u0646\u062a \u0642\u0631\u0628 \u0645\u064a\u062f\u0627\u0646 \u062a\u0642\u0633\u064a\u0645 \u0648\u0646\u064a\u0634\u0627\u0646\u062a\u0634\u064a\u060c \u0645\u0648\u0642\u0639 \u0645\u0631\u0643\u0632\u064a \u0645\u062b\u0627\u0644\u064a \u0644\u0644\u0627\u0633\u062a\u062b\u0645\u0627\u0631 \u0627\u0644\u0639\u0642\u0627\u0631\u064a \u0648\u0645\u0624\u0647\u0644 \u0644\u0644\u062d\u0635\u0648\u0644 \u0639\u0644\u0649 \u0627\u0644\u062c\u0646\u0633\u064a\u0629 \u0627\u0644\u062a\u0631\u0643\u064a\u0629.","breadcrumb":{"@id":"https:\/\/p25r.net\/istanbul-properties\/taksim-palas-project\/#breadcrumb"},"inLanguage":"en-US","potentialAction":[{"@type":"ReadAction","target":["https:\/\/p25r.net\/istanbul-properties\/taksim-palas-project\/"]}]},{"@type":"ImageObject","inLanguage":"en-US","@id":"https:\/\/p25r.net\/istanbul-properties\/taksim-palas-project\/#primaryimage","url":"https:\/\/p25r.net\/wp-content\/uploads\/2025\/11\/taksim-palas.jpg","contentUrl":"https:\/\/p25r.net\/wp-content\/uploads\/2025\/11\/taksim-palas.jpg","width":800,"height":800,"caption":"\u0645\u0634\u0631\u0648\u0639 \u062a\u0642\u0633\u064a\u0645 \u0628\u0627\u0644\u0633 \u2013 \u0634\u0642\u0642 \u0631\u064a\u0632\u064a\u062f\u0646\u062a \u0627\u0633\u062a\u062b\u0645\u0627\u0631\u064a\u0629 \u0642\u0631\u0628 \u0645\u064a\u062f\u0627\u0646 \u062a\u0642\u0633\u064a\u0645 \u0641\u064a \u0634\u064a\u0634\u0644\u064a \u0625\u0633\u0637\u0646\u0628\u0648\u0644"},{"@type":"BreadcrumbList","@id":"https:\/\/p25r.net\/istanbul-properties\/taksim-palas-project\/#breadcrumb","itemListElement":[{"@type":"ListItem","position":1,"name":"\u0627\u0644\u0631\u0626\u064a\u0633\u064a\u0629","item":"https:\/\/p25r.net\/"},{"@type":"ListItem","position":2,"name":"\u0639\u0642\u0627\u0631\u0627\u062a \u0627\u0633\u0637\u0646\u0628\u0648\u0644","item":"https:\/\/p25r.net\/istanbul-properties\/"},{"@type":"ListItem","position":3,"name":"\u0645\u0634\u0631\u0648\u0639 \u062a\u0642\u0633\u064a\u0645 \u0628\u0627\u0644\u0633"}]},{"@type":"WebSite","@id":"https:\/\/p25r.net\/#website","url":"https:\/\/p25r.net\/","name":"P25R Investment","description":"Istanbul Real Estate","publisher":{"@id":"https:\/\/p25r.net\/#organization"},"alternateName":"P25R \u0644\u0644\u0627\u0633\u062a\u062b\u0645\u0627\u0631 \u0627\u0644\u0639\u0642\u0627\u0631\u064a \u0641\u064a \u0625\u0633\u0637\u0646\u0628\u0648\u0644","potentialAction":[{"@type":"SearchAction","target":{"@type":"EntryPoint","urlTemplate":"https:\/\/p25r.net\/?s={search_term_string}"},"query-input":{"@type":"PropertyValueSpecification","valueRequired":true,"valueName":"search_term_string"}}],"inLanguage":"en-US"},{"@type":"Organization","@id":"https:\/\/p25r.net\/#organization","name":"P25R Real Estate Investment Company","alternateName":"\u0639\u0642\u0627\u0631\u0627\u062a \u0627\u0633\u0637\u0646\u0628\u0648\u0644 P25R","url":"https:\/\/p25r.net\/","logo":{"@type":"ImageObject","inLanguage":"en-US","@id":"https:\/\/p25r.net\/#\/schema\/logo\/image\/","url":"https:\/\/p25r.net\/wp-content\/uploads\/2025\/05\/p25r-logo-e1747079772978.png","contentUrl":"https:\/\/p25r.net\/wp-content\/uploads\/2025\/05\/p25r-logo-e1747079772978.png","width":1013,"height":740,"caption":"\u0634\u0631\u0643\u0629 P25R \u0644\u0644\u0627\u0633\u062a\u062b\u0645\u0627\u0631 \u0627\u0644\u0639\u0642\u0627\u0631\u064a"},"image":{"@id":"https:\/\/p25r.net\/#\/schema\/logo\/image\/"},"sameAs":["https:\/\/www.facebook.com\/share\/19srpNag5p\/?mibextid=wwXIfr","https:\/\/www.instagram.com\/p25r"]}]}},"_links":{"self":[{"href":"https:\/\/p25r.net\/en\/wp-json\/wp\/v2\/product\/18489","targetHints":{"allow":["GET"]}}],"collection":[{"href":"https:\/\/p25r.net\/en\/wp-json\/wp\/v2\/product"}],"about":[{"href":"https:\/\/p25r.net\/en\/wp-json\/wp\/v2\/types\/product"}],"version-history":[{"count":3,"href":"https:\/\/p25r.net\/en\/wp-json\/wp\/v2\/product\/18489\/revisions"}],"predecessor-version":[{"id":18614,"href":"https:\/\/p25r.net\/en\/wp-json\/wp\/v2\/product\/18489\/revisions\/18614"}],"wp:featuredmedia":[{"embeddable":true,"href":"https:\/\/p25r.net\/en\/wp-json\/wp\/v2\/media\/18416"}],"wp:attachment":[{"href":"https:\/\/p25r.net\/en\/wp-json\/wp\/v2\/media?parent=18489"}],"wp:term":[{"taxonomy":"product_brand","embeddable":true,"href":"https:\/\/p25r.net\/en\/wp-json\/wp\/v2\/product_brand?post=18489"},{"taxonomy":"product_cat","embeddable":true,"href":"https:\/\/p25r.net\/en\/wp-json\/wp\/v2\/product_cat?post=18489"},{"taxonomy":"product_tag","embeddable":true,"href":"https:\/\/p25r.net\/en\/wp-json\/wp\/v2\/product_tag?post=18489"}],"curies":[{"name":"wp","href":"https:\/\/api.w.org\/{rel}","templated":true}]}}