{"id":18441,"date":"2026-01-25T13:43:27","date_gmt":"2026-01-25T10:43:27","guid":{"rendered":"https:\/\/p25r.net\/?post_type=product&#038;p=18441"},"modified":"2026-01-25T13:43:27","modified_gmt":"2026-01-25T10:43:27","slug":"boulevard-istanbul-project","status":"publish","type":"product","link":"https:\/\/p25r.net\/en\/istanbul-properties\/boulevard-istanbul-project\/","title":{"rendered":"Istanbul Boulevard Project"},"content":{"rendered":"<p><b>Istanbul Boulevard Beykent \u2013 Beylikd\u00fcz\u00fc<\/b><span style=\"font-weight: 400;\"> A residential and commercial office project in a vital location close to the Metrobus, with sea and city views and integrated services, suitable for modern living and commercial investment on the European side of Istanbul.<\/span><\/p>\n<h2><b>Prices and unit sizes<\/b><\/h2>\n<ul>\n<li style=\"font-weight: 400;\" aria-level=\"1\"><b>0+1<\/b><span style=\"font-weight: 400;\"> | Space <\/span><b>74 m\u00b2<\/b><span style=\"font-weight: 400;\"> Price <\/span><b>$145,000<\/b><\/li>\n<li style=\"font-weight: 400;\" aria-level=\"1\"><b>1+1<\/b><span style=\"font-weight: 400;\"> | Space <\/span><b>88 m\u00b2<\/b><span style=\"font-weight: 400;\"> Price <\/span><b>$204,000<\/b><\/li>\n<li style=\"font-weight: 400;\" aria-level=\"1\"><b>2+1<\/b><span style=\"font-weight: 400;\"> | Space <\/span><b>109 m\u00b2<\/b><span style=\"font-weight: 400;\"> Price <\/span><b>$235,000<\/b><\/li>\n<li style=\"font-weight: 400;\" aria-level=\"1\"><b>3+1<\/b><span style=\"font-weight: 400;\"> | Space <\/span><b>177 m\u00b2<\/b><span style=\"font-weight: 400;\"> Price <\/span><b>$460,000<\/b><\/li>\n<li style=\"font-weight: 400;\" aria-level=\"1\"><b>4+1<\/b><span style=\"font-weight: 400;\"> | Space <\/span><b>208 m\u00b2<\/b><span style=\"font-weight: 400;\"> Price <\/span><b>$680,000<\/b><b><br \/>\n<\/b><\/li>\n<\/ul>\n<h2><b>Project Features<\/b><\/h2>\n<ul>\n<li style=\"font-weight: 400;\" aria-level=\"1\"><span style=\"font-weight: 400;\">Project land area <\/span><b>9,600 m\u00b2<\/b><\/li>\n<li style=\"font-weight: 400;\" aria-level=\"1\"><span style=\"font-weight: 400;\">One building up to a height of <\/span><b>9 floors<\/b><\/li>\n<li style=\"font-weight: 400;\" aria-level=\"1\"><span style=\"font-weight: 400;\">Number of apartments <\/span><b>90 apartments<\/b><\/li>\n<li style=\"font-weight: 400;\" aria-level=\"1\"><span style=\"font-weight: 400;\">Number of shops <\/span><b>10 shops<\/b><\/li>\n<li style=\"font-weight: 400;\" aria-level=\"1\"><span style=\"font-weight: 400;\">Sea and city views<\/span><\/li>\n<li style=\"font-weight: 400;\" aria-level=\"1\"><span style=\"font-weight: 400;\">Restaurants and cafes to serve the project<\/span><\/li>\n<li style=\"font-weight: 400;\" aria-level=\"1\"><span style=\"font-weight: 400;\">Outdoor suspended swimming pool<\/span><\/li>\n<li style=\"font-weight: 400;\" aria-level=\"1\"><span style=\"font-weight: 400;\">Sauna and Turkish bath<\/span><\/li>\n<li style=\"font-weight: 400;\" aria-level=\"1\"><span style=\"font-weight: 400;\">Fitness center<\/span><\/li>\n<li style=\"font-weight: 400;\" aria-level=\"1\"><span style=\"font-weight: 400;\">Integrated security system with surveillance cameras and guards <\/span><b>24\/7<\/b><b><br \/>\n<\/b><\/li>\n<\/ul>\n<h2><b>Site Features<\/b><\/h2>\n<ul>\n<li style=\"font-weight: 400;\" aria-level=\"1\"><b>50 meters<\/b><span style=\"font-weight: 400;\"> To the Metrobus station<\/span><\/li>\n<li style=\"font-weight: 400;\" aria-level=\"1\"><b>900 meters<\/b><span style=\"font-weight: 400;\"> To the Metrobus station<\/span><\/li>\n<li style=\"font-weight: 400;\" aria-level=\"1\"><b>10 minutes<\/b><span style=\"font-weight: 400;\"> To the coast of B\u00fcy\u00fck\u00e7ekmece<\/span><\/li>\n<li style=\"font-weight: 400;\" aria-level=\"1\"><b>45 minutes<\/b><span style=\"font-weight: 400;\"> To Istanbul European Airport<\/span><\/li>\n<li style=\"font-weight: 400;\" aria-level=\"1\"><span style=\"font-weight: 400;\">It is located in <\/span><b>Beylikd\u00fcz\u00fc<\/b><span style=\"font-weight: 400;\"> (A well-served area close to transportation)<\/span><span style=\"font-weight: 400;\"><br \/>\n<\/span><\/li>\n<\/ul>\n<h2><strong>Opportunity to obtain Turkish citizenship<\/strong><\/h2>\n<p><span style=\"font-weight: 400;\">It is <\/span><b>Istanbul Boulevard<\/b><span style=\"font-weight: 400;\"> A suitable option for those wishing to obtain <\/span><a href=\"https:\/\/p25r.net\/en\/turkish-citizenship\/\"><b>Turkish citizenship<\/b><\/a><span style=\"font-weight: 400;\"> Owning the property enhances the investment viability of the project.<\/span><\/p>\n<h2><b>Project readiness and delivery<\/b><\/h2>\n<ul>\n<li style=\"font-weight: 400;\" aria-level=\"1\"><b>Delivery date: 12\/2025<\/b><\/li>\n<li style=\"font-weight: 400;\" aria-level=\"1\"><span style=\"font-weight: 400;\">Payment options <\/span><b>Cash or installments over 12 months<\/b><\/li>\n<li style=\"font-weight: 400;\" aria-level=\"1\"><span style=\"font-weight: 400;\">Suitable for commercial offices and residences near the Metrobus<\/span><span style=\"font-weight: 400;\"><br \/>\n<\/span><\/li>\n<\/ul>\n<h2><b>Why choose Boulevard Istanbul?<\/b><\/h2>\n<ul>\n<li style=\"font-weight: 400;\" aria-level=\"1\"><span style=\"font-weight: 400;\">Direct location near the Metrobus<\/span><\/li>\n<li style=\"font-weight: 400;\" aria-level=\"1\"><span style=\"font-weight: 400;\">Residential units and offices in one project<\/span><\/li>\n<li style=\"font-weight: 400;\" aria-level=\"1\"><span style=\"font-weight: 400;\">Sea views and integrated services<\/span><\/li>\n<li style=\"font-weight: 400;\" aria-level=\"1\"><span style=\"font-weight: 400;\">Space options suitable for investment and business<\/span><\/li>\n<li style=\"font-weight: 400;\" aria-level=\"1\"><span style=\"font-weight: 400;\">Eligible for Turkish citizenship<\/span><span style=\"font-weight: 400;\">\n<p><\/span><\/li>\n<\/ul>\n<p><b>Don&#039;t miss the opportunity!<\/b><\/p>\n<p><b>Contact us now<\/b><span style=\"font-weight: 400;\"> Get a free real estate consultation about the Istanbul Salaf project and the available ownership options.<\/span><\/p>","protected":false},"excerpt":{"rendered":"<p>\u0628\u0648\u0644\u064a\u0641\u0627\u0631 \u0625\u0633\u0637\u0646\u0628\u0648\u0644 \u0628\u064a\u0643\u0646\u062a \u2013 \u0628\u064a\u0644\u064a\u0643\u062f\u0648\u0632\u0648 \u0645\u0634\u0631\u0648\u0639 \u0631\u064a\u0633\u064a\u062f\u0646\u062a \u0648\u0645\u0643\u0627\u062a\u0628 \u062a\u062c\u0627\u0631\u064a\u0629 \u0641\u064a \u0645\u0648\u0642\u0639 \u062d\u064a\u0648\u064a \u0642\u0631\u064a\u0628 \u0645\u0646 \u0627\u0644\u0645\u064a\u062a\u0631\u0648\u0628\u0627\u0635\u060c \u0628\u0625\u0637\u0644\u0627\u0644\u0627\u062a \u0639\u0644\u0649 \u0627\u0644\u0628\u062d\u0631 \u0648\u0627\u0644\u0645\u062f\u064a\u0646\u0629 \u0648\u062e\u062f\u0645\u0627\u062a \u0645\u062a\u0643\u0627\u0645\u0644\u0629\u060c \u0645\u0646\u0627\u0633\u0628 \u0644\u0644\u0633\u0643\u0646 \u0627\u0644\u0639\u0635\u0631\u064a \u0648\u0627\u0644\u0627\u0633\u062a\u062b\u0645\u0627\u0631 \u0627\u0644\u062a\u062c\u0627\u0631\u064a \u0641\u064a \u0627\u0644\u062c\u0627\u0646\u0628 \u0627\u0644\u0623\u0648\u0631\u0648\u0628\u064a \u0645\u0646 \u0625\u0633\u0637\u0646\u0628\u0648\u0644. \u0627\u0644\u0623\u0633\u0639\u0627\u0631 \u0648\u0645\u0633\u0627\u062d\u0627\u062a \u0627\u0644\u0648\u062d\u062f\u0627\u062a 0+1 | \u0645\u0633\u0627\u062d\u0629 74 \u0645\u00b2 | \u0627\u0644\u0633\u0639\u0631 145,000 \u062f\u0648\u0644\u0627\u0631 1+1 | \u0645\u0633\u0627\u062d\u0629 88 \u0645\u00b2 | \u0627\u0644\u0633\u0639\u0631 204,000 \u062f\u0648\u0644\u0627\u0631 2+1 | \u0645\u0633\u0627\u062d\u0629 [&hellip;]<\/p>\n","protected":false},"featured_media":18302,"template":"","meta":{"_acf_changed":false},"product_brand":[],"product_cat":[107,110],"product_tag":[],"class_list":{"0":"post-18441","1":"product","2":"type-product","3":"status-publish","4":"has-post-thumbnail","6":"product_cat-apartments","7":"product_cat-commercial-offices","9":"first","10":"instock","11":"shipping-taxable","12":"purchasable","13":"product-type-simple"},"acf":[],"yoast_head":"<!-- This site is optimized with the Yoast SEO plugin v27.5 - https:\/\/yoast.com\/product\/yoast-seo-wordpress\/ -->\n<title>\u0645\u0634\u0631\u0648\u0639 \u0628\u0648\u0644\u064a\u0641\u0627\u0631 \u0627\u0633\u0637\u0646\u0628\u0648\u0644 - P25R Investment<\/title>\n<meta name=\"description\" content=\"\u0628\u0648\u0644\u064a\u0641\u0627\u0631 \u0627\u0633\u0637\u0646\u0628\u0648\u0644 \u0628\u064a\u0643\u0646\u062a \u0628\u064a\u0644\u064a\u0643\u062f\u0648\u0632\u0648 \u0645\u0634\u0631\u0648\u0639 \u0631\u064a\u0633\u064a\u062f\u0646\u062a \u0648\u0645\u0643\u0627\u062a\u0628 \u062a\u062c\u0627\u0631\u064a\u0629 \u0642\u0631\u064a\u0628 \u0645\u0646 \u0627\u0644\u0645\u064a\u062a\u0631\u0648\u0628\u0627\u0635\u060c \u0625\u0637\u0644\u0627\u0644\u0627\u062a \u0639\u0644\u0649 \u0627\u0644\u0628\u062d\u0631 \u0648\u0627\u0644\u0645\u062f\u064a\u0646\u0629\u060c \u0645\u0646\u0627\u0633\u0628 \u0644\u0644\u0633\u0643\u0646 \u0627\u0644\u0639\u0635\u0631\u064a \u0648\u0627\u0644\u0627\u0633\u062a\u062b\u0645\u0627\u0631 \u0627\u0644\u062a\u062c\u0627\u0631\u064a\" \/>\n<meta name=\"robots\" content=\"index, follow, max-snippet:-1, max-image-preview:large, max-video-preview:-1\" \/>\n<link rel=\"canonical\" href=\"https:\/\/p25r.net\/en\/istanbul-properties\/boulevard-istanbul-project\/\" \/>\n<meta property=\"og:locale\" content=\"en_US\" \/>\n<meta property=\"og:type\" content=\"article\" \/>\n<meta property=\"og:title\" content=\"\u0645\u0634\u0631\u0648\u0639 \u0628\u0648\u0644\u064a\u0641\u0627\u0631 \u0627\u0633\u0637\u0646\u0628\u0648\u0644 - P25R Investment\" \/>\n<meta property=\"og:description\" content=\"\u0628\u0648\u0644\u064a\u0641\u0627\u0631 \u0627\u0633\u0637\u0646\u0628\u0648\u0644 \u0628\u064a\u0643\u0646\u062a \u0628\u064a\u0644\u064a\u0643\u062f\u0648\u0632\u0648 \u0645\u0634\u0631\u0648\u0639 \u0631\u064a\u0633\u064a\u062f\u0646\u062a \u0648\u0645\u0643\u0627\u062a\u0628 \u062a\u062c\u0627\u0631\u064a\u0629 \u0642\u0631\u064a\u0628 \u0645\u0646 \u0627\u0644\u0645\u064a\u062a\u0631\u0648\u0628\u0627\u0635\u060c \u0625\u0637\u0644\u0627\u0644\u0627\u062a \u0639\u0644\u0649 \u0627\u0644\u0628\u062d\u0631 \u0648\u0627\u0644\u0645\u062f\u064a\u0646\u0629\u060c \u0645\u0646\u0627\u0633\u0628 \u0644\u0644\u0633\u0643\u0646 \u0627\u0644\u0639\u0635\u0631\u064a \u0648\u0627\u0644\u0627\u0633\u062a\u062b\u0645\u0627\u0631 \u0627\u0644\u062a\u062c\u0627\u0631\u064a\" \/>\n<meta property=\"og:url\" content=\"https:\/\/p25r.net\/en\/istanbul-properties\/boulevard-istanbul-project\/\" \/>\n<meta property=\"og:site_name\" content=\"P25R Investment\" \/>\n<meta property=\"article:publisher\" content=\"https:\/\/www.facebook.com\/share\/19srpNag5p\/?mibextid=wwXIfr\" \/>\n<meta property=\"og:image\" content=\"https:\/\/p25r.net\/wp-content\/uploads\/2025\/11\/boulevard-Istanbul-details.jpg\" \/>\n\t<meta property=\"og:image:width\" content=\"800\" \/>\n\t<meta property=\"og:image:height\" content=\"800\" \/>\n\t<meta property=\"og:image:type\" content=\"image\/jpeg\" \/>\n<meta name=\"twitter:card\" content=\"summary_large_image\" \/>\n<script type=\"application\/ld+json\" class=\"yoast-schema-graph\">{\"@context\":\"https:\\\/\\\/schema.org\",\"@graph\":[{\"@type\":\"WebPage\",\"@id\":\"https:\\\/\\\/p25r.net\\\/istanbul-properties\\\/boulevard-istanbul-project\\\/\",\"url\":\"https:\\\/\\\/p25r.net\\\/istanbul-properties\\\/boulevard-istanbul-project\\\/\",\"name\":\"\u0645\u0634\u0631\u0648\u0639 \u0628\u0648\u0644\u064a\u0641\u0627\u0631 \u0627\u0633\u0637\u0646\u0628\u0648\u0644 - P25R Investment\",\"isPartOf\":{\"@id\":\"https:\\\/\\\/p25r.net\\\/#website\"},\"primaryImageOfPage\":{\"@id\":\"https:\\\/\\\/p25r.net\\\/istanbul-properties\\\/boulevard-istanbul-project\\\/#primaryimage\"},\"image\":{\"@id\":\"https:\\\/\\\/p25r.net\\\/istanbul-properties\\\/boulevard-istanbul-project\\\/#primaryimage\"},\"thumbnailUrl\":\"https:\\\/\\\/p25r.net\\\/wp-content\\\/uploads\\\/2025\\\/11\\\/boulevard-Istanbul-details.jpg\",\"datePublished\":\"2026-01-25T10:43:27+00:00\",\"description\":\"\u0628\u0648\u0644\u064a\u0641\u0627\u0631 \u0627\u0633\u0637\u0646\u0628\u0648\u0644 \u0628\u064a\u0643\u0646\u062a \u0628\u064a\u0644\u064a\u0643\u062f\u0648\u0632\u0648 \u0645\u0634\u0631\u0648\u0639 \u0631\u064a\u0633\u064a\u062f\u0646\u062a \u0648\u0645\u0643\u0627\u062a\u0628 \u062a\u062c\u0627\u0631\u064a\u0629 \u0642\u0631\u064a\u0628 \u0645\u0646 \u0627\u0644\u0645\u064a\u062a\u0631\u0648\u0628\u0627\u0635\u060c \u0625\u0637\u0644\u0627\u0644\u0627\u062a \u0639\u0644\u0649 \u0627\u0644\u0628\u062d\u0631 \u0648\u0627\u0644\u0645\u062f\u064a\u0646\u0629\u060c \u0645\u0646\u0627\u0633\u0628 \u0644\u0644\u0633\u0643\u0646 \u0627\u0644\u0639\u0635\u0631\u064a \u0648\u0627\u0644\u0627\u0633\u062a\u062b\u0645\u0627\u0631 \u0627\u0644\u062a\u062c\u0627\u0631\u064a\",\"breadcrumb\":{\"@id\":\"https:\\\/\\\/p25r.net\\\/istanbul-properties\\\/boulevard-istanbul-project\\\/#breadcrumb\"},\"inLanguage\":\"en-US\",\"potentialAction\":[{\"@type\":\"ReadAction\",\"target\":[\"https:\\\/\\\/p25r.net\\\/istanbul-properties\\\/boulevard-istanbul-project\\\/\"]}]},{\"@type\":\"ImageObject\",\"inLanguage\":\"en-US\",\"@id\":\"https:\\\/\\\/p25r.net\\\/istanbul-properties\\\/boulevard-istanbul-project\\\/#primaryimage\",\"url\":\"https:\\\/\\\/p25r.net\\\/wp-content\\\/uploads\\\/2025\\\/11\\\/boulevard-Istanbul-details.jpg\",\"contentUrl\":\"https:\\\/\\\/p25r.net\\\/wp-content\\\/uploads\\\/2025\\\/11\\\/boulevard-Istanbul-details.jpg\",\"width\":800,\"height\":800,\"caption\":\"\u0628\u0648\u0644\u064a\u0641\u0627\u0631 \u0625\u0633\u0637\u0646\u0628\u0648\u0644 \u2013 \u0631\u064a\u0633\u064a\u062f\u0646\u062a \u0648\u0645\u0643\u0627\u062a\u0628 \u062a\u062c\u0627\u0631\u064a\u0629 \u0641\u064a \u0628\u064a\u0643\u0646\u062a \u0628\u064a\u0644\u064a\u0643\u062f\u0648\u0632\u0648\"},{\"@type\":\"BreadcrumbList\",\"@id\":\"https:\\\/\\\/p25r.net\\\/istanbul-properties\\\/boulevard-istanbul-project\\\/#breadcrumb\",\"itemListElement\":[{\"@type\":\"ListItem\",\"position\":1,\"name\":\"\u0627\u0644\u0631\u0626\u064a\u0633\u064a\u0629\",\"item\":\"https:\\\/\\\/p25r.net\\\/\"},{\"@type\":\"ListItem\",\"position\":2,\"name\":\"\u0639\u0642\u0627\u0631\u0627\u062a \u0627\u0633\u0637\u0646\u0628\u0648\u0644\",\"item\":\"https:\\\/\\\/p25r.net\\\/istanbul-properties\\\/\"},{\"@type\":\"ListItem\",\"position\":3,\"name\":\"\u0645\u0634\u0631\u0648\u0639 \u0628\u0648\u0644\u064a\u0641\u0627\u0631 \u0627\u0633\u0637\u0646\u0628\u0648\u0644\"}]},{\"@type\":\"WebSite\",\"@id\":\"https:\\\/\\\/p25r.net\\\/#website\",\"url\":\"https:\\\/\\\/p25r.net\\\/\",\"name\":\"P25R Investment\",\"description\":\"\u0639\u0642\u0627\u0631\u0627\u062a \u0627\u0633\u0637\u0646\u0628\u0648\u0644\",\"publisher\":{\"@id\":\"https:\\\/\\\/p25r.net\\\/#organization\"},\"alternateName\":\"P25R \u0644\u0644\u0627\u0633\u062a\u062b\u0645\u0627\u0631 \u0627\u0644\u0639\u0642\u0627\u0631\u064a \u0641\u064a \u0625\u0633\u0637\u0646\u0628\u0648\u0644\",\"potentialAction\":[{\"@type\":\"SearchAction\",\"target\":{\"@type\":\"EntryPoint\",\"urlTemplate\":\"https:\\\/\\\/p25r.net\\\/?s={search_term_string}\"},\"query-input\":{\"@type\":\"PropertyValueSpecification\",\"valueRequired\":true,\"valueName\":\"search_term_string\"}}],\"inLanguage\":\"en-US\"},{\"@type\":\"Organization\",\"@id\":\"https:\\\/\\\/p25r.net\\\/#organization\",\"name\":\"\u0634\u0631\u0643\u0629 P25R \u0644\u0644\u0627\u0633\u062a\u062b\u0645\u0627\u0631 \u0627\u0644\u0639\u0642\u0627\u0631\u064a\",\"alternateName\":\"\u0639\u0642\u0627\u0631\u0627\u062a \u0627\u0633\u0637\u0646\u0628\u0648\u0644 P25R\",\"url\":\"https:\\\/\\\/p25r.net\\\/\",\"logo\":{\"@type\":\"ImageObject\",\"inLanguage\":\"en-US\",\"@id\":\"https:\\\/\\\/p25r.net\\\/#\\\/schema\\\/logo\\\/image\\\/\",\"url\":\"https:\\\/\\\/p25r.net\\\/wp-content\\\/uploads\\\/2025\\\/05\\\/p25r-logo-e1747079772978.png\",\"contentUrl\":\"https:\\\/\\\/p25r.net\\\/wp-content\\\/uploads\\\/2025\\\/05\\\/p25r-logo-e1747079772978.png\",\"width\":1013,\"height\":740,\"caption\":\"\u0634\u0631\u0643\u0629 P25R \u0644\u0644\u0627\u0633\u062a\u062b\u0645\u0627\u0631 \u0627\u0644\u0639\u0642\u0627\u0631\u064a\"},\"image\":{\"@id\":\"https:\\\/\\\/p25r.net\\\/#\\\/schema\\\/logo\\\/image\\\/\"},\"sameAs\":[\"https:\\\/\\\/www.facebook.com\\\/share\\\/19srpNag5p\\\/?mibextid=wwXIfr\",\"https:\\\/\\\/www.instagram.com\\\/p25r\"]}]}<\/script>\n<!-- \/ Yoast SEO plugin. -->","yoast_head_json":{"title":"\u0645\u0634\u0631\u0648\u0639 \u0628\u0648\u0644\u064a\u0641\u0627\u0631 \u0627\u0633\u0637\u0646\u0628\u0648\u0644 - P25R Investment","description":"\u0628\u0648\u0644\u064a\u0641\u0627\u0631 \u0627\u0633\u0637\u0646\u0628\u0648\u0644 \u0628\u064a\u0643\u0646\u062a \u0628\u064a\u0644\u064a\u0643\u062f\u0648\u0632\u0648 \u0645\u0634\u0631\u0648\u0639 \u0631\u064a\u0633\u064a\u062f\u0646\u062a \u0648\u0645\u0643\u0627\u062a\u0628 \u062a\u062c\u0627\u0631\u064a\u0629 \u0642\u0631\u064a\u0628 \u0645\u0646 \u0627\u0644\u0645\u064a\u062a\u0631\u0648\u0628\u0627\u0635\u060c \u0625\u0637\u0644\u0627\u0644\u0627\u062a \u0639\u0644\u0649 \u0627\u0644\u0628\u062d\u0631 \u0648\u0627\u0644\u0645\u062f\u064a\u0646\u0629\u060c \u0645\u0646\u0627\u0633\u0628 \u0644\u0644\u0633\u0643\u0646 \u0627\u0644\u0639\u0635\u0631\u064a \u0648\u0627\u0644\u0627\u0633\u062a\u062b\u0645\u0627\u0631 \u0627\u0644\u062a\u062c\u0627\u0631\u064a","robots":{"index":"index","follow":"follow","max-snippet":"max-snippet:-1","max-image-preview":"max-image-preview:large","max-video-preview":"max-video-preview:-1"},"canonical":"https:\/\/p25r.net\/en\/istanbul-properties\/boulevard-istanbul-project\/","og_locale":"en_US","og_type":"article","og_title":"\u0645\u0634\u0631\u0648\u0639 \u0628\u0648\u0644\u064a\u0641\u0627\u0631 \u0627\u0633\u0637\u0646\u0628\u0648\u0644 - P25R Investment","og_description":"\u0628\u0648\u0644\u064a\u0641\u0627\u0631 \u0627\u0633\u0637\u0646\u0628\u0648\u0644 \u0628\u064a\u0643\u0646\u062a \u0628\u064a\u0644\u064a\u0643\u062f\u0648\u0632\u0648 \u0645\u0634\u0631\u0648\u0639 \u0631\u064a\u0633\u064a\u062f\u0646\u062a \u0648\u0645\u0643\u0627\u062a\u0628 \u062a\u062c\u0627\u0631\u064a\u0629 \u0642\u0631\u064a\u0628 \u0645\u0646 \u0627\u0644\u0645\u064a\u062a\u0631\u0648\u0628\u0627\u0635\u060c \u0625\u0637\u0644\u0627\u0644\u0627\u062a \u0639\u0644\u0649 \u0627\u0644\u0628\u062d\u0631 \u0648\u0627\u0644\u0645\u062f\u064a\u0646\u0629\u060c \u0645\u0646\u0627\u0633\u0628 \u0644\u0644\u0633\u0643\u0646 \u0627\u0644\u0639\u0635\u0631\u064a \u0648\u0627\u0644\u0627\u0633\u062a\u062b\u0645\u0627\u0631 \u0627\u0644\u062a\u062c\u0627\u0631\u064a","og_url":"https:\/\/p25r.net\/en\/istanbul-properties\/boulevard-istanbul-project\/","og_site_name":"P25R Investment","article_publisher":"https:\/\/www.facebook.com\/share\/19srpNag5p\/?mibextid=wwXIfr","og_image":[{"width":800,"height":800,"url":"https:\/\/p25r.net\/wp-content\/uploads\/2025\/11\/boulevard-Istanbul-details.jpg","type":"image\/jpeg"}],"twitter_card":"summary_large_image","schema":{"@context":"https:\/\/schema.org","@graph":[{"@type":"WebPage","@id":"https:\/\/p25r.net\/istanbul-properties\/boulevard-istanbul-project\/","url":"https:\/\/p25r.net\/istanbul-properties\/boulevard-istanbul-project\/","name":"\u0645\u0634\u0631\u0648\u0639 \u0628\u0648\u0644\u064a\u0641\u0627\u0631 \u0627\u0633\u0637\u0646\u0628\u0648\u0644 - P25R Investment","isPartOf":{"@id":"https:\/\/p25r.net\/#website"},"primaryImageOfPage":{"@id":"https:\/\/p25r.net\/istanbul-properties\/boulevard-istanbul-project\/#primaryimage"},"image":{"@id":"https:\/\/p25r.net\/istanbul-properties\/boulevard-istanbul-project\/#primaryimage"},"thumbnailUrl":"https:\/\/p25r.net\/wp-content\/uploads\/2025\/11\/boulevard-Istanbul-details.jpg","datePublished":"2026-01-25T10:43:27+00:00","description":"\u0628\u0648\u0644\u064a\u0641\u0627\u0631 \u0627\u0633\u0637\u0646\u0628\u0648\u0644 \u0628\u064a\u0643\u0646\u062a \u0628\u064a\u0644\u064a\u0643\u062f\u0648\u0632\u0648 \u0645\u0634\u0631\u0648\u0639 \u0631\u064a\u0633\u064a\u062f\u0646\u062a \u0648\u0645\u0643\u0627\u062a\u0628 \u062a\u062c\u0627\u0631\u064a\u0629 \u0642\u0631\u064a\u0628 \u0645\u0646 \u0627\u0644\u0645\u064a\u062a\u0631\u0648\u0628\u0627\u0635\u060c \u0625\u0637\u0644\u0627\u0644\u0627\u062a \u0639\u0644\u0649 \u0627\u0644\u0628\u062d\u0631 \u0648\u0627\u0644\u0645\u062f\u064a\u0646\u0629\u060c \u0645\u0646\u0627\u0633\u0628 \u0644\u0644\u0633\u0643\u0646 \u0627\u0644\u0639\u0635\u0631\u064a \u0648\u0627\u0644\u0627\u0633\u062a\u062b\u0645\u0627\u0631 \u0627\u0644\u062a\u062c\u0627\u0631\u064a","breadcrumb":{"@id":"https:\/\/p25r.net\/istanbul-properties\/boulevard-istanbul-project\/#breadcrumb"},"inLanguage":"en-US","potentialAction":[{"@type":"ReadAction","target":["https:\/\/p25r.net\/istanbul-properties\/boulevard-istanbul-project\/"]}]},{"@type":"ImageObject","inLanguage":"en-US","@id":"https:\/\/p25r.net\/istanbul-properties\/boulevard-istanbul-project\/#primaryimage","url":"https:\/\/p25r.net\/wp-content\/uploads\/2025\/11\/boulevard-Istanbul-details.jpg","contentUrl":"https:\/\/p25r.net\/wp-content\/uploads\/2025\/11\/boulevard-Istanbul-details.jpg","width":800,"height":800,"caption":"\u0628\u0648\u0644\u064a\u0641\u0627\u0631 \u0625\u0633\u0637\u0646\u0628\u0648\u0644 \u2013 \u0631\u064a\u0633\u064a\u062f\u0646\u062a \u0648\u0645\u0643\u0627\u062a\u0628 \u062a\u062c\u0627\u0631\u064a\u0629 \u0641\u064a \u0628\u064a\u0643\u0646\u062a \u0628\u064a\u0644\u064a\u0643\u062f\u0648\u0632\u0648"},{"@type":"BreadcrumbList","@id":"https:\/\/p25r.net\/istanbul-properties\/boulevard-istanbul-project\/#breadcrumb","itemListElement":[{"@type":"ListItem","position":1,"name":"\u0627\u0644\u0631\u0626\u064a\u0633\u064a\u0629","item":"https:\/\/p25r.net\/"},{"@type":"ListItem","position":2,"name":"\u0639\u0642\u0627\u0631\u0627\u062a \u0627\u0633\u0637\u0646\u0628\u0648\u0644","item":"https:\/\/p25r.net\/istanbul-properties\/"},{"@type":"ListItem","position":3,"name":"\u0645\u0634\u0631\u0648\u0639 \u0628\u0648\u0644\u064a\u0641\u0627\u0631 \u0627\u0633\u0637\u0646\u0628\u0648\u0644"}]},{"@type":"WebSite","@id":"https:\/\/p25r.net\/#website","url":"https:\/\/p25r.net\/","name":"P25R Investment","description":"Istanbul Real Estate","publisher":{"@id":"https:\/\/p25r.net\/#organization"},"alternateName":"P25R \u0644\u0644\u0627\u0633\u062a\u062b\u0645\u0627\u0631 \u0627\u0644\u0639\u0642\u0627\u0631\u064a \u0641\u064a \u0625\u0633\u0637\u0646\u0628\u0648\u0644","potentialAction":[{"@type":"SearchAction","target":{"@type":"EntryPoint","urlTemplate":"https:\/\/p25r.net\/?s={search_term_string}"},"query-input":{"@type":"PropertyValueSpecification","valueRequired":true,"valueName":"search_term_string"}}],"inLanguage":"en-US"},{"@type":"Organization","@id":"https:\/\/p25r.net\/#organization","name":"P25R Real Estate Investment Company","alternateName":"\u0639\u0642\u0627\u0631\u0627\u062a \u0627\u0633\u0637\u0646\u0628\u0648\u0644 P25R","url":"https:\/\/p25r.net\/","logo":{"@type":"ImageObject","inLanguage":"en-US","@id":"https:\/\/p25r.net\/#\/schema\/logo\/image\/","url":"https:\/\/p25r.net\/wp-content\/uploads\/2025\/05\/p25r-logo-e1747079772978.png","contentUrl":"https:\/\/p25r.net\/wp-content\/uploads\/2025\/05\/p25r-logo-e1747079772978.png","width":1013,"height":740,"caption":"\u0634\u0631\u0643\u0629 P25R \u0644\u0644\u0627\u0633\u062a\u062b\u0645\u0627\u0631 \u0627\u0644\u0639\u0642\u0627\u0631\u064a"},"image":{"@id":"https:\/\/p25r.net\/#\/schema\/logo\/image\/"},"sameAs":["https:\/\/www.facebook.com\/share\/19srpNag5p\/?mibextid=wwXIfr","https:\/\/www.instagram.com\/p25r"]}]}},"_links":{"self":[{"href":"https:\/\/p25r.net\/en\/wp-json\/wp\/v2\/product\/18441","targetHints":{"allow":["GET"]}}],"collection":[{"href":"https:\/\/p25r.net\/en\/wp-json\/wp\/v2\/product"}],"about":[{"href":"https:\/\/p25r.net\/en\/wp-json\/wp\/v2\/types\/product"}],"version-history":[{"count":3,"href":"https:\/\/p25r.net\/en\/wp-json\/wp\/v2\/product\/18441\/revisions"}],"predecessor-version":[{"id":18566,"href":"https:\/\/p25r.net\/en\/wp-json\/wp\/v2\/product\/18441\/revisions\/18566"}],"wp:featuredmedia":[{"embeddable":true,"href":"https:\/\/p25r.net\/en\/wp-json\/wp\/v2\/media\/18302"}],"wp:attachment":[{"href":"https:\/\/p25r.net\/en\/wp-json\/wp\/v2\/media?parent=18441"}],"wp:term":[{"taxonomy":"product_brand","embeddable":true,"href":"https:\/\/p25r.net\/en\/wp-json\/wp\/v2\/product_brand?post=18441"},{"taxonomy":"product_cat","embeddable":true,"href":"https:\/\/p25r.net\/en\/wp-json\/wp\/v2\/product_cat?post=18441"},{"taxonomy":"product_tag","embeddable":true,"href":"https:\/\/p25r.net\/en\/wp-json\/wp\/v2\/product_tag?post=18441"}],"curies":[{"name":"wp","href":"https:\/\/api.w.org\/{rel}","templated":true}]}}