{"id":14244,"date":"2025-07-19T13:49:53","date_gmt":"2025-07-19T10:49:53","guid":{"rendered":"https:\/\/p25r.net\/?post_type=product&#038;p=14244"},"modified":"2025-09-04T22:04:20","modified_gmt":"2025-09-04T19:04:20","slug":"tema-istanbul-2","status":"publish","type":"product","link":"https:\/\/p25r.net\/en\/istanbul-properties\/tema-istanbul-2\/","title":{"rendered":"Tima Istanbul 2"},"content":{"rendered":"<p><b> Tima Istanbul 2 K\u0131\u015f\u0131k\u00e7ekmece\u00a0<\/b><span style=\"font-weight: 400;\"> Your chance to live in the largest integrated residential complex with luxurious design in European Istanbul, where the options for apartments and villas vary amidst vast green spaces and luxurious services suitable for families and investors.<\/span><\/p>\n<h2><b>Prices and spaces\u00a0<\/b><\/h2>\n<ul>\n<li style=\"font-weight: 400;\" aria-level=\"1\"><span style=\"font-weight: 400;\">1+1 | 113 m\u00b2 for $489,000<\/span><\/li>\n<li style=\"font-weight: 400;\" aria-level=\"1\"><span style=\"font-weight: 400;\">2+1 | 165 m\u00b2 for $610,000<\/span><\/li>\n<li style=\"font-weight: 400;\" aria-level=\"1\"><span style=\"font-weight: 400;\">3+1 | 194 m\u00b2 for $763,000<\/span><\/li>\n<li style=\"font-weight: 400;\" aria-level=\"1\"><span style=\"font-weight: 400;\">4+1 | 231 m\u00b2 for $1,077,000<\/span><\/li>\n<li style=\"font-weight: 400;\" aria-level=\"1\"><span style=\"font-weight: 400;\">Detached villas with 3 to 8 bedrooms, private gardens, and various options starting from approximately $1,300,000<\/span>&nbsp;<\/li>\n<\/ul>\n<h2><b>Project Features<\/b><\/h2>\n<ul>\n<li style=\"font-weight: 400;\" aria-level=\"1\"><span style=\"font-weight: 400;\">126 residential buildings + 70 private villas<\/span><\/li>\n<li style=\"font-weight: 400;\" aria-level=\"1\"><span style=\"font-weight: 400;\">2280 apartments and 70 villas<\/span><\/li>\n<li style=\"font-weight: 400;\" aria-level=\"1\"><span style=\"font-weight: 400;\">110 shops within the project<\/span><\/li>\n<li style=\"font-weight: 400;\" aria-level=\"1\"><span style=\"font-weight: 400;\">A shopping mall within the complex<\/span><\/li>\n<li style=\"font-weight: 400;\" aria-level=\"1\"><span style=\"font-weight: 400;\">Green spaces exceeding 6 km of nature trails<\/span><\/li>\n<li style=\"font-weight: 400;\" aria-level=\"1\"><span style=\"font-weight: 400;\">An ideal environment for families with a high quality of life<\/span>&nbsp;<\/li>\n<\/ul>\n<h2><b>Integrated services<\/b><\/h2>\n<ul>\n<li style=\"font-weight: 400;\" aria-level=\"1\"><span style=\"font-weight: 400;\">Open-view swimming pool<\/span><\/li>\n<li style=\"font-weight: 400;\" aria-level=\"1\"><span style=\"font-weight: 400;\">Sauna, Turkish bath, fitness center<\/span><\/li>\n<li style=\"font-weight: 400;\" aria-level=\"1\"><span style=\"font-weight: 400;\">Restaurants, cafes, shops<\/span><\/li>\n<li style=\"font-weight: 400;\" aria-level=\"1\"><span style=\"font-weight: 400;\">24\/7 surveillance cameras and security<\/span>&nbsp;<\/li>\n<\/ul>\n<h2><b>Site Features<\/b><\/h2>\n<ul>\n<li style=\"font-weight: 400;\" aria-level=\"1\"><span style=\"font-weight: 400;\">Only 150m from the nearest school<\/span><\/li>\n<li style=\"font-weight: 400;\" aria-level=\"1\"><span style=\"font-weight: 400;\">350 m from the metro station<\/span><\/li>\n<li style=\"font-weight: 400;\" aria-level=\"1\"><span style=\"font-weight: 400;\">Easy access to Istanbul Airport and the highway<\/span>&nbsp;<\/li>\n<\/ul>\n<h2><b>Obtaining Turkish citizenship<\/b><\/h2>\n<p><span style=\"font-weight: 400;\">When you purchase a property within the Tema Istanbul 2 project, you can apply directly for <\/span><b>Turkish citizenship<\/b><span style=\"font-weight: 400;\"> In accordance with legal requirements.<\/span><\/p>\n<h2><b>Why choose Tema Istanbul 2?<\/b><\/h2>\n<ul>\n<li style=\"font-weight: 400;\" aria-level=\"1\"><span style=\"font-weight: 400;\">Ready-to-move-in project<\/span><\/li>\n<li style=\"font-weight: 400;\" aria-level=\"1\"><span style=\"font-weight: 400;\">Elegant design with the highest quality standards<\/span><\/li>\n<li style=\"font-weight: 400;\" aria-level=\"1\"><span style=\"font-weight: 400;\">A fully gated and serviced complex<\/span><\/li>\n<li style=\"font-weight: 400;\" aria-level=\"1\"><span style=\"font-weight: 400;\">Suitable for family living and long-term real estate investment<\/span><\/li>\n<li style=\"font-weight: 400;\" aria-level=\"1\"><span style=\"font-weight: 400;\">A self-contained community where you don&#039;t need to leave to meet your needs<\/span>&nbsp;<\/li>\n<\/ul>\n<p><b>Don&#039;t miss the opportunity!<\/b><span style=\"font-weight: 400;\"> A project of this size and location doesn&#039;t happen often\u2026<\/span><span style=\"font-weight: 400;\"><br \/>\n<\/span> <b>Contact us now<\/b><span style=\"font-weight: 400;\"> Get a free real estate consultation to help you choose the most suitable option between apartments or villas.<\/span><\/p>","protected":false},"excerpt":{"rendered":"<p data-start=\"640\" data-end=\"905\"><strong data-start=\"640\" data-end=\"658\">\u062a\u064a\u0645\u0627 \u0625\u0633\u0637\u0646\u0628\u0648\u0644 2<\/strong> \u0645\u0634\u0631\u0648\u0639 \u0636\u062e\u0645 \u0641\u064a \u0645\u0646\u0637\u0642\u0629 \u0643\u0634\u0648\u0643 \u0634\u0643\u0645\u062c\u0629 \u2013 \u0647\u0627\u0644\u0643\u0627\u0644\u064a\u060c \u064a\u0636\u0645 2280 \u0634\u0642\u0629 \u064870 \u0641\u064a\u0644\u0627 \u0645\u0633\u062a\u0642\u0644\u0629 \u0628\u062a\u0635\u0627\u0645\u064a\u0645 \u0639\u0635\u0631\u064a\u0629 \u0648\u062e\u062f\u0645\u0627\u062a \u0645\u062a\u0643\u0627\u0645\u0644\u0629 \u062a\u0634\u0645\u0644 \u0645\u0648\u0644 \u062a\u062c\u0627\u0631\u064a\u060c \u0645\u0631\u0627\u0641\u0642 \u0631\u064a\u0627\u0636\u064a\u0629\u060c \u0648\u0645\u0633\u0627\u0631\u0627\u062a \u0637\u0628\u064a\u0639\u064a\u0629. \u062c\u0627\u0647\u0632 \u0644\u0644\u0633\u0643\u0646 \u0645\u0639 \u062e\u064a\u0627\u0631\u0627\u062a \u062f\u0641\u0639 \u0645\u0631\u0646\u0629\u060c \u0648\u0645\u0624\u0647\u0644 \u0644\u0644\u062c\u0646\u0633\u064a\u0629 \u0627\u0644\u062a\u0631\u0643\u064a\u0629\u060c \u0644\u064a\u062c\u0645\u0639 \u0628\u064a\u0646 \u0627\u0644\u0633\u0643\u0646 \u0627\u0644\u0631\u0627\u0642\u064a \u0648\u0627\u0644\u0627\u0633\u062a\u062b\u0645\u0627\u0631 \u0637\u0648\u064a\u0644 \u0627\u0644\u0623\u0645\u062f.<\/p>","protected":false},"featured_media":17311,"template":"","meta":{"_acf_changed":false},"product_brand":[],"product_cat":[107,108],"product_tag":[],"class_list":{"0":"post-14244","1":"product","2":"type-product","3":"status-publish","4":"has-post-thumbnail","6":"product_cat-apartments","7":"product_cat-villas","9":"first","10":"instock","11":"shipping-taxable","12":"purchasable","13":"product-type-simple"},"acf":[],"yoast_head":"<!-- This site is optimized with the Yoast SEO plugin v27.5 - https:\/\/yoast.com\/product\/yoast-seo-wordpress\/ -->\n<title>\u062a\u064a\u0645\u0627 \u0627\u0633\u0637\u0646\u0628\u0648\u0644 2 - P25R Investment<\/title>\n<meta name=\"description\" content=\"\u062a\u064a\u0645\u0627 \u0627\u0633\u0637\u0646\u0628\u0648\u0644 2 \u0643\u0634\u0648\u0643 \u0634\u0643\u0645\u062c\u064a \u0623\u0643\u0628\u0631 \u0645\u062c\u0645\u0639 \u0633\u0643\u0646\u064a \u0645\u062a\u0643\u0627\u0645\u0644 \u0641\u064a \u0625\u0633\u0637\u0646\u0628\u0648\u0644 \u0627\u0644\u0623\u0648\u0631\u0648\u0628\u064a\u0629\u060c \u0634\u0642\u0642 \u0648\u0641\u0644\u0644 \u0628\u062a\u0635\u0645\u064a\u0645 \u0641\u0627\u062e\u0631\u060c \u0645\u0648\u0642\u0639 \u0627\u0633\u062a\u0631\u0627\u062a\u064a\u062c\u064a \u0648\u062e\u062f\u0645\u0627\u062a \u0645\u062a\u0643\u0627\u0645\u0644\u0629 \u0645\u0639 \u0641\u0631\u0635\u0629 \u0644\u0644\u062c\u0646\u0633\u064a\u0629 \u0627\u0644\u062a\u0631\u0643\u064a\u0629.\" \/>\n<meta name=\"robots\" content=\"index, follow, max-snippet:-1, max-image-preview:large, max-video-preview:-1\" \/>\n<link rel=\"canonical\" href=\"https:\/\/p25r.net\/en\/istanbul-properties\/tema-istanbul-2\/\" \/>\n<meta property=\"og:locale\" content=\"en_US\" \/>\n<meta property=\"og:type\" content=\"article\" \/>\n<meta property=\"og:title\" content=\"\u062a\u064a\u0645\u0627 \u0625\u0633\u0637\u0646\u0628\u0648\u0644 2 \u2013 \u0623\u0643\u0628\u0631 \u0645\u062c\u0645\u0651\u0639 \u0633\u0643\u0646\u064a \u0641\u0627\u062e\u0631 \u0641\u064a \u0643\u0634\u0648\u0643 \u0634\u0643\u0645\u062c\u064a\" \/>\n<meta property=\"og:description\" content=\"\u0645\u0634\u0631\u0648\u0639 \u062a\u064a\u0645\u0627 \u0625\u0633\u0637\u0646\u0628\u0648\u0644 2 \u064a\u0642\u062f\u0645 \u0634\u0642\u0642\u064b\u0627 \u0648\u0641\u0644\u0644\u064b\u0627 \u0641\u0627\u062e\u0631\u0629 \u0636\u0645\u0646 \u0623\u0643\u0628\u0631 \u0645\u062c\u0645\u0639 \u0633\u0643\u0646\u064a \u0641\u064a \u0625\u0633\u0637\u0646\u0628\u0648\u0644 \u0627\u0644\u0623\u0648\u0631\u0648\u0628\u064a\u0629\u060c \u0628\u0645\u0633\u0627\u062d\u0627\u062a \u062e\u0636\u0631\u0627\u0621 \u0634\u0627\u0633\u0639\u0629 \u0648\u062e\u062f\u0645\u0627\u062a \u0645\u062a\u0643\u0627\u0645\u0644\u0629 \u062a\u0646\u0627\u0633\u0628 \u0627\u0644\u0639\u0627\u0626\u0644\u0627\u062a \u0648\u0627\u0644\u0645\u0633\u062a\u062b\u0645\u0631\u064a\u0646. \u0645\u0648\u0642\u0639 \u0627\u0633\u062a\u0631\u0627\u062a\u064a\u062c\u064a \u0642\u0631\u0628 \u0627\u0644\u0645\u062a\u0631\u0648 \u0648\u0627\u0644\u0645\u062f\u0627\u0631\u0633\u060c \u062c\u0627\u0647\u0632 \u0644\u0644\u0633\u0643\u0646 \u0648\u0645\u0624\u0647\u0644 \u0644\u0644\u062c\u0646\u0633\u064a\u0629 \u0627\u0644\u062a\u0631\u0643\u064a\u0629.\" \/>\n<meta property=\"og:url\" content=\"https:\/\/p25r.net\/en\/istanbul-properties\/tema-istanbul-2\/\" \/>\n<meta property=\"og:site_name\" content=\"P25R Investment\" \/>\n<meta property=\"article:publisher\" content=\"https:\/\/www.facebook.com\/share\/19srpNag5p\/?mibextid=wwXIfr\" \/>\n<meta property=\"article:modified_time\" content=\"2025-09-04T19:04:20+00:00\" \/>\n<meta property=\"og:image\" content=\"https:\/\/p25r.net\/wp-content\/uploads\/2025\/08\/TEMA-ISTANBUL-2-8.webp\" \/>\n\t<meta property=\"og:image:width\" content=\"800\" \/>\n\t<meta property=\"og:image:height\" content=\"800\" \/>\n\t<meta property=\"og:image:type\" content=\"image\/webp\" \/>\n<meta name=\"twitter:card\" content=\"summary_large_image\" \/>\n<meta name=\"twitter:title\" content=\"\u062a\u064a\u0645\u0627 \u0625\u0633\u0637\u0646\u0628\u0648\u0644 2 \u2013 \u0634\u0642\u0642 \u0648\u0641\u0644\u0644 \u0641\u0627\u062e\u0631\u0629 \u0641\u064a \u0643\u0634\u0648\u0643 \u0634\u0643\u0645\u062c\u064a\" \/>\n<meta name=\"twitter:description\" content=\"\u0627\u0643\u062a\u0634\u0641 \u0645\u0634\u0631\u0648\u0639 \u062a\u064a\u0645\u0627 \u0625\u0633\u0637\u0646\u0628\u0648\u0644 2: \u0623\u0643\u0628\u0631 \u0645\u062c\u0645\u0651\u0639 \u0633\u0643\u0646\u064a \u0628\u062e\u062f\u0645\u0627\u062a \u0645\u062a\u0643\u0627\u0645\u0644\u0629 \u0648\u0625\u0637\u0644\u0627\u0644\u0627\u062a \u0637\u0628\u064a\u0639\u064a\u0629 \u0641\u064a \u0642\u0644\u0628 \u0625\u0633\u0637\u0646\u0628\u0648\u0644 \u0627\u0644\u0623\u0648\u0631\u0648\u0628\u064a\u0629. \u0634\u0642\u0642 \u0648\u0641\u0644\u0644 \u062c\u0627\u0647\u0632\u0629\u060c \u0645\u0624\u0647\u0644\u0629 \u0644\u0644\u062c\u0646\u0633\u064a\u0629 \u0627\u0644\u062a\u0631\u0643\u064a\u0629.\" \/>\n<script type=\"application\/ld+json\" class=\"yoast-schema-graph\">{\"@context\":\"https:\\\/\\\/schema.org\",\"@graph\":[{\"@type\":[\"WebPage\",\"RealEstateListing\"],\"@id\":\"https:\\\/\\\/p25r.net\\\/istanbul-properties\\\/tema-istanbul-2\\\/\",\"url\":\"https:\\\/\\\/p25r.net\\\/istanbul-properties\\\/tema-istanbul-2\\\/\",\"name\":\"\u062a\u064a\u0645\u0627 \u0627\u0633\u0637\u0646\u0628\u0648\u0644 2 - P25R Investment\",\"isPartOf\":{\"@id\":\"https:\\\/\\\/p25r.net\\\/#website\"},\"primaryImageOfPage\":{\"@id\":\"https:\\\/\\\/p25r.net\\\/istanbul-properties\\\/tema-istanbul-2\\\/#primaryimage\"},\"image\":{\"@id\":\"https:\\\/\\\/p25r.net\\\/istanbul-properties\\\/tema-istanbul-2\\\/#primaryimage\"},\"thumbnailUrl\":\"https:\\\/\\\/p25r.net\\\/wp-content\\\/uploads\\\/2025\\\/08\\\/TEMA-ISTANBUL-2-8.webp\",\"datePublished\":\"2025-07-19T10:49:53+00:00\",\"dateModified\":\"2025-09-04T19:04:20+00:00\",\"description\":\"\u062a\u064a\u0645\u0627 \u0627\u0633\u0637\u0646\u0628\u0648\u0644 2 \u0643\u0634\u0648\u0643 \u0634\u0643\u0645\u062c\u064a \u0623\u0643\u0628\u0631 \u0645\u062c\u0645\u0639 \u0633\u0643\u0646\u064a \u0645\u062a\u0643\u0627\u0645\u0644 \u0641\u064a \u0625\u0633\u0637\u0646\u0628\u0648\u0644 \u0627\u0644\u0623\u0648\u0631\u0648\u0628\u064a\u0629\u060c \u0634\u0642\u0642 \u0648\u0641\u0644\u0644 \u0628\u062a\u0635\u0645\u064a\u0645 \u0641\u0627\u062e\u0631\u060c \u0645\u0648\u0642\u0639 \u0627\u0633\u062a\u0631\u0627\u062a\u064a\u062c\u064a \u0648\u062e\u062f\u0645\u0627\u062a \u0645\u062a\u0643\u0627\u0645\u0644\u0629 \u0645\u0639 \u0641\u0631\u0635\u0629 \u0644\u0644\u062c\u0646\u0633\u064a\u0629 \u0627\u0644\u062a\u0631\u0643\u064a\u0629.\",\"breadcrumb\":{\"@id\":\"https:\\\/\\\/p25r.net\\\/istanbul-properties\\\/tema-istanbul-2\\\/#breadcrumb\"},\"inLanguage\":\"en-US\",\"potentialAction\":[{\"@type\":\"ReadAction\",\"target\":[\"https:\\\/\\\/p25r.net\\\/istanbul-properties\\\/tema-istanbul-2\\\/\"]}]},{\"@type\":\"ImageObject\",\"inLanguage\":\"en-US\",\"@id\":\"https:\\\/\\\/p25r.net\\\/istanbul-properties\\\/tema-istanbul-2\\\/#primaryimage\",\"url\":\"https:\\\/\\\/p25r.net\\\/wp-content\\\/uploads\\\/2025\\\/08\\\/TEMA-ISTANBUL-2-8.webp\",\"contentUrl\":\"https:\\\/\\\/p25r.net\\\/wp-content\\\/uploads\\\/2025\\\/08\\\/TEMA-ISTANBUL-2-8.webp\",\"width\":800,\"height\":800,\"caption\":\"\u0641\u0644\u0644 \u0645\u0633\u062a\u0642\u0644\u0629 \u062f\u0627\u062e\u0644 \u062a\u064a\u0645\u0627 \u0625\u0633\u0637\u0646\u0628\u0648\u0644 2\"},{\"@type\":\"BreadcrumbList\",\"@id\":\"https:\\\/\\\/p25r.net\\\/istanbul-properties\\\/tema-istanbul-2\\\/#breadcrumb\",\"itemListElement\":[{\"@type\":\"ListItem\",\"position\":1,\"name\":\"\u0627\u0644\u0631\u0626\u064a\u0633\u064a\u0629\",\"item\":\"https:\\\/\\\/p25r.net\\\/\"},{\"@type\":\"ListItem\",\"position\":2,\"name\":\"\u0639\u0642\u0627\u0631\u0627\u062a \u0627\u0633\u0637\u0646\u0628\u0648\u0644\",\"item\":\"https:\\\/\\\/p25r.net\\\/istanbul-properties\\\/\"},{\"@type\":\"ListItem\",\"position\":3,\"name\":\"\u062a\u064a\u0645\u0627 \u0627\u0633\u0637\u0646\u0628\u0648\u0644 2\"}]},{\"@type\":\"WebSite\",\"@id\":\"https:\\\/\\\/p25r.net\\\/#website\",\"url\":\"https:\\\/\\\/p25r.net\\\/\",\"name\":\"P25R Investment\",\"description\":\"\u0639\u0642\u0627\u0631\u0627\u062a \u0627\u0633\u0637\u0646\u0628\u0648\u0644\",\"publisher\":{\"@id\":\"https:\\\/\\\/p25r.net\\\/#organization\"},\"alternateName\":\"P25R \u0644\u0644\u0627\u0633\u062a\u062b\u0645\u0627\u0631 \u0627\u0644\u0639\u0642\u0627\u0631\u064a \u0641\u064a \u0625\u0633\u0637\u0646\u0628\u0648\u0644\",\"potentialAction\":[{\"@type\":\"SearchAction\",\"target\":{\"@type\":\"EntryPoint\",\"urlTemplate\":\"https:\\\/\\\/p25r.net\\\/?s={search_term_string}\"},\"query-input\":{\"@type\":\"PropertyValueSpecification\",\"valueRequired\":true,\"valueName\":\"search_term_string\"}}],\"inLanguage\":\"en-US\"},{\"@type\":\"Organization\",\"@id\":\"https:\\\/\\\/p25r.net\\\/#organization\",\"name\":\"\u0634\u0631\u0643\u0629 P25R \u0644\u0644\u0627\u0633\u062a\u062b\u0645\u0627\u0631 \u0627\u0644\u0639\u0642\u0627\u0631\u064a\",\"alternateName\":\"\u0639\u0642\u0627\u0631\u0627\u062a \u0627\u0633\u0637\u0646\u0628\u0648\u0644 P25R\",\"url\":\"https:\\\/\\\/p25r.net\\\/\",\"logo\":{\"@type\":\"ImageObject\",\"inLanguage\":\"en-US\",\"@id\":\"https:\\\/\\\/p25r.net\\\/#\\\/schema\\\/logo\\\/image\\\/\",\"url\":\"https:\\\/\\\/p25r.net\\\/wp-content\\\/uploads\\\/2025\\\/05\\\/p25r-logo-e1747079772978.png\",\"contentUrl\":\"https:\\\/\\\/p25r.net\\\/wp-content\\\/uploads\\\/2025\\\/05\\\/p25r-logo-e1747079772978.png\",\"width\":1013,\"height\":740,\"caption\":\"\u0634\u0631\u0643\u0629 P25R \u0644\u0644\u0627\u0633\u062a\u062b\u0645\u0627\u0631 \u0627\u0644\u0639\u0642\u0627\u0631\u064a\"},\"image\":{\"@id\":\"https:\\\/\\\/p25r.net\\\/#\\\/schema\\\/logo\\\/image\\\/\"},\"sameAs\":[\"https:\\\/\\\/www.facebook.com\\\/share\\\/19srpNag5p\\\/?mibextid=wwXIfr\",\"https:\\\/\\\/www.instagram.com\\\/p25r\"]}]}<\/script>\n<!-- \/ Yoast SEO plugin. -->","yoast_head_json":{"title":"\u062a\u064a\u0645\u0627 \u0627\u0633\u0637\u0646\u0628\u0648\u0644 2 - P25R Investment","description":"\u062a\u064a\u0645\u0627 \u0627\u0633\u0637\u0646\u0628\u0648\u0644 2 \u0643\u0634\u0648\u0643 \u0634\u0643\u0645\u062c\u064a \u0623\u0643\u0628\u0631 \u0645\u062c\u0645\u0639 \u0633\u0643\u0646\u064a \u0645\u062a\u0643\u0627\u0645\u0644 \u0641\u064a \u0625\u0633\u0637\u0646\u0628\u0648\u0644 \u0627\u0644\u0623\u0648\u0631\u0648\u0628\u064a\u0629\u060c \u0634\u0642\u0642 \u0648\u0641\u0644\u0644 \u0628\u062a\u0635\u0645\u064a\u0645 \u0641\u0627\u062e\u0631\u060c \u0645\u0648\u0642\u0639 \u0627\u0633\u062a\u0631\u0627\u062a\u064a\u062c\u064a \u0648\u062e\u062f\u0645\u0627\u062a \u0645\u062a\u0643\u0627\u0645\u0644\u0629 \u0645\u0639 \u0641\u0631\u0635\u0629 \u0644\u0644\u062c\u0646\u0633\u064a\u0629 \u0627\u0644\u062a\u0631\u0643\u064a\u0629.","robots":{"index":"index","follow":"follow","max-snippet":"max-snippet:-1","max-image-preview":"max-image-preview:large","max-video-preview":"max-video-preview:-1"},"canonical":"https:\/\/p25r.net\/en\/istanbul-properties\/tema-istanbul-2\/","og_locale":"en_US","og_type":"article","og_title":"\u062a\u064a\u0645\u0627 \u0625\u0633\u0637\u0646\u0628\u0648\u0644 2 \u2013 \u0623\u0643\u0628\u0631 \u0645\u062c\u0645\u0651\u0639 \u0633\u0643\u0646\u064a \u0641\u0627\u062e\u0631 \u0641\u064a \u0643\u0634\u0648\u0643 \u0634\u0643\u0645\u062c\u064a","og_description":"\u0645\u0634\u0631\u0648\u0639 \u062a\u064a\u0645\u0627 \u0625\u0633\u0637\u0646\u0628\u0648\u0644 2 \u064a\u0642\u062f\u0645 \u0634\u0642\u0642\u064b\u0627 \u0648\u0641\u0644\u0644\u064b\u0627 \u0641\u0627\u062e\u0631\u0629 \u0636\u0645\u0646 \u0623\u0643\u0628\u0631 \u0645\u062c\u0645\u0639 \u0633\u0643\u0646\u064a \u0641\u064a \u0625\u0633\u0637\u0646\u0628\u0648\u0644 \u0627\u0644\u0623\u0648\u0631\u0648\u0628\u064a\u0629\u060c \u0628\u0645\u0633\u0627\u062d\u0627\u062a \u062e\u0636\u0631\u0627\u0621 \u0634\u0627\u0633\u0639\u0629 \u0648\u062e\u062f\u0645\u0627\u062a \u0645\u062a\u0643\u0627\u0645\u0644\u0629 \u062a\u0646\u0627\u0633\u0628 \u0627\u0644\u0639\u0627\u0626\u0644\u0627\u062a \u0648\u0627\u0644\u0645\u0633\u062a\u062b\u0645\u0631\u064a\u0646. \u0645\u0648\u0642\u0639 \u0627\u0633\u062a\u0631\u0627\u062a\u064a\u062c\u064a \u0642\u0631\u0628 \u0627\u0644\u0645\u062a\u0631\u0648 \u0648\u0627\u0644\u0645\u062f\u0627\u0631\u0633\u060c \u062c\u0627\u0647\u0632 \u0644\u0644\u0633\u0643\u0646 \u0648\u0645\u0624\u0647\u0644 \u0644\u0644\u062c\u0646\u0633\u064a\u0629 \u0627\u0644\u062a\u0631\u0643\u064a\u0629.","og_url":"https:\/\/p25r.net\/en\/istanbul-properties\/tema-istanbul-2\/","og_site_name":"P25R Investment","article_publisher":"https:\/\/www.facebook.com\/share\/19srpNag5p\/?mibextid=wwXIfr","article_modified_time":"2025-09-04T19:04:20+00:00","og_image":[{"width":800,"height":800,"url":"https:\/\/p25r.net\/wp-content\/uploads\/2025\/08\/TEMA-ISTANBUL-2-8.webp","type":"image\/webp"}],"twitter_card":"summary_large_image","twitter_title":"\u062a\u064a\u0645\u0627 \u0625\u0633\u0637\u0646\u0628\u0648\u0644 2 \u2013 \u0634\u0642\u0642 \u0648\u0641\u0644\u0644 \u0641\u0627\u062e\u0631\u0629 \u0641\u064a \u0643\u0634\u0648\u0643 \u0634\u0643\u0645\u062c\u064a","twitter_description":"\u0627\u0643\u062a\u0634\u0641 \u0645\u0634\u0631\u0648\u0639 \u062a\u064a\u0645\u0627 \u0625\u0633\u0637\u0646\u0628\u0648\u0644 2: \u0623\u0643\u0628\u0631 \u0645\u062c\u0645\u0651\u0639 \u0633\u0643\u0646\u064a \u0628\u062e\u062f\u0645\u0627\u062a \u0645\u062a\u0643\u0627\u0645\u0644\u0629 \u0648\u0625\u0637\u0644\u0627\u0644\u0627\u062a \u0637\u0628\u064a\u0639\u064a\u0629 \u0641\u064a \u0642\u0644\u0628 \u0625\u0633\u0637\u0646\u0628\u0648\u0644 \u0627\u0644\u0623\u0648\u0631\u0648\u0628\u064a\u0629. \u0634\u0642\u0642 \u0648\u0641\u0644\u0644 \u062c\u0627\u0647\u0632\u0629\u060c \u0645\u0624\u0647\u0644\u0629 \u0644\u0644\u062c\u0646\u0633\u064a\u0629 \u0627\u0644\u062a\u0631\u0643\u064a\u0629.","schema":{"@context":"https:\/\/schema.org","@graph":[{"@type":["WebPage","RealEstateListing"],"@id":"https:\/\/p25r.net\/istanbul-properties\/tema-istanbul-2\/","url":"https:\/\/p25r.net\/istanbul-properties\/tema-istanbul-2\/","name":"\u062a\u064a\u0645\u0627 \u0627\u0633\u0637\u0646\u0628\u0648\u0644 2 - P25R Investment","isPartOf":{"@id":"https:\/\/p25r.net\/#website"},"primaryImageOfPage":{"@id":"https:\/\/p25r.net\/istanbul-properties\/tema-istanbul-2\/#primaryimage"},"image":{"@id":"https:\/\/p25r.net\/istanbul-properties\/tema-istanbul-2\/#primaryimage"},"thumbnailUrl":"https:\/\/p25r.net\/wp-content\/uploads\/2025\/08\/TEMA-ISTANBUL-2-8.webp","datePublished":"2025-07-19T10:49:53+00:00","dateModified":"2025-09-04T19:04:20+00:00","description":"\u062a\u064a\u0645\u0627 \u0627\u0633\u0637\u0646\u0628\u0648\u0644 2 \u0643\u0634\u0648\u0643 \u0634\u0643\u0645\u062c\u064a \u0623\u0643\u0628\u0631 \u0645\u062c\u0645\u0639 \u0633\u0643\u0646\u064a \u0645\u062a\u0643\u0627\u0645\u0644 \u0641\u064a \u0625\u0633\u0637\u0646\u0628\u0648\u0644 \u0627\u0644\u0623\u0648\u0631\u0648\u0628\u064a\u0629\u060c \u0634\u0642\u0642 \u0648\u0641\u0644\u0644 \u0628\u062a\u0635\u0645\u064a\u0645 \u0641\u0627\u062e\u0631\u060c \u0645\u0648\u0642\u0639 \u0627\u0633\u062a\u0631\u0627\u062a\u064a\u062c\u064a \u0648\u062e\u062f\u0645\u0627\u062a \u0645\u062a\u0643\u0627\u0645\u0644\u0629 \u0645\u0639 \u0641\u0631\u0635\u0629 \u0644\u0644\u062c\u0646\u0633\u064a\u0629 \u0627\u0644\u062a\u0631\u0643\u064a\u0629.","breadcrumb":{"@id":"https:\/\/p25r.net\/istanbul-properties\/tema-istanbul-2\/#breadcrumb"},"inLanguage":"en-US","potentialAction":[{"@type":"ReadAction","target":["https:\/\/p25r.net\/istanbul-properties\/tema-istanbul-2\/"]}]},{"@type":"ImageObject","inLanguage":"en-US","@id":"https:\/\/p25r.net\/istanbul-properties\/tema-istanbul-2\/#primaryimage","url":"https:\/\/p25r.net\/wp-content\/uploads\/2025\/08\/TEMA-ISTANBUL-2-8.webp","contentUrl":"https:\/\/p25r.net\/wp-content\/uploads\/2025\/08\/TEMA-ISTANBUL-2-8.webp","width":800,"height":800,"caption":"\u0641\u0644\u0644 \u0645\u0633\u062a\u0642\u0644\u0629 \u062f\u0627\u062e\u0644 \u062a\u064a\u0645\u0627 \u0625\u0633\u0637\u0646\u0628\u0648\u0644 2"},{"@type":"BreadcrumbList","@id":"https:\/\/p25r.net\/istanbul-properties\/tema-istanbul-2\/#breadcrumb","itemListElement":[{"@type":"ListItem","position":1,"name":"\u0627\u0644\u0631\u0626\u064a\u0633\u064a\u0629","item":"https:\/\/p25r.net\/"},{"@type":"ListItem","position":2,"name":"\u0639\u0642\u0627\u0631\u0627\u062a \u0627\u0633\u0637\u0646\u0628\u0648\u0644","item":"https:\/\/p25r.net\/istanbul-properties\/"},{"@type":"ListItem","position":3,"name":"\u062a\u064a\u0645\u0627 \u0627\u0633\u0637\u0646\u0628\u0648\u0644 2"}]},{"@type":"WebSite","@id":"https:\/\/p25r.net\/#website","url":"https:\/\/p25r.net\/","name":"P25R Investment","description":"Istanbul Real Estate","publisher":{"@id":"https:\/\/p25r.net\/#organization"},"alternateName":"P25R \u0644\u0644\u0627\u0633\u062a\u062b\u0645\u0627\u0631 \u0627\u0644\u0639\u0642\u0627\u0631\u064a \u0641\u064a \u0625\u0633\u0637\u0646\u0628\u0648\u0644","potentialAction":[{"@type":"SearchAction","target":{"@type":"EntryPoint","urlTemplate":"https:\/\/p25r.net\/?s={search_term_string}"},"query-input":{"@type":"PropertyValueSpecification","valueRequired":true,"valueName":"search_term_string"}}],"inLanguage":"en-US"},{"@type":"Organization","@id":"https:\/\/p25r.net\/#organization","name":"P25R Real Estate Investment Company","alternateName":"\u0639\u0642\u0627\u0631\u0627\u062a \u0627\u0633\u0637\u0646\u0628\u0648\u0644 P25R","url":"https:\/\/p25r.net\/","logo":{"@type":"ImageObject","inLanguage":"en-US","@id":"https:\/\/p25r.net\/#\/schema\/logo\/image\/","url":"https:\/\/p25r.net\/wp-content\/uploads\/2025\/05\/p25r-logo-e1747079772978.png","contentUrl":"https:\/\/p25r.net\/wp-content\/uploads\/2025\/05\/p25r-logo-e1747079772978.png","width":1013,"height":740,"caption":"\u0634\u0631\u0643\u0629 P25R \u0644\u0644\u0627\u0633\u062a\u062b\u0645\u0627\u0631 \u0627\u0644\u0639\u0642\u0627\u0631\u064a"},"image":{"@id":"https:\/\/p25r.net\/#\/schema\/logo\/image\/"},"sameAs":["https:\/\/www.facebook.com\/share\/19srpNag5p\/?mibextid=wwXIfr","https:\/\/www.instagram.com\/p25r"]}]}},"_links":{"self":[{"href":"https:\/\/p25r.net\/en\/wp-json\/wp\/v2\/product\/14244","targetHints":{"allow":["GET"]}}],"collection":[{"href":"https:\/\/p25r.net\/en\/wp-json\/wp\/v2\/product"}],"about":[{"href":"https:\/\/p25r.net\/en\/wp-json\/wp\/v2\/types\/product"}],"version-history":[{"count":0,"href":"https:\/\/p25r.net\/en\/wp-json\/wp\/v2\/product\/14244\/revisions"}],"wp:featuredmedia":[{"embeddable":true,"href":"https:\/\/p25r.net\/en\/wp-json\/wp\/v2\/media\/17311"}],"wp:attachment":[{"href":"https:\/\/p25r.net\/en\/wp-json\/wp\/v2\/media?parent=14244"}],"wp:term":[{"taxonomy":"product_brand","embeddable":true,"href":"https:\/\/p25r.net\/en\/wp-json\/wp\/v2\/product_brand?post=14244"},{"taxonomy":"product_cat","embeddable":true,"href":"https:\/\/p25r.net\/en\/wp-json\/wp\/v2\/product_cat?post=14244"},{"taxonomy":"product_tag","embeddable":true,"href":"https:\/\/p25r.net\/en\/wp-json\/wp\/v2\/product_tag?post=14244"}],"curies":[{"name":"wp","href":"https:\/\/api.w.org\/{rel}","templated":true}]}}