{"id":14238,"date":"2025-07-19T13:46:18","date_gmt":"2025-07-19T10:46:18","guid":{"rendered":"https:\/\/p25r.net\/?post_type=product&#038;p=14238"},"modified":"2025-09-04T22:31:10","modified_gmt":"2025-09-04T19:31:10","slug":"tuna-park","status":"publish","type":"product","link":"https:\/\/p25r.net\/en\/istanbul-properties\/tuna-park\/","title":{"rendered":"Tuna Park"},"content":{"rendered":"<p><b>Tuna Park B\u00fcy\u00fck\u00e7ekmece Istanbul<\/b><span style=\"font-weight: 400;\"> A modern project combining comfort, spaciousness, and open sea and lake views. It offers contemporary apartments within an integrated residential complex that combines comfort, privacy, and a strategic location.<\/span><\/p>\n<h2><b>Prices and spaces<\/b><\/h2>\n<ul>\n<li><span style=\"font-weight: 400;\">1+1 | 70 m\u00b2 for $169,000<\/span><\/li>\n<li><span style=\"font-weight: 400;\">2+1 | 107 m\u00b2 for $255,000<\/span><\/li>\n<li><span style=\"font-weight: 400;\">3+1 | 220 m\u00b2 for $550,000<\/span><\/li>\n<li><span style=\"font-weight: 400;\">4+1 | 220 m\u00b2 for $550,000<\/span>&nbsp;<\/li>\n<\/ul>\n<h2><b>Project Features<\/b><\/h2>\n<ul>\n<li><span style=\"font-weight: 400;\">Project area: 42,000 m\u00b2<\/span><\/li>\n<li><span style=\"font-weight: 400;\">It consists of two 20-story buildings<\/span><\/li>\n<li><span style=\"font-weight: 400;\">It contains only 159 apartments to ensure privacy<\/span><\/li>\n<li><span style=\"font-weight: 400;\">6 shops to serve the residents<\/span><\/li>\n<li><span style=\"font-weight: 400;\">Extensive green spaces with a direct view of Lake B\u00fcy\u00fck\u00e7ekmece and the sea<\/span><b><br \/>\n<\/b><\/li>\n<li style=\"font-weight: 400;\" aria-level=\"1\"><span style=\"font-weight: 400;\">Summer swimming pool<\/span><\/li>\n<li style=\"font-weight: 400;\" aria-level=\"1\"><span style=\"font-weight: 400;\">Sauna, Turkish bath, fitness center<\/span><\/li>\n<li style=\"font-weight: 400;\" aria-level=\"1\"><span style=\"font-weight: 400;\">Integrated security system and 24\/7 surveillance cameras<\/span>&nbsp;<\/li>\n<\/ul>\n<h2><b>Site Features<\/b><\/h2>\n<ul>\n<li><span style=\"font-weight: 400;\">50 meters from the bus stop<\/span><\/li>\n<li><span style=\"font-weight: 400;\">550 meters from the nearest school<\/span><\/li>\n<li><span style=\"font-weight: 400;\">5 km from Aydin University<\/span><span style=\"font-weight: 400;\">Easy access to the TEM highway<\/span>&nbsp;<\/li>\n<\/ul>\n<h2><b>Obtaining Turkish citizenship\u00a0<\/b><\/h2>\n<p><span style=\"font-weight: 400;\">When you own property in Tuna Park, you can easily apply for Turkish citizenship, within the approved legal conditions.<\/span><\/p>\n<h2><b>Why choose Tuna Park?<\/b><\/h2>\n<ul>\n<li><span style=\"font-weight: 400;\">A charming view of the sea and lake<\/span><\/li>\n<li><span style=\"font-weight: 400;\">Ideal location between natural tranquility and services<\/span><\/li>\n<li><span style=\"font-weight: 400;\">Modern design and spacious areas<\/span><\/li>\n<li><span style=\"font-weight: 400;\">A fully integrated complex suitable for living or investment<\/span><\/li>\n<li><span style=\"font-weight: 400;\">Ready for occupancy by the end of 2025<\/span><b>\u00a0<\/b><\/li>\n<\/ul>\n<p><b><\/b><b>Don&#039;t miss the opportunity!<\/b><span style=\"font-weight: 400;\"> Your home with a sea view in B\u00fcy\u00fck\u00e7ekmece may be closer than you expect\u2026<\/span><span style=\"font-weight: 400;\"><br \/>\n<\/span><b> Contact us now and book your free consultation! <\/b><span style=\"font-weight: 400;\">With one of our real estate experts, let us guide you to choose what is best for you.<\/span><\/p>","protected":false},"excerpt":{"rendered":"<p data-start=\"584\" data-end=\"876\"><strong data-start=\"584\" data-end=\"605\">\u062a\u0648\u0646\u0627 \u0628\u0627\u0631\u0643 \u0625\u0633\u0637\u0646\u0628\u0648\u0644<\/strong> \u0645\u0634\u0631\u0648\u0639 \u0633\u0643\u0646\u064a \u0631\u0627\u0642\u064d \u0641\u064a \u0628\u064a\u0648\u0643\u0634\u0643\u0645\u062c\u064a \u064a\u0636\u0645 159 \u0634\u0642\u0629 \u0641\u0642\u0637 \u0644\u0636\u0645\u0627\u0646 \u0627\u0644\u062e\u0635\u0648\u0635\u064a\u0629\u060c \u0628\u0625\u0637\u0644\u0627\u0644\u0627\u062a \u0645\u0628\u0627\u0634\u0631\u0629 \u0639\u0644\u0649 \u0627\u0644\u0628\u062d\u0631 \u0648\u0627\u0644\u0628\u062d\u064a\u0631\u0629. \u064a\u062a\u0645\u064a\u0632 \u0628\u062a\u0635\u0645\u064a\u0645 \u0639\u0635\u0631\u064a\u060c \u0645\u0633\u0627\u062d\u0627\u062a \u0648\u0627\u0633\u0639\u0629\u060c \u0648\u062e\u062f\u0645\u0627\u062a \u0645\u062a\u0643\u0627\u0645\u0644\u0629 \u062a\u0634\u0645\u0644 \u0627\u0644\u0645\u0633\u0627\u0628\u062d \u0648\u0627\u0644\u0645\u0631\u0627\u0641\u0642 \u0627\u0644\u0635\u062d\u064a\u0629. \u062c\u0627\u0647\u0632 \u0644\u0644\u062a\u0633\u0644\u064a\u0645 \u0646\u0647\u0627\u064a\u0629 2025\u060c \u0645\u0624\u0647\u0644 \u0644\u0644\u062c\u0646\u0633\u064a\u0629 \u0627\u0644\u062a\u0631\u0643\u064a\u0629\u060c \u0648\u064a\u0642\u062f\u0651\u0645 \u062e\u064a\u0627\u0631\u0627\u062a \u062f\u0641\u0639 \u0645\u0631\u0646\u0629 \u062a\u0646\u0627\u0633\u0628 \u0627\u0644\u0633\u0643\u0646 \u0648\u0627\u0644\u0627\u0633\u062a\u062b\u0645\u0627\u0631.<\/p>","protected":false},"featured_media":17300,"template":"","meta":{"_acf_changed":false},"product_brand":[],"product_cat":[107],"product_tag":[],"class_list":{"0":"post-14238","1":"product","2":"type-product","3":"status-publish","4":"has-post-thumbnail","6":"product_cat-apartments","8":"first","9":"instock","10":"shipping-taxable","11":"purchasable","12":"product-type-simple"},"acf":[],"yoast_head":"<!-- This site is optimized with the Yoast SEO plugin v27.5 - https:\/\/yoast.com\/product\/yoast-seo-wordpress\/ -->\n<title>\u062a\u0648\u0646\u0627 \u0628\u0627\u0631\u0643 - P25R Investment<\/title>\n<meta name=\"description\" content=\"\u062a\u0648\u0646\u0627 \u0628\u0627\u0631\u0643 \u0628\u064a\u0648\u0643\u0634\u0643\u0645\u062c\u064a \u0634\u0642\u0642 \u0641\u0627\u062e\u0631\u0629 \u0628\u0625\u0637\u0644\u0627\u0644\u0627\u062a \u0639\u0644\u0649 \u0627\u0644\u0628\u062d\u0631 \u0648\u0627\u0644\u0628\u062d\u064a\u0631\u0629\u060c \u062a\u0635\u0645\u064a\u0645 \u0639\u0635\u0631\u064a \u0648\u062e\u062f\u0645\u0627\u062a \u0645\u062a\u0643\u0627\u0645\u0644\u0629\u060c \u0645\u0648\u0642\u0639 \u0645\u0645\u064a\u0632 \u0648\u062e\u064a\u0627\u0631\u0627\u062a \u062f\u0641\u0639 \u0645\u0631\u0646\u0629 \u0645\u0639 \u0625\u0645\u0643\u0627\u0646\u064a\u0629 \u0627\u0644\u062d\u0635\u0648\u0644 \u0639\u0644\u0649 \u0627\u0644\u062c\u0646\u0633\u064a\u0629 \u0627\u0644\u062a\u0631\u0643\u064a\u0629.\" \/>\n<meta name=\"robots\" content=\"index, follow, max-snippet:-1, max-image-preview:large, max-video-preview:-1\" \/>\n<link rel=\"canonical\" href=\"https:\/\/p25r.net\/en\/istanbul-properties\/tuna-park\/\" \/>\n<meta property=\"og:locale\" content=\"en_US\" \/>\n<meta property=\"og:type\" content=\"article\" \/>\n<meta property=\"og:title\" content=\"\u062a\u0648\u0646\u0627 \u0628\u0627\u0631\u0643 \u0628\u064a\u0648\u0643\u0634\u0643\u0645\u062c\u0647 \u2013 \u0634\u0642\u0642 \u0628\u0625\u0637\u0644\u0627\u0644\u0627\u062a \u0628\u062d\u0631\u064a\u0629 \u0641\u064a \u0625\u0633\u0637\u0646\u0628\u0648\u0644\" \/>\n<meta property=\"og:description\" content=\"\u0645\u0634\u0631\u0648\u0639 \u062a\u0648\u0646\u0627 \u0628\u0627\u0631\u0643 \u064a\u0642\u062f\u0645 \u0634\u0642\u0642\u064b\u0627 \u0639\u0635\u0631\u064a\u0629 \u0628\u0625\u0637\u0644\u0627\u0644\u0627\u062a \u0639\u0644\u0649 \u0627\u0644\u0628\u062d\u0631 \u0648\u0627\u0644\u0628\u062d\u064a\u0631\u0629\u060c \u0636\u0645\u0646 \u0645\u062c\u0645\u0639 \u0645\u062a\u0643\u0627\u0645\u0644 \u0628\u0645\u0648\u0642\u0639 \u0627\u0633\u062a\u0631\u0627\u062a\u064a\u062c\u064a . \u062c\u0627\u0647\u0632 \u0644\u0644\u0633\u0643\u0646 \u0646\u0647\u0627\u064a\u0629 2025 \u0648\u0645\u0624\u0647\u0644 \u0644\u0644\u062c\u0646\u0633\u064a\u0629 \u0627\u0644\u062a\u0631\u0643\u064a\u0629.\" \/>\n<meta property=\"og:url\" content=\"https:\/\/p25r.net\/en\/istanbul-properties\/tuna-park\/\" \/>\n<meta property=\"og:site_name\" content=\"P25R Investment\" \/>\n<meta property=\"article:publisher\" content=\"https:\/\/www.facebook.com\/share\/19srpNag5p\/?mibextid=wwXIfr\" \/>\n<meta property=\"article:modified_time\" content=\"2025-09-04T19:31:10+00:00\" \/>\n<meta property=\"og:image\" content=\"https:\/\/p25r.net\/wp-content\/uploads\/2025\/08\/TUNA-PARK-3.webp\" \/>\n\t<meta property=\"og:image:width\" content=\"800\" \/>\n\t<meta property=\"og:image:height\" content=\"800\" \/>\n\t<meta property=\"og:image:type\" content=\"image\/webp\" \/>\n<meta name=\"twitter:card\" content=\"summary_large_image\" \/>\n<meta name=\"twitter:title\" content=\"\u062a\u0648\u0646\u0627 \u0628\u0627\u0631\u0643 \u2013 \u0634\u0642\u0642 \u0639\u0635\u0631\u064a\u0629 \u0628\u0625\u0637\u0644\u0627\u0644\u0627\u062a \u0639\u0644\u0649 \u0627\u0644\u0628\u062d\u0631 \u0648\u0627\u0644\u0628\u062d\u064a\u0631\u0629\" \/>\n<meta name=\"twitter:description\" content=\"\u0645\u0634\u0631\u0648\u0639 \u062a\u0648\u0646\u0627 \u0628\u0627\u0631\u0643 \u0628\u064a\u0648\u0643\u0634\u0643\u0645\u062c\u064a \u0634\u0642\u0642 \u0628\u0625\u0637\u0644\u0627\u0644\u0627\u062a \u0628\u062d\u0631\u064a\u0629 \u0645\u0645\u064a\u0632\u0629\u060c \u062a\u0635\u0645\u064a\u0645 \u0639\u0635\u0631\u064a \u0648\u0645\u0648\u0642\u0639 \u0627\u0633\u062a\u0631\u0627\u062a\u064a\u062c\u064a\u060c \u062c\u0627\u0647\u0632\u0629 \u0644\u0644\u062a\u0633\u0644\u064a\u0645 \u0646\u0647\u0627\u064a\u0629 2025 \u0648\u0645\u0624\u0647\u0644\u0629 \u0644\u0644\u062c\u0646\u0633\u064a\u0629 \u0627\u0644\u062a\u0631\u0643\u064a\u0629.\" \/>\n<script type=\"application\/ld+json\" class=\"yoast-schema-graph\">{\"@context\":\"https:\\\/\\\/schema.org\",\"@graph\":[{\"@type\":[\"WebPage\",\"RealEstateListing\"],\"@id\":\"https:\\\/\\\/p25r.net\\\/istanbul-properties\\\/tuna-park\\\/\",\"url\":\"https:\\\/\\\/p25r.net\\\/istanbul-properties\\\/tuna-park\\\/\",\"name\":\"\u062a\u0648\u0646\u0627 \u0628\u0627\u0631\u0643 - P25R Investment\",\"isPartOf\":{\"@id\":\"https:\\\/\\\/p25r.net\\\/#website\"},\"primaryImageOfPage\":{\"@id\":\"https:\\\/\\\/p25r.net\\\/istanbul-properties\\\/tuna-park\\\/#primaryimage\"},\"image\":{\"@id\":\"https:\\\/\\\/p25r.net\\\/istanbul-properties\\\/tuna-park\\\/#primaryimage\"},\"thumbnailUrl\":\"https:\\\/\\\/p25r.net\\\/wp-content\\\/uploads\\\/2025\\\/08\\\/TUNA-PARK-3.webp\",\"datePublished\":\"2025-07-19T10:46:18+00:00\",\"dateModified\":\"2025-09-04T19:31:10+00:00\",\"description\":\"\u062a\u0648\u0646\u0627 \u0628\u0627\u0631\u0643 \u0628\u064a\u0648\u0643\u0634\u0643\u0645\u062c\u064a \u0634\u0642\u0642 \u0641\u0627\u062e\u0631\u0629 \u0628\u0625\u0637\u0644\u0627\u0644\u0627\u062a \u0639\u0644\u0649 \u0627\u0644\u0628\u062d\u0631 \u0648\u0627\u0644\u0628\u062d\u064a\u0631\u0629\u060c \u062a\u0635\u0645\u064a\u0645 \u0639\u0635\u0631\u064a \u0648\u062e\u062f\u0645\u0627\u062a \u0645\u062a\u0643\u0627\u0645\u0644\u0629\u060c \u0645\u0648\u0642\u0639 \u0645\u0645\u064a\u0632 \u0648\u062e\u064a\u0627\u0631\u0627\u062a \u062f\u0641\u0639 \u0645\u0631\u0646\u0629 \u0645\u0639 \u0625\u0645\u0643\u0627\u0646\u064a\u0629 \u0627\u0644\u062d\u0635\u0648\u0644 \u0639\u0644\u0649 \u0627\u0644\u062c\u0646\u0633\u064a\u0629 \u0627\u0644\u062a\u0631\u0643\u064a\u0629.\",\"breadcrumb\":{\"@id\":\"https:\\\/\\\/p25r.net\\\/istanbul-properties\\\/tuna-park\\\/#breadcrumb\"},\"inLanguage\":\"en-US\",\"potentialAction\":[{\"@type\":\"ReadAction\",\"target\":[\"https:\\\/\\\/p25r.net\\\/istanbul-properties\\\/tuna-park\\\/\"]}]},{\"@type\":\"ImageObject\",\"inLanguage\":\"en-US\",\"@id\":\"https:\\\/\\\/p25r.net\\\/istanbul-properties\\\/tuna-park\\\/#primaryimage\",\"url\":\"https:\\\/\\\/p25r.net\\\/wp-content\\\/uploads\\\/2025\\\/08\\\/TUNA-PARK-3.webp\",\"contentUrl\":\"https:\\\/\\\/p25r.net\\\/wp-content\\\/uploads\\\/2025\\\/08\\\/TUNA-PARK-3.webp\",\"width\":800,\"height\":800,\"caption\":\"\u062a\u0648\u0646\u0627 \u0628\u0627\u0631\u0643 \u0628\u064a\u0648\u0643\u0634\u0643\u0645\u062c\u064a \u0625\u0633\u0637\u0646\u0628\u0648\u0644\"},{\"@type\":\"BreadcrumbList\",\"@id\":\"https:\\\/\\\/p25r.net\\\/istanbul-properties\\\/tuna-park\\\/#breadcrumb\",\"itemListElement\":[{\"@type\":\"ListItem\",\"position\":1,\"name\":\"\u0627\u0644\u0631\u0626\u064a\u0633\u064a\u0629\",\"item\":\"https:\\\/\\\/p25r.net\\\/\"},{\"@type\":\"ListItem\",\"position\":2,\"name\":\"\u0639\u0642\u0627\u0631\u0627\u062a \u0627\u0633\u0637\u0646\u0628\u0648\u0644\",\"item\":\"https:\\\/\\\/p25r.net\\\/istanbul-properties\\\/\"},{\"@type\":\"ListItem\",\"position\":3,\"name\":\"\u062a\u0648\u0646\u0627 \u0628\u0627\u0631\u0643\"}]},{\"@type\":\"WebSite\",\"@id\":\"https:\\\/\\\/p25r.net\\\/#website\",\"url\":\"https:\\\/\\\/p25r.net\\\/\",\"name\":\"P25R Investment\",\"description\":\"\u0639\u0642\u0627\u0631\u0627\u062a \u0627\u0633\u0637\u0646\u0628\u0648\u0644\",\"publisher\":{\"@id\":\"https:\\\/\\\/p25r.net\\\/#organization\"},\"alternateName\":\"P25R \u0644\u0644\u0627\u0633\u062a\u062b\u0645\u0627\u0631 \u0627\u0644\u0639\u0642\u0627\u0631\u064a \u0641\u064a \u0625\u0633\u0637\u0646\u0628\u0648\u0644\",\"potentialAction\":[{\"@type\":\"SearchAction\",\"target\":{\"@type\":\"EntryPoint\",\"urlTemplate\":\"https:\\\/\\\/p25r.net\\\/?s={search_term_string}\"},\"query-input\":{\"@type\":\"PropertyValueSpecification\",\"valueRequired\":true,\"valueName\":\"search_term_string\"}}],\"inLanguage\":\"en-US\"},{\"@type\":\"Organization\",\"@id\":\"https:\\\/\\\/p25r.net\\\/#organization\",\"name\":\"\u0634\u0631\u0643\u0629 P25R \u0644\u0644\u0627\u0633\u062a\u062b\u0645\u0627\u0631 \u0627\u0644\u0639\u0642\u0627\u0631\u064a\",\"alternateName\":\"\u0639\u0642\u0627\u0631\u0627\u062a \u0627\u0633\u0637\u0646\u0628\u0648\u0644 P25R\",\"url\":\"https:\\\/\\\/p25r.net\\\/\",\"logo\":{\"@type\":\"ImageObject\",\"inLanguage\":\"en-US\",\"@id\":\"https:\\\/\\\/p25r.net\\\/#\\\/schema\\\/logo\\\/image\\\/\",\"url\":\"https:\\\/\\\/p25r.net\\\/wp-content\\\/uploads\\\/2025\\\/05\\\/p25r-logo-e1747079772978.png\",\"contentUrl\":\"https:\\\/\\\/p25r.net\\\/wp-content\\\/uploads\\\/2025\\\/05\\\/p25r-logo-e1747079772978.png\",\"width\":1013,\"height\":740,\"caption\":\"\u0634\u0631\u0643\u0629 P25R \u0644\u0644\u0627\u0633\u062a\u062b\u0645\u0627\u0631 \u0627\u0644\u0639\u0642\u0627\u0631\u064a\"},\"image\":{\"@id\":\"https:\\\/\\\/p25r.net\\\/#\\\/schema\\\/logo\\\/image\\\/\"},\"sameAs\":[\"https:\\\/\\\/www.facebook.com\\\/share\\\/19srpNag5p\\\/?mibextid=wwXIfr\",\"https:\\\/\\\/www.instagram.com\\\/p25r\"]}]}<\/script>\n<!-- \/ Yoast SEO plugin. -->","yoast_head_json":{"title":"\u062a\u0648\u0646\u0627 \u0628\u0627\u0631\u0643 - P25R Investment","description":"\u062a\u0648\u0646\u0627 \u0628\u0627\u0631\u0643 \u0628\u064a\u0648\u0643\u0634\u0643\u0645\u062c\u064a \u0634\u0642\u0642 \u0641\u0627\u062e\u0631\u0629 \u0628\u0625\u0637\u0644\u0627\u0644\u0627\u062a \u0639\u0644\u0649 \u0627\u0644\u0628\u062d\u0631 \u0648\u0627\u0644\u0628\u062d\u064a\u0631\u0629\u060c \u062a\u0635\u0645\u064a\u0645 \u0639\u0635\u0631\u064a \u0648\u062e\u062f\u0645\u0627\u062a \u0645\u062a\u0643\u0627\u0645\u0644\u0629\u060c \u0645\u0648\u0642\u0639 \u0645\u0645\u064a\u0632 \u0648\u062e\u064a\u0627\u0631\u0627\u062a \u062f\u0641\u0639 \u0645\u0631\u0646\u0629 \u0645\u0639 \u0625\u0645\u0643\u0627\u0646\u064a\u0629 \u0627\u0644\u062d\u0635\u0648\u0644 \u0639\u0644\u0649 \u0627\u0644\u062c\u0646\u0633\u064a\u0629 \u0627\u0644\u062a\u0631\u0643\u064a\u0629.","robots":{"index":"index","follow":"follow","max-snippet":"max-snippet:-1","max-image-preview":"max-image-preview:large","max-video-preview":"max-video-preview:-1"},"canonical":"https:\/\/p25r.net\/en\/istanbul-properties\/tuna-park\/","og_locale":"en_US","og_type":"article","og_title":"\u062a\u0648\u0646\u0627 \u0628\u0627\u0631\u0643 \u0628\u064a\u0648\u0643\u0634\u0643\u0645\u062c\u0647 \u2013 \u0634\u0642\u0642 \u0628\u0625\u0637\u0644\u0627\u0644\u0627\u062a \u0628\u062d\u0631\u064a\u0629 \u0641\u064a \u0625\u0633\u0637\u0646\u0628\u0648\u0644","og_description":"\u0645\u0634\u0631\u0648\u0639 \u062a\u0648\u0646\u0627 \u0628\u0627\u0631\u0643 \u064a\u0642\u062f\u0645 \u0634\u0642\u0642\u064b\u0627 \u0639\u0635\u0631\u064a\u0629 \u0628\u0625\u0637\u0644\u0627\u0644\u0627\u062a \u0639\u0644\u0649 \u0627\u0644\u0628\u062d\u0631 \u0648\u0627\u0644\u0628\u062d\u064a\u0631\u0629\u060c \u0636\u0645\u0646 \u0645\u062c\u0645\u0639 \u0645\u062a\u0643\u0627\u0645\u0644 \u0628\u0645\u0648\u0642\u0639 \u0627\u0633\u062a\u0631\u0627\u062a\u064a\u062c\u064a . \u062c\u0627\u0647\u0632 \u0644\u0644\u0633\u0643\u0646 \u0646\u0647\u0627\u064a\u0629 2025 \u0648\u0645\u0624\u0647\u0644 \u0644\u0644\u062c\u0646\u0633\u064a\u0629 \u0627\u0644\u062a\u0631\u0643\u064a\u0629.","og_url":"https:\/\/p25r.net\/en\/istanbul-properties\/tuna-park\/","og_site_name":"P25R Investment","article_publisher":"https:\/\/www.facebook.com\/share\/19srpNag5p\/?mibextid=wwXIfr","article_modified_time":"2025-09-04T19:31:10+00:00","og_image":[{"width":800,"height":800,"url":"https:\/\/p25r.net\/wp-content\/uploads\/2025\/08\/TUNA-PARK-3.webp","type":"image\/webp"}],"twitter_card":"summary_large_image","twitter_title":"\u062a\u0648\u0646\u0627 \u0628\u0627\u0631\u0643 \u2013 \u0634\u0642\u0642 \u0639\u0635\u0631\u064a\u0629 \u0628\u0625\u0637\u0644\u0627\u0644\u0627\u062a \u0639\u0644\u0649 \u0627\u0644\u0628\u062d\u0631 \u0648\u0627\u0644\u0628\u062d\u064a\u0631\u0629","twitter_description":"\u0645\u0634\u0631\u0648\u0639 \u062a\u0648\u0646\u0627 \u0628\u0627\u0631\u0643 \u0628\u064a\u0648\u0643\u0634\u0643\u0645\u062c\u064a \u0634\u0642\u0642 \u0628\u0625\u0637\u0644\u0627\u0644\u0627\u062a \u0628\u062d\u0631\u064a\u0629 \u0645\u0645\u064a\u0632\u0629\u060c \u062a\u0635\u0645\u064a\u0645 \u0639\u0635\u0631\u064a \u0648\u0645\u0648\u0642\u0639 \u0627\u0633\u062a\u0631\u0627\u062a\u064a\u062c\u064a\u060c \u062c\u0627\u0647\u0632\u0629 \u0644\u0644\u062a\u0633\u0644\u064a\u0645 \u0646\u0647\u0627\u064a\u0629 2025 \u0648\u0645\u0624\u0647\u0644\u0629 \u0644\u0644\u062c\u0646\u0633\u064a\u0629 \u0627\u0644\u062a\u0631\u0643\u064a\u0629.","schema":{"@context":"https:\/\/schema.org","@graph":[{"@type":["WebPage","RealEstateListing"],"@id":"https:\/\/p25r.net\/istanbul-properties\/tuna-park\/","url":"https:\/\/p25r.net\/istanbul-properties\/tuna-park\/","name":"\u062a\u0648\u0646\u0627 \u0628\u0627\u0631\u0643 - P25R Investment","isPartOf":{"@id":"https:\/\/p25r.net\/#website"},"primaryImageOfPage":{"@id":"https:\/\/p25r.net\/istanbul-properties\/tuna-park\/#primaryimage"},"image":{"@id":"https:\/\/p25r.net\/istanbul-properties\/tuna-park\/#primaryimage"},"thumbnailUrl":"https:\/\/p25r.net\/wp-content\/uploads\/2025\/08\/TUNA-PARK-3.webp","datePublished":"2025-07-19T10:46:18+00:00","dateModified":"2025-09-04T19:31:10+00:00","description":"\u062a\u0648\u0646\u0627 \u0628\u0627\u0631\u0643 \u0628\u064a\u0648\u0643\u0634\u0643\u0645\u062c\u064a \u0634\u0642\u0642 \u0641\u0627\u062e\u0631\u0629 \u0628\u0625\u0637\u0644\u0627\u0644\u0627\u062a \u0639\u0644\u0649 \u0627\u0644\u0628\u062d\u0631 \u0648\u0627\u0644\u0628\u062d\u064a\u0631\u0629\u060c \u062a\u0635\u0645\u064a\u0645 \u0639\u0635\u0631\u064a \u0648\u062e\u062f\u0645\u0627\u062a \u0645\u062a\u0643\u0627\u0645\u0644\u0629\u060c \u0645\u0648\u0642\u0639 \u0645\u0645\u064a\u0632 \u0648\u062e\u064a\u0627\u0631\u0627\u062a \u062f\u0641\u0639 \u0645\u0631\u0646\u0629 \u0645\u0639 \u0625\u0645\u0643\u0627\u0646\u064a\u0629 \u0627\u0644\u062d\u0635\u0648\u0644 \u0639\u0644\u0649 \u0627\u0644\u062c\u0646\u0633\u064a\u0629 \u0627\u0644\u062a\u0631\u0643\u064a\u0629.","breadcrumb":{"@id":"https:\/\/p25r.net\/istanbul-properties\/tuna-park\/#breadcrumb"},"inLanguage":"en-US","potentialAction":[{"@type":"ReadAction","target":["https:\/\/p25r.net\/istanbul-properties\/tuna-park\/"]}]},{"@type":"ImageObject","inLanguage":"en-US","@id":"https:\/\/p25r.net\/istanbul-properties\/tuna-park\/#primaryimage","url":"https:\/\/p25r.net\/wp-content\/uploads\/2025\/08\/TUNA-PARK-3.webp","contentUrl":"https:\/\/p25r.net\/wp-content\/uploads\/2025\/08\/TUNA-PARK-3.webp","width":800,"height":800,"caption":"\u062a\u0648\u0646\u0627 \u0628\u0627\u0631\u0643 \u0628\u064a\u0648\u0643\u0634\u0643\u0645\u062c\u064a \u0625\u0633\u0637\u0646\u0628\u0648\u0644"},{"@type":"BreadcrumbList","@id":"https:\/\/p25r.net\/istanbul-properties\/tuna-park\/#breadcrumb","itemListElement":[{"@type":"ListItem","position":1,"name":"\u0627\u0644\u0631\u0626\u064a\u0633\u064a\u0629","item":"https:\/\/p25r.net\/"},{"@type":"ListItem","position":2,"name":"\u0639\u0642\u0627\u0631\u0627\u062a \u0627\u0633\u0637\u0646\u0628\u0648\u0644","item":"https:\/\/p25r.net\/istanbul-properties\/"},{"@type":"ListItem","position":3,"name":"\u062a\u0648\u0646\u0627 \u0628\u0627\u0631\u0643"}]},{"@type":"WebSite","@id":"https:\/\/p25r.net\/#website","url":"https:\/\/p25r.net\/","name":"P25R Investment","description":"Istanbul Real Estate","publisher":{"@id":"https:\/\/p25r.net\/#organization"},"alternateName":"P25R \u0644\u0644\u0627\u0633\u062a\u062b\u0645\u0627\u0631 \u0627\u0644\u0639\u0642\u0627\u0631\u064a \u0641\u064a \u0625\u0633\u0637\u0646\u0628\u0648\u0644","potentialAction":[{"@type":"SearchAction","target":{"@type":"EntryPoint","urlTemplate":"https:\/\/p25r.net\/?s={search_term_string}"},"query-input":{"@type":"PropertyValueSpecification","valueRequired":true,"valueName":"search_term_string"}}],"inLanguage":"en-US"},{"@type":"Organization","@id":"https:\/\/p25r.net\/#organization","name":"P25R Real Estate Investment Company","alternateName":"\u0639\u0642\u0627\u0631\u0627\u062a \u0627\u0633\u0637\u0646\u0628\u0648\u0644 P25R","url":"https:\/\/p25r.net\/","logo":{"@type":"ImageObject","inLanguage":"en-US","@id":"https:\/\/p25r.net\/#\/schema\/logo\/image\/","url":"https:\/\/p25r.net\/wp-content\/uploads\/2025\/05\/p25r-logo-e1747079772978.png","contentUrl":"https:\/\/p25r.net\/wp-content\/uploads\/2025\/05\/p25r-logo-e1747079772978.png","width":1013,"height":740,"caption":"\u0634\u0631\u0643\u0629 P25R \u0644\u0644\u0627\u0633\u062a\u062b\u0645\u0627\u0631 \u0627\u0644\u0639\u0642\u0627\u0631\u064a"},"image":{"@id":"https:\/\/p25r.net\/#\/schema\/logo\/image\/"},"sameAs":["https:\/\/www.facebook.com\/share\/19srpNag5p\/?mibextid=wwXIfr","https:\/\/www.instagram.com\/p25r"]}]}},"_links":{"self":[{"href":"https:\/\/p25r.net\/en\/wp-json\/wp\/v2\/product\/14238","targetHints":{"allow":["GET"]}}],"collection":[{"href":"https:\/\/p25r.net\/en\/wp-json\/wp\/v2\/product"}],"about":[{"href":"https:\/\/p25r.net\/en\/wp-json\/wp\/v2\/types\/product"}],"version-history":[{"count":0,"href":"https:\/\/p25r.net\/en\/wp-json\/wp\/v2\/product\/14238\/revisions"}],"wp:featuredmedia":[{"embeddable":true,"href":"https:\/\/p25r.net\/en\/wp-json\/wp\/v2\/media\/17300"}],"wp:attachment":[{"href":"https:\/\/p25r.net\/en\/wp-json\/wp\/v2\/media?parent=14238"}],"wp:term":[{"taxonomy":"product_brand","embeddable":true,"href":"https:\/\/p25r.net\/en\/wp-json\/wp\/v2\/product_brand?post=14238"},{"taxonomy":"product_cat","embeddable":true,"href":"https:\/\/p25r.net\/en\/wp-json\/wp\/v2\/product_cat?post=14238"},{"taxonomy":"product_tag","embeddable":true,"href":"https:\/\/p25r.net\/en\/wp-json\/wp\/v2\/product_tag?post=14238"}],"curies":[{"name":"wp","href":"https:\/\/api.w.org\/{rel}","templated":true}]}}