{"id":14222,"date":"2025-07-19T13:34:42","date_gmt":"2025-07-19T10:34:42","guid":{"rendered":"https:\/\/p25r.net\/?post_type=product&#038;p=14222"},"modified":"2025-09-04T22:59:29","modified_gmt":"2025-09-04T19:59:29","slug":"tual-comfort","status":"publish","type":"product","link":"https:\/\/p25r.net\/en\/istanbul-properties\/tual-comfort\/","title":{"rendered":"Toilet Comfort"},"content":{"rendered":"<p><b>Toilet Comfort Spartacusi<\/b> <span style=\"font-weight: 400;\">Avc\u0131lar <\/span><span style=\"font-weight: 400;\">Your chance to own a residential or commercial property in one of Istanbul&#039;s fastest-growing residential areas. This project offers modern apartments with stunning views of K\u00fc\u00e7\u00fck\u00e7ekmece Lake, in a fully integrated residential and commercial development suitable for families and investors seeking a vibrant location and modern amenities.<\/span><\/p>\n<h2><b>Prices and spaces\u00a0<\/b><\/h2>\n<ul>\n<li style=\"font-weight: 400;\" aria-level=\"1\"><span style=\"font-weight: 400;\">2+1 | 103 m\u00b2 for $225,000<\/span><\/li>\n<li style=\"font-weight: 400;\" aria-level=\"1\"><span style=\"font-weight: 400;\">3+1 | 152 m\u00b2 for $375,000<\/span><\/li>\n<li style=\"font-weight: 400;\" aria-level=\"1\"><span style=\"font-weight: 400;\">Commercial spaces | Starting from 89 m\u00b2 and starting at $385,000<\/span><\/li>\n<\/ul>\n<h2><b>Project Features<\/b><\/h2>\n<ul>\n<li style=\"font-weight: 400;\" aria-level=\"1\"><span style=\"font-weight: 400;\">Total area: 24,000 m\u00b2<\/span><\/li>\n<li style=\"font-weight: 400;\" aria-level=\"1\"><span style=\"font-weight: 400;\">6 residential buildings with a height of up to 25 floors<\/span><\/li>\n<li style=\"font-weight: 400;\" aria-level=\"1\"><span style=\"font-weight: 400;\">480 residential apartments and 20 commercial shops<\/span><\/li>\n<li style=\"font-weight: 400;\" aria-level=\"1\"><span style=\"font-weight: 400;\">Open views of K\u00fc\u00e7\u00fck\u00e7ekmece Lake and the city<\/span><\/li>\n<li style=\"font-weight: 400;\" aria-level=\"1\"><span style=\"font-weight: 400;\">vast green spaces<\/span><\/li>\n<li style=\"font-weight: 400;\" aria-level=\"1\"><span style=\"font-weight: 400;\">Indoor pool<\/span><\/li>\n<li style=\"font-weight: 400;\" aria-level=\"1\"><span style=\"font-weight: 400;\">Fitness center<\/span><\/li>\n<li style=\"font-weight: 400;\" aria-level=\"1\"><span style=\"font-weight: 400;\">Sauna and Turkish bath<\/span><\/li>\n<li style=\"font-weight: 400;\" aria-level=\"1\"><span style=\"font-weight: 400;\">Shops and commercial facilities within the project<\/span><\/li>\n<li style=\"font-weight: 400;\" aria-level=\"1\"><span style=\"font-weight: 400;\">24-hour security and surveillance cameras<\/span><\/li>\n<\/ul>\n<h2><b>Site Features<\/b><\/h2>\n<ul>\n<li><span style=\"font-weight: 400;\">100 meters from the bus stop<\/span><\/li>\n<li><span style=\"font-weight: 400;\">800 m from the nearest school<\/span><\/li>\n<li><span style=\"font-weight: 400;\">7 km from Esenyurt Private University<\/span><\/li>\n<li><span style=\"font-weight: 400;\">Directly close to the TEM highway and the future metro line<\/span><\/li>\n<\/ul>\n<h2><b>Obtaining Turkish citizenship\u00a0<\/b><\/h2>\n<p><span style=\"font-weight: 400;\">The Tual Comfort project offers you the opportunity to obtain Turkish citizenship when you purchase a property within the project, with full support from our team specializing in legal procedures.<\/span><\/p>\n<h2><b>Why choose Toile Comfort?<\/b><\/h2>\n<ul>\n<li><span style=\"font-weight: 400;\">A project under construction in one of the most important modern residential areas<\/span><\/li>\n<li><span style=\"font-weight: 400;\">Suitable for family housing and commercial investment<\/span><\/li>\n<li><span style=\"font-weight: 400;\">Stunning views of the lake<\/span><\/li>\n<li><span style=\"font-weight: 400;\">Promising return on investment in an area experiencing rapid urban expansion<\/span><\/li>\n<li><span style=\"font-weight: 400;\">Available in installments or immediate payment<\/span><b>\u00a0<\/b><\/li>\n<\/ul>\n<p><b><\/b><b>Don&#039;t miss your chance! <\/b><span style=\"font-weight: 400;\">Your project at Toile Comfort could be the first step towards a successful investment or luxurious family stability\u2026<\/span><span style=\"font-weight: 400;\"><br \/>\n<\/span><span style=\"font-weight: 400;\"> Contact us now and get a free real estate consultation from our experts. <\/span><b>Istanbul Real Estate<\/b><span style=\"font-weight: 400;\">!<\/span><\/p>","protected":false},"excerpt":{"rendered":"<p data-start=\"602\" data-end=\"887\"><strong data-start=\"602\" data-end=\"626\">\u062a\u0648\u0627\u0644 \u0643\u0648\u0645\u0641\u0648\u0631\u062a \u0625\u0633\u0637\u0646\u0628\u0648\u0644<\/strong> \u0645\u0634\u0631\u0648\u0639 \u0633\u0643\u0646\u064a \u0648\u062a\u062c\u0627\u0631\u064a \u0641\u064a \u0633\u0628\u0627\u0631\u062a\u0627\u0643\u0648\u0644\u064a \u2013 \u0623\u0641\u062c\u0644\u0627\u0631 \u064a\u0636\u0645 480 \u0634\u0642\u0629 \u064820 \u0645\u062d\u0644\u064b\u0627 \u0628\u062a\u0635\u0627\u0645\u064a\u0645 \u0639\u0635\u0631\u064a\u0629 \u0648\u0625\u0637\u0644\u0627\u0644\u0627\u062a \u0639\u0644\u0649 \u0627\u0644\u0628\u062d\u064a\u0631\u0629 \u0648\u0627\u0644\u0645\u062f\u064a\u0646\u0629. \u064a\u062a\u0645\u064a\u0632 \u0628\u0645\u0648\u0642\u0639 \u0627\u0633\u062a\u0631\u0627\u062a\u064a\u062c\u064a \u0642\u0631\u0628 TEM \u0648\u062e\u0637 \u0627\u0644\u0645\u062a\u0631\u0648 \u0627\u0644\u0645\u0633\u062a\u0642\u0628\u0644\u064a\u060c \u0645\u0639 \u062e\u062f\u0645\u0627\u062a \u0645\u062a\u0643\u0627\u0645\u0644\u0629 \u0648\u062c\u0627\u0647\u0632\u064a\u0629 \u0639\u0627\u0644\u064a\u0629. \u0645\u0624\u0647\u0644 \u0644\u0644\u062c\u0646\u0633\u064a\u0629 \u0627\u0644\u062a\u0631\u0643\u064a\u0629 \u0648\u064a\u0648\u0641\u0631 \u062e\u064a\u0627\u0631\u0627\u062a \u062f\u0641\u0639 \u0645\u0631\u0646\u0629 \u062a\u0646\u0627\u0633\u0628 \u0627\u0644\u0633\u0643\u0646 \u0648\u0627\u0644\u0627\u0633\u062a\u062b\u0645\u0627\u0631.<\/p>","protected":false},"featured_media":17288,"template":"","meta":{"_acf_changed":false},"product_brand":[],"product_cat":[107,109],"product_tag":[],"class_list":{"0":"post-14222","1":"product","2":"type-product","3":"status-publish","4":"has-post-thumbnail","6":"product_cat-apartments","7":"product_cat-shops","9":"first","10":"instock","11":"shipping-taxable","12":"purchasable","13":"product-type-simple"},"acf":[],"yoast_head":"<!-- This site is optimized with the Yoast SEO plugin v27.5 - https:\/\/yoast.com\/product\/yoast-seo-wordpress\/ -->\n<title>\u062a\u0648\u0627\u0644 \u0643\u0648\u0645\u0641\u0648\u0631\u062a - P25R Investment<\/title>\n<meta name=\"description\" content=\"\u062a\u0648\u0627\u0644 \u0643\u0648\u0645\u0641\u0648\u0631\u062a \u0633\u0628\u0627\u0631\u062a\u0627\u0643\u0648\u0644\u064a \u0634\u0642\u0642 \u0648\u0645\u062d\u0644\u0627\u062a \u062a\u062c\u0627\u0631\u064a\u0629 \u0628\u0625\u0637\u0644\u0627\u0644\u0627\u062a \u0639\u0644\u0649 \u0628\u062d\u064a\u0631\u0629 \u0643\u0648\u062a\u0634\u0648\u0643 \u0634\u0643\u0645\u062c\u0647\u060c \u0645\u0648\u0642\u0639 \u0627\u0633\u062a\u0631\u0627\u062a\u064a\u062c\u064a \u0642\u0631\u0628 \u0627\u0644\u0645\u062a\u0631\u0648 \u0648TEM\u060c \u0645\u0634\u0631\u0648\u0639 \u0645\u062a\u0643\u0627\u0645\u0644 \u0645\u0624\u0647\u0644 \u0644\u0644\u062c\u0646\u0633\u064a\u0629 \u0627\u0644\u062a\u0631\u0643\u064a\u0629.\" \/>\n<meta name=\"robots\" content=\"index, follow, max-snippet:-1, max-image-preview:large, max-video-preview:-1\" \/>\n<link rel=\"canonical\" href=\"https:\/\/p25r.net\/en\/istanbul-properties\/tual-comfort\/\" \/>\n<meta property=\"og:locale\" content=\"en_US\" \/>\n<meta property=\"og:type\" content=\"article\" \/>\n<meta property=\"og:title\" content=\"\u062a\u0648\u0627\u0644 \u0643\u0648\u0645\u0641\u0648\u0631\u062a \u2013 \u0634\u0642\u0642 \u0648\u0645\u062d\u0644\u0627\u062a \u0644\u0644\u0628\u064a\u0639 \u0641\u064a \u0633\u0628\u0627\u0631\u062a\u0627\u0643\u0648\u0644\u064a \u0623\u0641\u062c\u0644\u0627\u0631\" \/>\n<meta property=\"og:description\" content=\"\u0645\u0634\u0631\u0648\u0639 \u062a\u0648\u0627\u0644 \u0643\u0648\u0645\u0641\u0648\u0631\u062a \u064a\u0642\u062f\u0645 \u0634\u0642\u0642\u064b\u0627 \u0628\u0625\u0637\u0644\u0627\u0644\u0627\u062a \u0639\u0644\u0649 \u0628\u062d\u064a\u0631\u0629 \u0643\u0648\u062a\u0634\u0648\u0643 \u0634\u0643\u0645\u062c\u0647 \u0648\u0645\u0648\u0642\u0639 \u0627\u0633\u062a\u0631\u0627\u062a\u064a\u062c\u064a \u0642\u0631\u0628 TEM. \u0645\u0634\u0631\u0648\u0639 \u0645\u062a\u0643\u0627\u0645\u0644 \u0628\u062e\u062f\u0645\u0627\u062a \u062d\u062f\u064a\u062b\u0629\u060c \u0645\u0624\u0647\u0644 \u0644\u0644\u062c\u0646\u0633\u064a\u0629 \u0627\u0644\u062a\u0631\u0643\u064a\u0629\u060c \u0645\u062b\u0627\u0644\u064a \u0644\u0644\u0633\u0643\u0646 \u0623\u0648 \u0627\u0644\u0627\u0633\u062a\u062b\u0645\u0627\u0631.\" \/>\n<meta property=\"og:url\" content=\"https:\/\/p25r.net\/en\/istanbul-properties\/tual-comfort\/\" \/>\n<meta property=\"og:site_name\" content=\"P25R Investment\" \/>\n<meta property=\"article:publisher\" content=\"https:\/\/www.facebook.com\/share\/19srpNag5p\/?mibextid=wwXIfr\" \/>\n<meta property=\"article:modified_time\" content=\"2025-09-04T19:59:29+00:00\" \/>\n<meta property=\"og:image\" content=\"https:\/\/p25r.net\/wp-content\/uploads\/2025\/08\/Tual-Comfort-Renders-4.webp\" \/>\n\t<meta property=\"og:image:width\" content=\"800\" \/>\n\t<meta property=\"og:image:height\" content=\"800\" \/>\n\t<meta property=\"og:image:type\" content=\"image\/webp\" \/>\n<meta name=\"twitter:card\" content=\"summary_large_image\" \/>\n<meta name=\"twitter:title\" content=\"\u062a\u0648\u0627\u0644 \u0643\u0648\u0645\u0641\u0648\u0631\u062a \u2013 \u0634\u0642\u0642 \u0639\u0635\u0631\u064a\u0629 \u0628\u0625\u0637\u0644\u0627\u0644\u0629 \u0627\u0644\u0628\u062d\u064a\u0631\u0629 \u0641\u064a \u0623\u0641\u062c\u0644\u0627\u0631\" \/>\n<meta name=\"twitter:description\" content=\"\u0634\u0642\u0642 \u0648\u0645\u062d\u0644\u0627\u062a \u0644\u0644\u0628\u064a\u0639 \u0641\u064a \u062a\u0648\u0627\u0644 \u0643\u0648\u0645\u0641\u0648\u0631\u062a \u0633\u0628\u0627\u0631\u062a\u0627\u0643\u0648\u0644\u064a \u0623\u0641\u062c\u0644\u0627\u0631\u060c \u0625\u0637\u0644\u0627\u0644\u0627\u062a \u0639\u0644\u0649 \u0628\u062d\u064a\u0631\u0629 \u0643\u0648\u062a\u0634\u0648\u0643 \u0634\u0643\u0645\u062c\u0647\u060c \u0645\u0648\u0642\u0639 \u0627\u0633\u062a\u0631\u0627\u062a\u064a\u062c\u064a\u060c \u0648\u062e\u062f\u0645\u0627\u062a \u0645\u062a\u0643\u0627\u0645\u0644\u0629. \u0645\u0624\u0647\u0644 \u0644\u0644\u062c\u0646\u0633\u064a\u0629 \u0627\u0644\u062a\u0631\u0643\u064a\u0629.\" \/>\n<script type=\"application\/ld+json\" class=\"yoast-schema-graph\">{\"@context\":\"https:\\\/\\\/schema.org\",\"@graph\":[{\"@type\":[\"WebPage\",\"RealEstateListing\"],\"@id\":\"https:\\\/\\\/p25r.net\\\/istanbul-properties\\\/tual-comfort\\\/\",\"url\":\"https:\\\/\\\/p25r.net\\\/istanbul-properties\\\/tual-comfort\\\/\",\"name\":\"\u062a\u0648\u0627\u0644 \u0643\u0648\u0645\u0641\u0648\u0631\u062a - P25R Investment\",\"isPartOf\":{\"@id\":\"https:\\\/\\\/p25r.net\\\/#website\"},\"primaryImageOfPage\":{\"@id\":\"https:\\\/\\\/p25r.net\\\/istanbul-properties\\\/tual-comfort\\\/#primaryimage\"},\"image\":{\"@id\":\"https:\\\/\\\/p25r.net\\\/istanbul-properties\\\/tual-comfort\\\/#primaryimage\"},\"thumbnailUrl\":\"https:\\\/\\\/p25r.net\\\/wp-content\\\/uploads\\\/2025\\\/08\\\/Tual-Comfort-Renders-4.webp\",\"datePublished\":\"2025-07-19T10:34:42+00:00\",\"dateModified\":\"2025-09-04T19:59:29+00:00\",\"description\":\"\u062a\u0648\u0627\u0644 \u0643\u0648\u0645\u0641\u0648\u0631\u062a \u0633\u0628\u0627\u0631\u062a\u0627\u0643\u0648\u0644\u064a \u0634\u0642\u0642 \u0648\u0645\u062d\u0644\u0627\u062a \u062a\u062c\u0627\u0631\u064a\u0629 \u0628\u0625\u0637\u0644\u0627\u0644\u0627\u062a \u0639\u0644\u0649 \u0628\u062d\u064a\u0631\u0629 \u0643\u0648\u062a\u0634\u0648\u0643 \u0634\u0643\u0645\u062c\u0647\u060c \u0645\u0648\u0642\u0639 \u0627\u0633\u062a\u0631\u0627\u062a\u064a\u062c\u064a \u0642\u0631\u0628 \u0627\u0644\u0645\u062a\u0631\u0648 \u0648TEM\u060c \u0645\u0634\u0631\u0648\u0639 \u0645\u062a\u0643\u0627\u0645\u0644 \u0645\u0624\u0647\u0644 \u0644\u0644\u062c\u0646\u0633\u064a\u0629 \u0627\u0644\u062a\u0631\u0643\u064a\u0629.\",\"breadcrumb\":{\"@id\":\"https:\\\/\\\/p25r.net\\\/istanbul-properties\\\/tual-comfort\\\/#breadcrumb\"},\"inLanguage\":\"en-US\",\"potentialAction\":[{\"@type\":\"ReadAction\",\"target\":[\"https:\\\/\\\/p25r.net\\\/istanbul-properties\\\/tual-comfort\\\/\"]}]},{\"@type\":\"ImageObject\",\"inLanguage\":\"en-US\",\"@id\":\"https:\\\/\\\/p25r.net\\\/istanbul-properties\\\/tual-comfort\\\/#primaryimage\",\"url\":\"https:\\\/\\\/p25r.net\\\/wp-content\\\/uploads\\\/2025\\\/08\\\/Tual-Comfort-Renders-4.webp\",\"contentUrl\":\"https:\\\/\\\/p25r.net\\\/wp-content\\\/uploads\\\/2025\\\/08\\\/Tual-Comfort-Renders-4.webp\",\"width\":800,\"height\":800,\"caption\":\"\u062a\u0648\u0627\u0644 \u0643\u0648\u0645\u0641\u0648\u0631\u062a\"},{\"@type\":\"BreadcrumbList\",\"@id\":\"https:\\\/\\\/p25r.net\\\/istanbul-properties\\\/tual-comfort\\\/#breadcrumb\",\"itemListElement\":[{\"@type\":\"ListItem\",\"position\":1,\"name\":\"\u0627\u0644\u0631\u0626\u064a\u0633\u064a\u0629\",\"item\":\"https:\\\/\\\/p25r.net\\\/\"},{\"@type\":\"ListItem\",\"position\":2,\"name\":\"\u0639\u0642\u0627\u0631\u0627\u062a \u0627\u0633\u0637\u0646\u0628\u0648\u0644\",\"item\":\"https:\\\/\\\/p25r.net\\\/istanbul-properties\\\/\"},{\"@type\":\"ListItem\",\"position\":3,\"name\":\"\u062a\u0648\u0627\u0644 \u0643\u0648\u0645\u0641\u0648\u0631\u062a\"}]},{\"@type\":\"WebSite\",\"@id\":\"https:\\\/\\\/p25r.net\\\/#website\",\"url\":\"https:\\\/\\\/p25r.net\\\/\",\"name\":\"P25R Investment\",\"description\":\"\u0639\u0642\u0627\u0631\u0627\u062a \u0627\u0633\u0637\u0646\u0628\u0648\u0644\",\"publisher\":{\"@id\":\"https:\\\/\\\/p25r.net\\\/#organization\"},\"alternateName\":\"P25R \u0644\u0644\u0627\u0633\u062a\u062b\u0645\u0627\u0631 \u0627\u0644\u0639\u0642\u0627\u0631\u064a \u0641\u064a \u0625\u0633\u0637\u0646\u0628\u0648\u0644\",\"potentialAction\":[{\"@type\":\"SearchAction\",\"target\":{\"@type\":\"EntryPoint\",\"urlTemplate\":\"https:\\\/\\\/p25r.net\\\/?s={search_term_string}\"},\"query-input\":{\"@type\":\"PropertyValueSpecification\",\"valueRequired\":true,\"valueName\":\"search_term_string\"}}],\"inLanguage\":\"en-US\"},{\"@type\":\"Organization\",\"@id\":\"https:\\\/\\\/p25r.net\\\/#organization\",\"name\":\"\u0634\u0631\u0643\u0629 P25R \u0644\u0644\u0627\u0633\u062a\u062b\u0645\u0627\u0631 \u0627\u0644\u0639\u0642\u0627\u0631\u064a\",\"alternateName\":\"\u0639\u0642\u0627\u0631\u0627\u062a \u0627\u0633\u0637\u0646\u0628\u0648\u0644 P25R\",\"url\":\"https:\\\/\\\/p25r.net\\\/\",\"logo\":{\"@type\":\"ImageObject\",\"inLanguage\":\"en-US\",\"@id\":\"https:\\\/\\\/p25r.net\\\/#\\\/schema\\\/logo\\\/image\\\/\",\"url\":\"https:\\\/\\\/p25r.net\\\/wp-content\\\/uploads\\\/2025\\\/05\\\/p25r-logo-e1747079772978.png\",\"contentUrl\":\"https:\\\/\\\/p25r.net\\\/wp-content\\\/uploads\\\/2025\\\/05\\\/p25r-logo-e1747079772978.png\",\"width\":1013,\"height\":740,\"caption\":\"\u0634\u0631\u0643\u0629 P25R \u0644\u0644\u0627\u0633\u062a\u062b\u0645\u0627\u0631 \u0627\u0644\u0639\u0642\u0627\u0631\u064a\"},\"image\":{\"@id\":\"https:\\\/\\\/p25r.net\\\/#\\\/schema\\\/logo\\\/image\\\/\"},\"sameAs\":[\"https:\\\/\\\/www.facebook.com\\\/share\\\/19srpNag5p\\\/?mibextid=wwXIfr\",\"https:\\\/\\\/www.instagram.com\\\/p25r\"]}]}<\/script>\n<!-- \/ Yoast SEO plugin. -->","yoast_head_json":{"title":"\u062a\u0648\u0627\u0644 \u0643\u0648\u0645\u0641\u0648\u0631\u062a - P25R Investment","description":"\u062a\u0648\u0627\u0644 \u0643\u0648\u0645\u0641\u0648\u0631\u062a \u0633\u0628\u0627\u0631\u062a\u0627\u0643\u0648\u0644\u064a \u0634\u0642\u0642 \u0648\u0645\u062d\u0644\u0627\u062a \u062a\u062c\u0627\u0631\u064a\u0629 \u0628\u0625\u0637\u0644\u0627\u0644\u0627\u062a \u0639\u0644\u0649 \u0628\u062d\u064a\u0631\u0629 \u0643\u0648\u062a\u0634\u0648\u0643 \u0634\u0643\u0645\u062c\u0647\u060c \u0645\u0648\u0642\u0639 \u0627\u0633\u062a\u0631\u0627\u062a\u064a\u062c\u064a \u0642\u0631\u0628 \u0627\u0644\u0645\u062a\u0631\u0648 \u0648TEM\u060c \u0645\u0634\u0631\u0648\u0639 \u0645\u062a\u0643\u0627\u0645\u0644 \u0645\u0624\u0647\u0644 \u0644\u0644\u062c\u0646\u0633\u064a\u0629 \u0627\u0644\u062a\u0631\u0643\u064a\u0629.","robots":{"index":"index","follow":"follow","max-snippet":"max-snippet:-1","max-image-preview":"max-image-preview:large","max-video-preview":"max-video-preview:-1"},"canonical":"https:\/\/p25r.net\/en\/istanbul-properties\/tual-comfort\/","og_locale":"en_US","og_type":"article","og_title":"\u062a\u0648\u0627\u0644 \u0643\u0648\u0645\u0641\u0648\u0631\u062a \u2013 \u0634\u0642\u0642 \u0648\u0645\u062d\u0644\u0627\u062a \u0644\u0644\u0628\u064a\u0639 \u0641\u064a \u0633\u0628\u0627\u0631\u062a\u0627\u0643\u0648\u0644\u064a \u0623\u0641\u062c\u0644\u0627\u0631","og_description":"\u0645\u0634\u0631\u0648\u0639 \u062a\u0648\u0627\u0644 \u0643\u0648\u0645\u0641\u0648\u0631\u062a \u064a\u0642\u062f\u0645 \u0634\u0642\u0642\u064b\u0627 \u0628\u0625\u0637\u0644\u0627\u0644\u0627\u062a \u0639\u0644\u0649 \u0628\u062d\u064a\u0631\u0629 \u0643\u0648\u062a\u0634\u0648\u0643 \u0634\u0643\u0645\u062c\u0647 \u0648\u0645\u0648\u0642\u0639 \u0627\u0633\u062a\u0631\u0627\u062a\u064a\u062c\u064a \u0642\u0631\u0628 TEM. \u0645\u0634\u0631\u0648\u0639 \u0645\u062a\u0643\u0627\u0645\u0644 \u0628\u062e\u062f\u0645\u0627\u062a \u062d\u062f\u064a\u062b\u0629\u060c \u0645\u0624\u0647\u0644 \u0644\u0644\u062c\u0646\u0633\u064a\u0629 \u0627\u0644\u062a\u0631\u0643\u064a\u0629\u060c \u0645\u062b\u0627\u0644\u064a \u0644\u0644\u0633\u0643\u0646 \u0623\u0648 \u0627\u0644\u0627\u0633\u062a\u062b\u0645\u0627\u0631.","og_url":"https:\/\/p25r.net\/en\/istanbul-properties\/tual-comfort\/","og_site_name":"P25R Investment","article_publisher":"https:\/\/www.facebook.com\/share\/19srpNag5p\/?mibextid=wwXIfr","article_modified_time":"2025-09-04T19:59:29+00:00","og_image":[{"width":800,"height":800,"url":"https:\/\/p25r.net\/wp-content\/uploads\/2025\/08\/Tual-Comfort-Renders-4.webp","type":"image\/webp"}],"twitter_card":"summary_large_image","twitter_title":"\u062a\u0648\u0627\u0644 \u0643\u0648\u0645\u0641\u0648\u0631\u062a \u2013 \u0634\u0642\u0642 \u0639\u0635\u0631\u064a\u0629 \u0628\u0625\u0637\u0644\u0627\u0644\u0629 \u0627\u0644\u0628\u062d\u064a\u0631\u0629 \u0641\u064a \u0623\u0641\u062c\u0644\u0627\u0631","twitter_description":"\u0634\u0642\u0642 \u0648\u0645\u062d\u0644\u0627\u062a \u0644\u0644\u0628\u064a\u0639 \u0641\u064a \u062a\u0648\u0627\u0644 \u0643\u0648\u0645\u0641\u0648\u0631\u062a \u0633\u0628\u0627\u0631\u062a\u0627\u0643\u0648\u0644\u064a \u0623\u0641\u062c\u0644\u0627\u0631\u060c \u0625\u0637\u0644\u0627\u0644\u0627\u062a \u0639\u0644\u0649 \u0628\u062d\u064a\u0631\u0629 \u0643\u0648\u062a\u0634\u0648\u0643 \u0634\u0643\u0645\u062c\u0647\u060c \u0645\u0648\u0642\u0639 \u0627\u0633\u062a\u0631\u0627\u062a\u064a\u062c\u064a\u060c \u0648\u062e\u062f\u0645\u0627\u062a \u0645\u062a\u0643\u0627\u0645\u0644\u0629. \u0645\u0624\u0647\u0644 \u0644\u0644\u062c\u0646\u0633\u064a\u0629 \u0627\u0644\u062a\u0631\u0643\u064a\u0629.","schema":{"@context":"https:\/\/schema.org","@graph":[{"@type":["WebPage","RealEstateListing"],"@id":"https:\/\/p25r.net\/istanbul-properties\/tual-comfort\/","url":"https:\/\/p25r.net\/istanbul-properties\/tual-comfort\/","name":"\u062a\u0648\u0627\u0644 \u0643\u0648\u0645\u0641\u0648\u0631\u062a - P25R Investment","isPartOf":{"@id":"https:\/\/p25r.net\/#website"},"primaryImageOfPage":{"@id":"https:\/\/p25r.net\/istanbul-properties\/tual-comfort\/#primaryimage"},"image":{"@id":"https:\/\/p25r.net\/istanbul-properties\/tual-comfort\/#primaryimage"},"thumbnailUrl":"https:\/\/p25r.net\/wp-content\/uploads\/2025\/08\/Tual-Comfort-Renders-4.webp","datePublished":"2025-07-19T10:34:42+00:00","dateModified":"2025-09-04T19:59:29+00:00","description":"\u062a\u0648\u0627\u0644 \u0643\u0648\u0645\u0641\u0648\u0631\u062a \u0633\u0628\u0627\u0631\u062a\u0627\u0643\u0648\u0644\u064a \u0634\u0642\u0642 \u0648\u0645\u062d\u0644\u0627\u062a \u062a\u062c\u0627\u0631\u064a\u0629 \u0628\u0625\u0637\u0644\u0627\u0644\u0627\u062a \u0639\u0644\u0649 \u0628\u062d\u064a\u0631\u0629 \u0643\u0648\u062a\u0634\u0648\u0643 \u0634\u0643\u0645\u062c\u0647\u060c \u0645\u0648\u0642\u0639 \u0627\u0633\u062a\u0631\u0627\u062a\u064a\u062c\u064a \u0642\u0631\u0628 \u0627\u0644\u0645\u062a\u0631\u0648 \u0648TEM\u060c \u0645\u0634\u0631\u0648\u0639 \u0645\u062a\u0643\u0627\u0645\u0644 \u0645\u0624\u0647\u0644 \u0644\u0644\u062c\u0646\u0633\u064a\u0629 \u0627\u0644\u062a\u0631\u0643\u064a\u0629.","breadcrumb":{"@id":"https:\/\/p25r.net\/istanbul-properties\/tual-comfort\/#breadcrumb"},"inLanguage":"en-US","potentialAction":[{"@type":"ReadAction","target":["https:\/\/p25r.net\/istanbul-properties\/tual-comfort\/"]}]},{"@type":"ImageObject","inLanguage":"en-US","@id":"https:\/\/p25r.net\/istanbul-properties\/tual-comfort\/#primaryimage","url":"https:\/\/p25r.net\/wp-content\/uploads\/2025\/08\/Tual-Comfort-Renders-4.webp","contentUrl":"https:\/\/p25r.net\/wp-content\/uploads\/2025\/08\/Tual-Comfort-Renders-4.webp","width":800,"height":800,"caption":"\u062a\u0648\u0627\u0644 \u0643\u0648\u0645\u0641\u0648\u0631\u062a"},{"@type":"BreadcrumbList","@id":"https:\/\/p25r.net\/istanbul-properties\/tual-comfort\/#breadcrumb","itemListElement":[{"@type":"ListItem","position":1,"name":"\u0627\u0644\u0631\u0626\u064a\u0633\u064a\u0629","item":"https:\/\/p25r.net\/"},{"@type":"ListItem","position":2,"name":"\u0639\u0642\u0627\u0631\u0627\u062a \u0627\u0633\u0637\u0646\u0628\u0648\u0644","item":"https:\/\/p25r.net\/istanbul-properties\/"},{"@type":"ListItem","position":3,"name":"\u062a\u0648\u0627\u0644 \u0643\u0648\u0645\u0641\u0648\u0631\u062a"}]},{"@type":"WebSite","@id":"https:\/\/p25r.net\/#website","url":"https:\/\/p25r.net\/","name":"P25R Investment","description":"Istanbul Real Estate","publisher":{"@id":"https:\/\/p25r.net\/#organization"},"alternateName":"P25R \u0644\u0644\u0627\u0633\u062a\u062b\u0645\u0627\u0631 \u0627\u0644\u0639\u0642\u0627\u0631\u064a \u0641\u064a \u0625\u0633\u0637\u0646\u0628\u0648\u0644","potentialAction":[{"@type":"SearchAction","target":{"@type":"EntryPoint","urlTemplate":"https:\/\/p25r.net\/?s={search_term_string}"},"query-input":{"@type":"PropertyValueSpecification","valueRequired":true,"valueName":"search_term_string"}}],"inLanguage":"en-US"},{"@type":"Organization","@id":"https:\/\/p25r.net\/#organization","name":"P25R Real Estate Investment Company","alternateName":"\u0639\u0642\u0627\u0631\u0627\u062a \u0627\u0633\u0637\u0646\u0628\u0648\u0644 P25R","url":"https:\/\/p25r.net\/","logo":{"@type":"ImageObject","inLanguage":"en-US","@id":"https:\/\/p25r.net\/#\/schema\/logo\/image\/","url":"https:\/\/p25r.net\/wp-content\/uploads\/2025\/05\/p25r-logo-e1747079772978.png","contentUrl":"https:\/\/p25r.net\/wp-content\/uploads\/2025\/05\/p25r-logo-e1747079772978.png","width":1013,"height":740,"caption":"\u0634\u0631\u0643\u0629 P25R \u0644\u0644\u0627\u0633\u062a\u062b\u0645\u0627\u0631 \u0627\u0644\u0639\u0642\u0627\u0631\u064a"},"image":{"@id":"https:\/\/p25r.net\/#\/schema\/logo\/image\/"},"sameAs":["https:\/\/www.facebook.com\/share\/19srpNag5p\/?mibextid=wwXIfr","https:\/\/www.instagram.com\/p25r"]}]}},"_links":{"self":[{"href":"https:\/\/p25r.net\/en\/wp-json\/wp\/v2\/product\/14222","targetHints":{"allow":["GET"]}}],"collection":[{"href":"https:\/\/p25r.net\/en\/wp-json\/wp\/v2\/product"}],"about":[{"href":"https:\/\/p25r.net\/en\/wp-json\/wp\/v2\/types\/product"}],"version-history":[{"count":0,"href":"https:\/\/p25r.net\/en\/wp-json\/wp\/v2\/product\/14222\/revisions"}],"wp:featuredmedia":[{"embeddable":true,"href":"https:\/\/p25r.net\/en\/wp-json\/wp\/v2\/media\/17288"}],"wp:attachment":[{"href":"https:\/\/p25r.net\/en\/wp-json\/wp\/v2\/media?parent=14222"}],"wp:term":[{"taxonomy":"product_brand","embeddable":true,"href":"https:\/\/p25r.net\/en\/wp-json\/wp\/v2\/product_brand?post=14222"},{"taxonomy":"product_cat","embeddable":true,"href":"https:\/\/p25r.net\/en\/wp-json\/wp\/v2\/product_cat?post=14222"},{"taxonomy":"product_tag","embeddable":true,"href":"https:\/\/p25r.net\/en\/wp-json\/wp\/v2\/product_tag?post=14222"}],"curies":[{"name":"wp","href":"https:\/\/api.w.org\/{rel}","templated":true}]}}