{"id":14210,"date":"2025-07-19T13:25:43","date_gmt":"2025-07-19T10:25:43","guid":{"rendered":"https:\/\/p25r.net\/?post_type=product&#038;p=14210"},"modified":"2025-09-04T23:19:21","modified_gmt":"2025-09-04T20:19:21","slug":"buyukyali-fisekhane","status":"publish","type":"product","link":"https:\/\/p25r.net\/en\/istanbul-properties\/buyukyali-fisekhane\/","title":{"rendered":"Biokyali Fashkahane"},"content":{"rendered":"<p><b>Buyukali Feshkhaneh Zeytinburnu Istanbul<\/b><span style=\"font-weight: 400;\"> Combining the charm of the past with the modernity of the present, this luxury residential project boasts direct views of the Sea of Marmara and an architectural design inspired by the spirit of historic Istanbul.<\/span><\/p>\n<h2><b>Prices and spaces in Buyukayali Feshkhane:<\/b><\/h2>\n<ul>\n<li style=\"font-weight: 400;\" aria-level=\"1\"><span style=\"font-weight: 400;\">1+1 | 95 m\u00b2 for $420,000<\/span><\/li>\n<li style=\"font-weight: 400;\" aria-level=\"1\"><span style=\"font-weight: 400;\">2+1 | 133 m\u00b2 for $980,000<\/span><\/li>\n<li style=\"font-weight: 400;\" aria-level=\"1\"><span style=\"font-weight: 400;\">3+1 | 165 m\u00b2 for $1,109,000<\/span><\/li>\n<li style=\"font-weight: 400;\" aria-level=\"1\"><span style=\"font-weight: 400;\">4+1 | 250 m\u00b2 for $1,559,000<\/span><\/li>\n<li style=\"font-weight: 400;\" aria-level=\"1\"><span style=\"font-weight: 400;\">4.5+1 | 308 m\u00b2 for $2,005,000<\/span><\/li>\n<li style=\"font-weight: 400;\" aria-level=\"1\"><span style=\"font-weight: 400;\">Luxury historic villas | Starting from 358 m\u00b2 with prices starting from $2,180,000<\/span>&nbsp;<\/li>\n<\/ul>\n<h2><b>Project Features<\/b><\/h2>\n<ul>\n<li style=\"font-weight: 400;\" aria-level=\"1\"><span style=\"font-weight: 400;\">It covers an area of 111,000 m\u00b2<\/span><\/li>\n<li style=\"font-weight: 400;\" aria-level=\"1\"><span style=\"font-weight: 400;\">It includes 1540 apartments, 36 shops and 8 offices<\/span><\/li>\n<li style=\"font-weight: 400;\" aria-level=\"1\"><span style=\"font-weight: 400;\">14 residential buildings, some reaching 22 stories high<\/span><\/li>\n<li style=\"font-weight: 400;\" aria-level=\"1\"><span style=\"font-weight: 400;\">Apartments and villas with elegant designs and multiple options to suit families<\/span><\/li>\n<li style=\"font-weight: 400;\" aria-level=\"1\"><span style=\"font-weight: 400;\">Direct views of the Sea of Marmara<\/span><\/li>\n<li style=\"font-weight: 400;\" aria-level=\"1\"><span style=\"font-weight: 400;\">Indoor winter pool<\/span><\/li>\n<li style=\"font-weight: 400;\" aria-level=\"1\"><span style=\"font-weight: 400;\">Integrated fitness center<\/span><\/li>\n<li style=\"font-weight: 400;\" aria-level=\"1\"><span style=\"font-weight: 400;\">Sauna and Turkish bath<\/span><\/li>\n<li style=\"font-weight: 400;\" aria-level=\"1\"><span style=\"font-weight: 400;\">Parks and gardens designated for residents<\/span><\/li>\n<li style=\"font-weight: 400;\" aria-level=\"1\"><span style=\"font-weight: 400;\">Cafes and restaurants within the project<\/span><\/li>\n<li style=\"font-weight: 400;\" aria-level=\"1\"><span style=\"font-weight: 400;\">24\/7 security system with surveillance cameras<\/span>&nbsp;<\/li>\n<\/ul>\n<h2><b>Site Features<\/b><\/h2>\n<ul>\n<li style=\"font-weight: 400;\" aria-level=\"1\"><span style=\"font-weight: 400;\">150 meters from Marmaray station<\/span><\/li>\n<li style=\"font-weight: 400;\" aria-level=\"1\"><span style=\"font-weight: 400;\">5 minutes from the Eurasia Tunnel<\/span><\/li>\n<li style=\"font-weight: 400;\" aria-level=\"1\"><span style=\"font-weight: 400;\">Just 10 minutes from Istanbul&#039;s historic center<\/span><\/li>\n<li style=\"font-weight: 400;\" aria-level=\"1\"><span style=\"font-weight: 400;\">Close to schools, universities and markets<\/span>&nbsp;<\/li>\n<\/ul>\n<h2><b>Obtaining Turkish citizenship<\/b><\/h2>\n<p><span style=\"font-weight: 400;\">When you purchase a property within the project, you receive <\/span><b>Turkish citizenship<\/b><span style=\"font-weight: 400;\"> Under guaranteed conditions and in a legal and smooth manner.<\/span><\/p>\n<h2><b>Why choose Biokyali Feshkhane?<\/b><\/h2>\n<ul>\n<li style=\"font-weight: 400;\" aria-level=\"1\"><span style=\"font-weight: 400;\">Ready-to-move-in project<\/span><\/li>\n<li style=\"font-weight: 400;\" aria-level=\"1\"><span style=\"font-weight: 400;\">Coastal location in Zeytinburnu \u2013 European Istanbul<\/span><\/li>\n<li style=\"font-weight: 400;\" aria-level=\"1\"><span style=\"font-weight: 400;\">A design that combines classic style with contemporary luxury<\/span><\/li>\n<li style=\"font-weight: 400;\" aria-level=\"1\"><span style=\"font-weight: 400;\">Luxury villas with rare sea views<\/span><\/li>\n<li style=\"font-weight: 400;\" aria-level=\"1\"><span style=\"font-weight: 400;\">Promising return on investment with a strategic location close to transportation.<\/span>&nbsp;<\/li>\n<\/ul>\n<p><b>Don&#039;t miss your chance! <\/b><span style=\"font-weight: 400;\">Your project in B\u00fcy\u00fckaya, F\u015fekhane, may be closer than you imagine\u2026<\/span><span style=\"font-weight: 400;\"><br \/>\n<\/span> <b>Contact us now<\/b><span style=\"font-weight: 400;\"> Get a free real estate consultation from our Istanbul real estate experts.<\/span><\/p>","protected":false},"excerpt":{"rendered":"<p data-start=\"601\" data-end=\"898\"><strong data-start=\"601\" data-end=\"629\">\u0628\u064a\u0648\u0643\u064a\u0627\u0644\u064a \u0641\u0634\u0643\u0647\u0627\u0646\u0647 \u0625\u0633\u0637\u0646\u0628\u0648\u0644<\/strong> \u0645\u0634\u0631\u0648\u0639 \u0633\u0643\u0646\u064a \u0641\u0627\u062e\u0631 \u0639\u0644\u0649 \u0633\u0627\u062d\u0644 \u0632\u064a\u062a\u0648\u0646 \u0628\u0648\u0631\u0646\u0648 \u064a\u0636\u0645 \u0634\u0642\u0642\u064b\u0627 \u0648\u0641\u0644\u0644\u064b\u0627 \u0628\u062a\u0635\u0627\u0645\u064a\u0645 \u0645\u0639\u0645\u0627\u0631\u064a\u0629 \u0645\u0633\u062a\u0648\u062d\u0627\u0629 \u0645\u0646 \u0627\u0644\u062a\u0627\u0631\u064a\u062e \u0648\u0625\u0637\u0644\u0627\u0644\u0627\u062a \u0645\u0628\u0627\u0634\u0631\u0629 \u0639\u0644\u0649 \u0628\u062d\u0631 \u0645\u0631\u0645\u0631\u0629. \u064a\u0648\u0641\u0631 \u062e\u062f\u0645\u0627\u062a \u0645\u062a\u0643\u0627\u0645\u0644\u0629 \u062a\u0634\u0645\u0644 \u0627\u0644\u0645\u0633\u0627\u0628\u062d\u060c \u0627\u0644\u0645\u0631\u0627\u0641\u0642 \u0627\u0644\u0635\u062d\u064a\u0629\u060c \u0648\u0627\u0644\u0645\u0637\u0627\u0639\u0645\u060c \u0645\u0639 \u0645\u0648\u0642\u0639 \u0627\u0633\u062a\u0631\u0627\u062a\u064a\u062c\u064a \u0642\u0631\u0628 \u0645\u0631\u0645\u0631\u0627\u064a \u0648\u0646\u0641\u0642 \u0623\u0648\u0631\u0627\u0633\u064a\u0627. \u062c\u0627\u0647\u0632 \u0644\u0644\u0633\u0643\u0646 \u0648\u0645\u0624\u0647\u0644 \u0644\u0644\u062d\u0635\u0648\u0644 \u0639\u0644\u0649 \u0627\u0644\u062c\u0646\u0633\u064a\u0629 \u0627\u0644\u062a\u0631\u0643\u064a\u0629.<\/p>","protected":false},"featured_media":17275,"template":"","meta":{"_acf_changed":false},"product_brand":[],"product_cat":[107,108],"product_tag":[],"class_list":{"0":"post-14210","1":"product","2":"type-product","3":"status-publish","4":"has-post-thumbnail","6":"product_cat-apartments","7":"product_cat-villas","9":"first","10":"instock","11":"shipping-taxable","12":"purchasable","13":"product-type-simple"},"acf":[],"yoast_head":"<!-- This site is optimized with the Yoast SEO plugin v27.5 - https:\/\/yoast.com\/product\/yoast-seo-wordpress\/ -->\n<title>\u0628\u064a\u0648\u0643\u064a\u0627\u0644\u064a \u0641\u0634\u0643\u0647\u0627\u0646\u0647 - P25R Investment<\/title>\n<meta name=\"description\" content=\"\u0628\u064a\u0648\u0643\u064a\u0627\u0644\u064a \u0641\u0634\u0643\u0647\u0627\u0646\u0647 \u0632\u064a\u062a\u0648\u0646 \u0628\u0648\u0631\u0646\u0648 \u0634\u0642\u0642 \u0648\u0641\u0644\u0644 \u0641\u0627\u062e\u0631\u0629 \u0628\u0625\u0637\u0644\u0627\u0644\u0627\u062a \u0639\u0644\u0649 \u0628\u062d\u0631 \u0645\u0631\u0645\u0631\u0629\u060c \u062a\u0635\u0645\u064a\u0645 \u064a\u062c\u0645\u0639 \u0628\u064a\u0646 \u0627\u0644\u0643\u0644\u0627\u0633\u064a\u0643\u064a\u0629 \u0648\u0627\u0644\u062d\u062f\u0627\u062b\u0629\u060c \u0645\u0648\u0642\u0639 \u0627\u0633\u062a\u0631\u0627\u062a\u064a\u062c\u064a \u062c\u0627\u0647\u0632 \u0644\u0644\u0633\u0643\u0646 \u0648\u0645\u0624\u0647\u0644 \u0644\u0644\u062c\u0646\u0633\u064a\u0629 \u0627\u0644\u062a\u0631\u0643\u064a\u0629.\" \/>\n<meta name=\"robots\" content=\"index, follow, max-snippet:-1, max-image-preview:large, max-video-preview:-1\" \/>\n<link rel=\"canonical\" href=\"https:\/\/p25r.net\/en\/istanbul-properties\/buyukyali-fisekhane\/\" \/>\n<meta property=\"og:locale\" content=\"en_US\" \/>\n<meta property=\"og:type\" content=\"article\" \/>\n<meta property=\"og:title\" content=\"\u0628\u064a\u0648\u0643\u064a\u0627\u0644\u064a \u0641\u0634\u0643\u0647\u0627\u0646\u0647 \u2013 \u0634\u0642\u0642 \u0648\u0641\u0644\u0644 \u0641\u0627\u062e\u0631\u0629 \u0639\u0644\u0649 \u0628\u062d\u0631 \u0645\u0631\u0645\u0631\u0629 \u0641\u064a \u0625\u0633\u0637\u0646\u0628\u0648\u0644\" \/>\n<meta property=\"og:description\" content=\"\u0645\u0634\u0631\u0648\u0639 \u0628\u064a\u0648\u0643\u064a\u0627\u0644\u064a \u0641\u0634\u0643\u0647\u0627\u0646\u0647 \u064a\u0642\u062f\u0645 \u0634\u0642\u0642\u064b\u0627 \u0648\u0641\u0644\u0644\u064b\u0627 \u0641\u0627\u062e\u0631\u0629 \u0628\u0625\u0637\u0644\u0627\u0644\u0627\u062a \u0628\u062d\u0631\u064a\u0629 \u0645\u0628\u0627\u0634\u0631\u0629\u060c \u062a\u0635\u0645\u064a\u0645 \u0645\u0639\u0645\u0627\u0631\u064a \u0645\u0633\u062a\u0648\u062d\u0649 \u0645\u0646 \u0625\u0633\u0637\u0646\u0628\u0648\u0644 \u0627\u0644\u062a\u0627\u0631\u064a\u062e\u064a\u0629\u060c \u0645\u0648\u0642\u0639 \u0627\u0633\u062a\u0631\u0627\u062a\u064a\u062c\u064a \u0648\u062c\u0627\u0647\u0632 \u0644\u0644\u0633\u0643\u0646\u060c \u0645\u0624\u0647\u0644 \u0644\u0644\u062c\u0646\u0633\u064a\u0629 \u0627\u0644\u062a\u0631\u0643\u064a\u0629.\" \/>\n<meta property=\"og:url\" content=\"https:\/\/p25r.net\/en\/istanbul-properties\/buyukyali-fisekhane\/\" \/>\n<meta property=\"og:site_name\" content=\"P25R Investment\" \/>\n<meta property=\"article:publisher\" content=\"https:\/\/www.facebook.com\/share\/19srpNag5p\/?mibextid=wwXIfr\" \/>\n<meta property=\"article:modified_time\" content=\"2025-09-04T20:19:21+00:00\" \/>\n<meta property=\"og:image\" content=\"https:\/\/p25r.net\/wp-content\/uploads\/2025\/08\/BUYUKYALI-FISEKHANE-1.webp\" \/>\n\t<meta property=\"og:image:width\" content=\"800\" \/>\n\t<meta property=\"og:image:height\" content=\"800\" \/>\n\t<meta property=\"og:image:type\" content=\"image\/webp\" \/>\n<meta name=\"twitter:card\" content=\"summary_large_image\" \/>\n<meta name=\"twitter:title\" content=\"\u0628\u064a\u0648\u0643\u064a\u0627\u0644\u064a \u0641\u0634\u0643\u0647\u0627\u0646\u0647 \u2013 \u0645\u0634\u0631\u0648\u0639 \u0641\u0627\u062e\u0631 \u0628\u0625\u0637\u0644\u0627\u0644\u0629 \u0628\u062d\u0631\u064a\u0629 \u0641\u064a \u0625\u0633\u0637\u0646\u0628\u0648\u0644\" \/>\n<meta name=\"twitter:description\" content=\"\u0634\u0642\u0642 \u0648\u0641\u0644\u0644 \u0628\u0625\u0637\u0644\u0627\u0644\u0629 \u0645\u0628\u0627\u0634\u0631\u0629 \u0639\u0644\u0649 \u0628\u062d\u0631 \u0645\u0631\u0645\u0631\u0629 \u0641\u064a \u0628\u064a\u0648\u0643\u064a\u0627\u0644\u064a \u0641\u0634\u0643\u0647\u0627\u0646\u0647 \u0625\u0633\u0637\u0646\u0628\u0648\u0644. \u062a\u0635\u0645\u064a\u0645 \u064a\u062c\u0645\u0639 \u0628\u064a\u0646 \u0633\u062d\u0631 \u0627\u0644\u062a\u0627\u0631\u064a\u062e \u0648\u0627\u0644\u0641\u062e\u0627\u0645\u0629 \u0627\u0644\u062d\u062f\u064a\u062b\u0629\u060c \u062c\u0627\u0647\u0632 \u0644\u0644\u0633\u0643\u0646 \u0648\u0645\u0624\u0647\u0644 \u0644\u0644\u062c\u0646\u0633\u064a\u0629 \u0627\u0644\u062a\u0631\u0643\u064a\u0629.\" \/>\n<script type=\"application\/ld+json\" class=\"yoast-schema-graph\">{\"@context\":\"https:\\\/\\\/schema.org\",\"@graph\":[{\"@type\":[\"WebPage\",\"RealEstateListing\"],\"@id\":\"https:\\\/\\\/p25r.net\\\/istanbul-properties\\\/buyukyali-fisekhane\\\/\",\"url\":\"https:\\\/\\\/p25r.net\\\/istanbul-properties\\\/buyukyali-fisekhane\\\/\",\"name\":\"\u0628\u064a\u0648\u0643\u064a\u0627\u0644\u064a \u0641\u0634\u0643\u0647\u0627\u0646\u0647 - P25R Investment\",\"isPartOf\":{\"@id\":\"https:\\\/\\\/p25r.net\\\/#website\"},\"primaryImageOfPage\":{\"@id\":\"https:\\\/\\\/p25r.net\\\/istanbul-properties\\\/buyukyali-fisekhane\\\/#primaryimage\"},\"image\":{\"@id\":\"https:\\\/\\\/p25r.net\\\/istanbul-properties\\\/buyukyali-fisekhane\\\/#primaryimage\"},\"thumbnailUrl\":\"https:\\\/\\\/p25r.net\\\/wp-content\\\/uploads\\\/2025\\\/08\\\/BUYUKYALI-FISEKHANE-1.webp\",\"datePublished\":\"2025-07-19T10:25:43+00:00\",\"dateModified\":\"2025-09-04T20:19:21+00:00\",\"description\":\"\u0628\u064a\u0648\u0643\u064a\u0627\u0644\u064a \u0641\u0634\u0643\u0647\u0627\u0646\u0647 \u0632\u064a\u062a\u0648\u0646 \u0628\u0648\u0631\u0646\u0648 \u0634\u0642\u0642 \u0648\u0641\u0644\u0644 \u0641\u0627\u062e\u0631\u0629 \u0628\u0625\u0637\u0644\u0627\u0644\u0627\u062a \u0639\u0644\u0649 \u0628\u062d\u0631 \u0645\u0631\u0645\u0631\u0629\u060c \u062a\u0635\u0645\u064a\u0645 \u064a\u062c\u0645\u0639 \u0628\u064a\u0646 \u0627\u0644\u0643\u0644\u0627\u0633\u064a\u0643\u064a\u0629 \u0648\u0627\u0644\u062d\u062f\u0627\u062b\u0629\u060c \u0645\u0648\u0642\u0639 \u0627\u0633\u062a\u0631\u0627\u062a\u064a\u062c\u064a \u062c\u0627\u0647\u0632 \u0644\u0644\u0633\u0643\u0646 \u0648\u0645\u0624\u0647\u0644 \u0644\u0644\u062c\u0646\u0633\u064a\u0629 \u0627\u0644\u062a\u0631\u0643\u064a\u0629.\",\"breadcrumb\":{\"@id\":\"https:\\\/\\\/p25r.net\\\/istanbul-properties\\\/buyukyali-fisekhane\\\/#breadcrumb\"},\"inLanguage\":\"en-US\",\"potentialAction\":[{\"@type\":\"ReadAction\",\"target\":[\"https:\\\/\\\/p25r.net\\\/istanbul-properties\\\/buyukyali-fisekhane\\\/\"]}]},{\"@type\":\"ImageObject\",\"inLanguage\":\"en-US\",\"@id\":\"https:\\\/\\\/p25r.net\\\/istanbul-properties\\\/buyukyali-fisekhane\\\/#primaryimage\",\"url\":\"https:\\\/\\\/p25r.net\\\/wp-content\\\/uploads\\\/2025\\\/08\\\/BUYUKYALI-FISEKHANE-1.webp\",\"contentUrl\":\"https:\\\/\\\/p25r.net\\\/wp-content\\\/uploads\\\/2025\\\/08\\\/BUYUKYALI-FISEKHANE-1.webp\",\"width\":800,\"height\":800,\"caption\":\"\u0645\u0634\u0631\u0648\u0639 \u0628\u064a\u0648\u0643\u064a\u0627\u0644\u064a \u0641\u0634\u0643\u0647\u0627\u0646\u0647\"},{\"@type\":\"BreadcrumbList\",\"@id\":\"https:\\\/\\\/p25r.net\\\/istanbul-properties\\\/buyukyali-fisekhane\\\/#breadcrumb\",\"itemListElement\":[{\"@type\":\"ListItem\",\"position\":1,\"name\":\"\u0627\u0644\u0631\u0626\u064a\u0633\u064a\u0629\",\"item\":\"https:\\\/\\\/p25r.net\\\/\"},{\"@type\":\"ListItem\",\"position\":2,\"name\":\"\u0639\u0642\u0627\u0631\u0627\u062a \u0627\u0633\u0637\u0646\u0628\u0648\u0644\",\"item\":\"https:\\\/\\\/p25r.net\\\/istanbul-properties\\\/\"},{\"@type\":\"ListItem\",\"position\":3,\"name\":\"\u0628\u064a\u0648\u0643\u064a\u0627\u0644\u064a \u0641\u0634\u0643\u0647\u0627\u0646\u0647\"}]},{\"@type\":\"WebSite\",\"@id\":\"https:\\\/\\\/p25r.net\\\/#website\",\"url\":\"https:\\\/\\\/p25r.net\\\/\",\"name\":\"P25R Investment\",\"description\":\"\u0639\u0642\u0627\u0631\u0627\u062a \u0627\u0633\u0637\u0646\u0628\u0648\u0644\",\"publisher\":{\"@id\":\"https:\\\/\\\/p25r.net\\\/#organization\"},\"alternateName\":\"P25R \u0644\u0644\u0627\u0633\u062a\u062b\u0645\u0627\u0631 \u0627\u0644\u0639\u0642\u0627\u0631\u064a \u0641\u064a \u0625\u0633\u0637\u0646\u0628\u0648\u0644\",\"potentialAction\":[{\"@type\":\"SearchAction\",\"target\":{\"@type\":\"EntryPoint\",\"urlTemplate\":\"https:\\\/\\\/p25r.net\\\/?s={search_term_string}\"},\"query-input\":{\"@type\":\"PropertyValueSpecification\",\"valueRequired\":true,\"valueName\":\"search_term_string\"}}],\"inLanguage\":\"en-US\"},{\"@type\":\"Organization\",\"@id\":\"https:\\\/\\\/p25r.net\\\/#organization\",\"name\":\"\u0634\u0631\u0643\u0629 P25R \u0644\u0644\u0627\u0633\u062a\u062b\u0645\u0627\u0631 \u0627\u0644\u0639\u0642\u0627\u0631\u064a\",\"alternateName\":\"\u0639\u0642\u0627\u0631\u0627\u062a \u0627\u0633\u0637\u0646\u0628\u0648\u0644 P25R\",\"url\":\"https:\\\/\\\/p25r.net\\\/\",\"logo\":{\"@type\":\"ImageObject\",\"inLanguage\":\"en-US\",\"@id\":\"https:\\\/\\\/p25r.net\\\/#\\\/schema\\\/logo\\\/image\\\/\",\"url\":\"https:\\\/\\\/p25r.net\\\/wp-content\\\/uploads\\\/2025\\\/05\\\/p25r-logo-e1747079772978.png\",\"contentUrl\":\"https:\\\/\\\/p25r.net\\\/wp-content\\\/uploads\\\/2025\\\/05\\\/p25r-logo-e1747079772978.png\",\"width\":1013,\"height\":740,\"caption\":\"\u0634\u0631\u0643\u0629 P25R \u0644\u0644\u0627\u0633\u062a\u062b\u0645\u0627\u0631 \u0627\u0644\u0639\u0642\u0627\u0631\u064a\"},\"image\":{\"@id\":\"https:\\\/\\\/p25r.net\\\/#\\\/schema\\\/logo\\\/image\\\/\"},\"sameAs\":[\"https:\\\/\\\/www.facebook.com\\\/share\\\/19srpNag5p\\\/?mibextid=wwXIfr\",\"https:\\\/\\\/www.instagram.com\\\/p25r\"]}]}<\/script>\n<!-- \/ Yoast SEO plugin. -->","yoast_head_json":{"title":"\u0628\u064a\u0648\u0643\u064a\u0627\u0644\u064a \u0641\u0634\u0643\u0647\u0627\u0646\u0647 - P25R Investment","description":"\u0628\u064a\u0648\u0643\u064a\u0627\u0644\u064a \u0641\u0634\u0643\u0647\u0627\u0646\u0647 \u0632\u064a\u062a\u0648\u0646 \u0628\u0648\u0631\u0646\u0648 \u0634\u0642\u0642 \u0648\u0641\u0644\u0644 \u0641\u0627\u062e\u0631\u0629 \u0628\u0625\u0637\u0644\u0627\u0644\u0627\u062a \u0639\u0644\u0649 \u0628\u062d\u0631 \u0645\u0631\u0645\u0631\u0629\u060c \u062a\u0635\u0645\u064a\u0645 \u064a\u062c\u0645\u0639 \u0628\u064a\u0646 \u0627\u0644\u0643\u0644\u0627\u0633\u064a\u0643\u064a\u0629 \u0648\u0627\u0644\u062d\u062f\u0627\u062b\u0629\u060c \u0645\u0648\u0642\u0639 \u0627\u0633\u062a\u0631\u0627\u062a\u064a\u062c\u064a \u062c\u0627\u0647\u0632 \u0644\u0644\u0633\u0643\u0646 \u0648\u0645\u0624\u0647\u0644 \u0644\u0644\u062c\u0646\u0633\u064a\u0629 \u0627\u0644\u062a\u0631\u0643\u064a\u0629.","robots":{"index":"index","follow":"follow","max-snippet":"max-snippet:-1","max-image-preview":"max-image-preview:large","max-video-preview":"max-video-preview:-1"},"canonical":"https:\/\/p25r.net\/en\/istanbul-properties\/buyukyali-fisekhane\/","og_locale":"en_US","og_type":"article","og_title":"\u0628\u064a\u0648\u0643\u064a\u0627\u0644\u064a \u0641\u0634\u0643\u0647\u0627\u0646\u0647 \u2013 \u0634\u0642\u0642 \u0648\u0641\u0644\u0644 \u0641\u0627\u062e\u0631\u0629 \u0639\u0644\u0649 \u0628\u062d\u0631 \u0645\u0631\u0645\u0631\u0629 \u0641\u064a \u0625\u0633\u0637\u0646\u0628\u0648\u0644","og_description":"\u0645\u0634\u0631\u0648\u0639 \u0628\u064a\u0648\u0643\u064a\u0627\u0644\u064a \u0641\u0634\u0643\u0647\u0627\u0646\u0647 \u064a\u0642\u062f\u0645 \u0634\u0642\u0642\u064b\u0627 \u0648\u0641\u0644\u0644\u064b\u0627 \u0641\u0627\u062e\u0631\u0629 \u0628\u0625\u0637\u0644\u0627\u0644\u0627\u062a \u0628\u062d\u0631\u064a\u0629 \u0645\u0628\u0627\u0634\u0631\u0629\u060c \u062a\u0635\u0645\u064a\u0645 \u0645\u0639\u0645\u0627\u0631\u064a \u0645\u0633\u062a\u0648\u062d\u0649 \u0645\u0646 \u0625\u0633\u0637\u0646\u0628\u0648\u0644 \u0627\u0644\u062a\u0627\u0631\u064a\u062e\u064a\u0629\u060c \u0645\u0648\u0642\u0639 \u0627\u0633\u062a\u0631\u0627\u062a\u064a\u062c\u064a \u0648\u062c\u0627\u0647\u0632 \u0644\u0644\u0633\u0643\u0646\u060c \u0645\u0624\u0647\u0644 \u0644\u0644\u062c\u0646\u0633\u064a\u0629 \u0627\u0644\u062a\u0631\u0643\u064a\u0629.","og_url":"https:\/\/p25r.net\/en\/istanbul-properties\/buyukyali-fisekhane\/","og_site_name":"P25R Investment","article_publisher":"https:\/\/www.facebook.com\/share\/19srpNag5p\/?mibextid=wwXIfr","article_modified_time":"2025-09-04T20:19:21+00:00","og_image":[{"width":800,"height":800,"url":"https:\/\/p25r.net\/wp-content\/uploads\/2025\/08\/BUYUKYALI-FISEKHANE-1.webp","type":"image\/webp"}],"twitter_card":"summary_large_image","twitter_title":"\u0628\u064a\u0648\u0643\u064a\u0627\u0644\u064a \u0641\u0634\u0643\u0647\u0627\u0646\u0647 \u2013 \u0645\u0634\u0631\u0648\u0639 \u0641\u0627\u062e\u0631 \u0628\u0625\u0637\u0644\u0627\u0644\u0629 \u0628\u062d\u0631\u064a\u0629 \u0641\u064a \u0625\u0633\u0637\u0646\u0628\u0648\u0644","twitter_description":"\u0634\u0642\u0642 \u0648\u0641\u0644\u0644 \u0628\u0625\u0637\u0644\u0627\u0644\u0629 \u0645\u0628\u0627\u0634\u0631\u0629 \u0639\u0644\u0649 \u0628\u062d\u0631 \u0645\u0631\u0645\u0631\u0629 \u0641\u064a \u0628\u064a\u0648\u0643\u064a\u0627\u0644\u064a \u0641\u0634\u0643\u0647\u0627\u0646\u0647 \u0625\u0633\u0637\u0646\u0628\u0648\u0644. \u062a\u0635\u0645\u064a\u0645 \u064a\u062c\u0645\u0639 \u0628\u064a\u0646 \u0633\u062d\u0631 \u0627\u0644\u062a\u0627\u0631\u064a\u062e \u0648\u0627\u0644\u0641\u062e\u0627\u0645\u0629 \u0627\u0644\u062d\u062f\u064a\u062b\u0629\u060c \u062c\u0627\u0647\u0632 \u0644\u0644\u0633\u0643\u0646 \u0648\u0645\u0624\u0647\u0644 \u0644\u0644\u062c\u0646\u0633\u064a\u0629 \u0627\u0644\u062a\u0631\u0643\u064a\u0629.","schema":{"@context":"https:\/\/schema.org","@graph":[{"@type":["WebPage","RealEstateListing"],"@id":"https:\/\/p25r.net\/istanbul-properties\/buyukyali-fisekhane\/","url":"https:\/\/p25r.net\/istanbul-properties\/buyukyali-fisekhane\/","name":"\u0628\u064a\u0648\u0643\u064a\u0627\u0644\u064a \u0641\u0634\u0643\u0647\u0627\u0646\u0647 - P25R Investment","isPartOf":{"@id":"https:\/\/p25r.net\/#website"},"primaryImageOfPage":{"@id":"https:\/\/p25r.net\/istanbul-properties\/buyukyali-fisekhane\/#primaryimage"},"image":{"@id":"https:\/\/p25r.net\/istanbul-properties\/buyukyali-fisekhane\/#primaryimage"},"thumbnailUrl":"https:\/\/p25r.net\/wp-content\/uploads\/2025\/08\/BUYUKYALI-FISEKHANE-1.webp","datePublished":"2025-07-19T10:25:43+00:00","dateModified":"2025-09-04T20:19:21+00:00","description":"\u0628\u064a\u0648\u0643\u064a\u0627\u0644\u064a \u0641\u0634\u0643\u0647\u0627\u0646\u0647 \u0632\u064a\u062a\u0648\u0646 \u0628\u0648\u0631\u0646\u0648 \u0634\u0642\u0642 \u0648\u0641\u0644\u0644 \u0641\u0627\u062e\u0631\u0629 \u0628\u0625\u0637\u0644\u0627\u0644\u0627\u062a \u0639\u0644\u0649 \u0628\u062d\u0631 \u0645\u0631\u0645\u0631\u0629\u060c \u062a\u0635\u0645\u064a\u0645 \u064a\u062c\u0645\u0639 \u0628\u064a\u0646 \u0627\u0644\u0643\u0644\u0627\u0633\u064a\u0643\u064a\u0629 \u0648\u0627\u0644\u062d\u062f\u0627\u062b\u0629\u060c \u0645\u0648\u0642\u0639 \u0627\u0633\u062a\u0631\u0627\u062a\u064a\u062c\u064a \u062c\u0627\u0647\u0632 \u0644\u0644\u0633\u0643\u0646 \u0648\u0645\u0624\u0647\u0644 \u0644\u0644\u062c\u0646\u0633\u064a\u0629 \u0627\u0644\u062a\u0631\u0643\u064a\u0629.","breadcrumb":{"@id":"https:\/\/p25r.net\/istanbul-properties\/buyukyali-fisekhane\/#breadcrumb"},"inLanguage":"en-US","potentialAction":[{"@type":"ReadAction","target":["https:\/\/p25r.net\/istanbul-properties\/buyukyali-fisekhane\/"]}]},{"@type":"ImageObject","inLanguage":"en-US","@id":"https:\/\/p25r.net\/istanbul-properties\/buyukyali-fisekhane\/#primaryimage","url":"https:\/\/p25r.net\/wp-content\/uploads\/2025\/08\/BUYUKYALI-FISEKHANE-1.webp","contentUrl":"https:\/\/p25r.net\/wp-content\/uploads\/2025\/08\/BUYUKYALI-FISEKHANE-1.webp","width":800,"height":800,"caption":"\u0645\u0634\u0631\u0648\u0639 \u0628\u064a\u0648\u0643\u064a\u0627\u0644\u064a \u0641\u0634\u0643\u0647\u0627\u0646\u0647"},{"@type":"BreadcrumbList","@id":"https:\/\/p25r.net\/istanbul-properties\/buyukyali-fisekhane\/#breadcrumb","itemListElement":[{"@type":"ListItem","position":1,"name":"\u0627\u0644\u0631\u0626\u064a\u0633\u064a\u0629","item":"https:\/\/p25r.net\/"},{"@type":"ListItem","position":2,"name":"\u0639\u0642\u0627\u0631\u0627\u062a \u0627\u0633\u0637\u0646\u0628\u0648\u0644","item":"https:\/\/p25r.net\/istanbul-properties\/"},{"@type":"ListItem","position":3,"name":"\u0628\u064a\u0648\u0643\u064a\u0627\u0644\u064a \u0641\u0634\u0643\u0647\u0627\u0646\u0647"}]},{"@type":"WebSite","@id":"https:\/\/p25r.net\/#website","url":"https:\/\/p25r.net\/","name":"P25R Investment","description":"Istanbul Real Estate","publisher":{"@id":"https:\/\/p25r.net\/#organization"},"alternateName":"P25R \u0644\u0644\u0627\u0633\u062a\u062b\u0645\u0627\u0631 \u0627\u0644\u0639\u0642\u0627\u0631\u064a \u0641\u064a \u0625\u0633\u0637\u0646\u0628\u0648\u0644","potentialAction":[{"@type":"SearchAction","target":{"@type":"EntryPoint","urlTemplate":"https:\/\/p25r.net\/?s={search_term_string}"},"query-input":{"@type":"PropertyValueSpecification","valueRequired":true,"valueName":"search_term_string"}}],"inLanguage":"en-US"},{"@type":"Organization","@id":"https:\/\/p25r.net\/#organization","name":"P25R Real Estate Investment Company","alternateName":"\u0639\u0642\u0627\u0631\u0627\u062a \u0627\u0633\u0637\u0646\u0628\u0648\u0644 P25R","url":"https:\/\/p25r.net\/","logo":{"@type":"ImageObject","inLanguage":"en-US","@id":"https:\/\/p25r.net\/#\/schema\/logo\/image\/","url":"https:\/\/p25r.net\/wp-content\/uploads\/2025\/05\/p25r-logo-e1747079772978.png","contentUrl":"https:\/\/p25r.net\/wp-content\/uploads\/2025\/05\/p25r-logo-e1747079772978.png","width":1013,"height":740,"caption":"\u0634\u0631\u0643\u0629 P25R \u0644\u0644\u0627\u0633\u062a\u062b\u0645\u0627\u0631 \u0627\u0644\u0639\u0642\u0627\u0631\u064a"},"image":{"@id":"https:\/\/p25r.net\/#\/schema\/logo\/image\/"},"sameAs":["https:\/\/www.facebook.com\/share\/19srpNag5p\/?mibextid=wwXIfr","https:\/\/www.instagram.com\/p25r"]}]}},"_links":{"self":[{"href":"https:\/\/p25r.net\/en\/wp-json\/wp\/v2\/product\/14210","targetHints":{"allow":["GET"]}}],"collection":[{"href":"https:\/\/p25r.net\/en\/wp-json\/wp\/v2\/product"}],"about":[{"href":"https:\/\/p25r.net\/en\/wp-json\/wp\/v2\/types\/product"}],"version-history":[{"count":0,"href":"https:\/\/p25r.net\/en\/wp-json\/wp\/v2\/product\/14210\/revisions"}],"wp:featuredmedia":[{"embeddable":true,"href":"https:\/\/p25r.net\/en\/wp-json\/wp\/v2\/media\/17275"}],"wp:attachment":[{"href":"https:\/\/p25r.net\/en\/wp-json\/wp\/v2\/media?parent=14210"}],"wp:term":[{"taxonomy":"product_brand","embeddable":true,"href":"https:\/\/p25r.net\/en\/wp-json\/wp\/v2\/product_brand?post=14210"},{"taxonomy":"product_cat","embeddable":true,"href":"https:\/\/p25r.net\/en\/wp-json\/wp\/v2\/product_cat?post=14210"},{"taxonomy":"product_tag","embeddable":true,"href":"https:\/\/p25r.net\/en\/wp-json\/wp\/v2\/product_tag?post=14210"}],"curies":[{"name":"wp","href":"https:\/\/api.w.org\/{rel}","templated":true}]}}