{"id":14204,"date":"2025-07-19T13:21:40","date_gmt":"2025-07-19T10:21:40","guid":{"rendered":"https:\/\/p25r.net\/?post_type=product&#038;p=14204"},"modified":"2025-09-04T23:42:20","modified_gmt":"2025-09-04T20:42:20","slug":"big-country","status":"publish","type":"product","link":"https:\/\/p25r.net\/en\/istanbul-properties\/big-country\/","title":{"rendered":"Big Country"},"content":{"rendered":"<p><b>Big Country Buyukcekmece Istanbul <\/b><span style=\"font-weight: 400;\">The upscale living project in the heart of nature and steps away from the city offers independent villas with stunning lake views, where privacy and luxury abound amidst nature, with luxurious design and integrated services within a gated community.<\/span><\/p>\n<h2><b>Prices and spaces<\/b><\/h2>\n<ul>\n<li style=\"font-weight: 400;\" aria-level=\"1\"><span style=\"font-weight: 400;\">4+1 | 883 m\u00b2 for $2,239,000<\/span><\/li>\n<li style=\"font-weight: 400;\" aria-level=\"1\"><span style=\"font-weight: 400;\">5+1 | 1,068 m\u00b2 for $2,606,000<\/span><\/li>\n<li style=\"font-weight: 400;\" aria-level=\"1\"><span style=\"font-weight: 400;\">6+1 | 1,250 m\u00b2 for $2,870,000<\/span><\/li>\n<li style=\"font-weight: 400;\" aria-level=\"1\"><span style=\"font-weight: 400;\">7+1 | 1,327 m\u00b2 for $3,100,000<\/span>&nbsp;<\/li>\n<\/ul>\n<h2><b>Project Features<\/b><\/h2>\n<ul>\n<li style=\"font-weight: 400;\" aria-level=\"1\"><span style=\"font-weight: 400;\">A project spanning a land area of 225,090 m\u00b2<\/span><\/li>\n<li style=\"font-weight: 400;\" aria-level=\"1\"><span style=\"font-weight: 400;\">It includes 126 independent villas with gardens and private spaces.<\/span><\/li>\n<li style=\"font-weight: 400;\" aria-level=\"1\"><span style=\"font-weight: 400;\">Luxurious architectural design offering comfort and privacy<\/span><\/li>\n<li style=\"font-weight: 400;\" aria-level=\"1\"><span style=\"font-weight: 400;\">A fully equipped fitness center with an area of 3500 m\u00b2<\/span><\/li>\n<li style=\"font-weight: 400;\" aria-level=\"1\"><span style=\"font-weight: 400;\">Integrated social services and sports clubs<\/span><\/li>\n<li style=\"font-weight: 400;\" aria-level=\"1\"><span style=\"font-weight: 400;\">24\/7 security and monitoring system<\/span>&nbsp;<\/li>\n<\/ul>\n<h2><b>Site Features<\/b><\/h2>\n<ul>\n<li style=\"font-weight: 400;\" aria-level=\"1\"><span style=\"font-weight: 400;\">Close to the TEM highway<\/span><\/li>\n<li style=\"font-weight: 400;\" aria-level=\"1\"><span style=\"font-weight: 400;\">200 meters from the nearest school<\/span><\/li>\n<li style=\"font-weight: 400;\" aria-level=\"1\"><span style=\"font-weight: 400;\">5 km from Aydin University<\/span><\/li>\n<li style=\"font-weight: 400;\" aria-level=\"1\"><span style=\"font-weight: 400;\">Only 45 minutes to Istanbul International Airport<\/span><\/li>\n<li style=\"font-weight: 400;\" aria-level=\"1\"><span style=\"font-weight: 400;\">Panoramic view of <\/span><b>B\u00fcy\u00fck\u00e7ekmece Lake<\/b><\/li>\n<li style=\"font-weight: 400;\" aria-level=\"1\"><span style=\"font-weight: 400;\">Easy access to daily services and basic amenities<\/span>&nbsp;<\/li>\n<\/ul>\n<h2><b>Obtaining Turkish citizenship\u00a0<\/b><\/h2>\n<p><span style=\"font-weight: 400;\">Get it <\/span><b>Turkish citizenship<\/b><span style=\"font-weight: 400;\"> It&#039;s easy when you own one of the villas in this unique project, and you benefit from high investment value with unparalleled residential quality.<\/span><\/p>\n<h2><b>Why choose Big Country?<\/b><\/h2>\n<ul>\n<li style=\"font-weight: 400;\" aria-level=\"1\"><span style=\"font-weight: 400;\">Standalone villas within a complex surrounded by nature<\/span><\/li>\n<li style=\"font-weight: 400;\" aria-level=\"1\"><span style=\"font-weight: 400;\">Privacy and tranquility away from the hustle and bustle of the city<\/span><\/li>\n<li style=\"font-weight: 400;\" aria-level=\"1\"><span style=\"font-weight: 400;\">Readiness 12\/2025<\/span><\/li>\n<li style=\"font-weight: 400;\" aria-level=\"1\"><span style=\"font-weight: 400;\">Best view of the lake<\/span><\/li>\n<li style=\"font-weight: 400;\" aria-level=\"1\"><span style=\"font-weight: 400;\">High-quality design and guaranteed return on investment<\/span><span style=\"font-weight: 400;\">\u00a0<\/span><\/li>\n<\/ul>\n<p><b>Don&#039;t let this opportunity pass you by! <\/b><span style=\"font-weight: 400;\">The Big Country Project could be your new address for peace and luxury.<\/span><span style=\"font-weight: 400;\"><br \/>\n<\/span> <b>Contact us today<\/b><span style=\"font-weight: 400;\"> Get a free real estate consultation from our Istanbul real estate experts<\/span><\/p>","protected":false},"excerpt":{"rendered":"<p><span style=\"font-weight: 400;\">\u0628\u064a\u063a \u0643\u0627\u0646\u062a\u0631\u064a \u2013 \u0641\u0644\u0644 \u0645\u0633\u062a\u0642\u0644\u0629 \u0641\u0627\u062e\u0631\u0629 \u0628\u0625\u0637\u0644\u0627\u0644\u0629 \u062e\u0644\u0627\u0628\u0629 \u0639\u0644\u0649 \u0628\u062d\u064a\u0631\u0629 \u0628\u064a\u0648\u0643 \u0634\u0643\u0645\u062c\u0629<\/span><\/p>\n<p data-start=\"611\" data-end=\"883\"><strong data-start=\"611\" data-end=\"633\">\u0628\u064a\u063a \u0643\u0627\u0646\u062a\u0631\u064a \u0625\u0633\u0637\u0646\u0628\u0648\u0644<\/strong> \u0645\u0634\u0631\u0648\u0639 \u0641\u0627\u062e\u0631 \u064a\u0636\u0645 126 \u0641\u064a\u0644\u0627 \u0645\u0633\u062a\u0642\u0644\u0629 \u0628\u062d\u062f\u0627\u0626\u0642 \u0648\u0645\u0633\u0627\u062d\u0627\u062a \u062e\u0627\u0635\u0629 \u062a\u0628\u062f\u0623 \u0645\u0646 880 \u0645\u00b2 \u062d\u062a\u0649 1990 \u0645\u00b2. \u064a\u062a\u0645\u064a\u0632 \u0628\u0625\u0637\u0644\u0627\u0644\u0629 \u0628\u0627\u0646\u0648\u0631\u0627\u0645\u064a\u0629 \u0639\u0644\u0649 \u0628\u062d\u064a\u0631\u0629 \u0628\u064a\u0648\u0643 \u0634\u0643\u0645\u062c\u0647\u060c \u0645\u0648\u0642\u0639 \u0627\u0633\u062a\u0631\u0627\u062a\u064a\u062c\u064a \u0642\u0631\u0628 TEM \u0648\u0627\u0644\u0645\u062f\u0627\u0631\u0633 \u0648\u0627\u0644\u062c\u0627\u0645\u0639\u0627\u062a\u060c \u0648\u062e\u062f\u0645\u0627\u062a \u0627\u062c\u062a\u0645\u0627\u0639\u064a\u0629 \u0648\u0631\u064a\u0627\u0636\u064a\u0629 \u0645\u062a\u0643\u0627\u0645\u0644\u0629. \u062c\u0627\u0647\u0632 \u0644\u0644\u062a\u0633\u0644\u064a\u0645 \u0641\u064a 12\/2025 \u0648\u0645\u0624\u0647\u0644 \u0644\u0644\u062c\u0646\u0633\u064a\u0629 \u0627\u0644\u062a\u0631\u0643\u064a\u0629.<\/p>","protected":false},"featured_media":17271,"template":"","meta":{"_acf_changed":false},"product_brand":[],"product_cat":[108],"product_tag":[],"class_list":{"0":"post-14204","1":"product","2":"type-product","3":"status-publish","4":"has-post-thumbnail","6":"product_cat-villas","8":"first","9":"instock","10":"shipping-taxable","11":"purchasable","12":"product-type-simple"},"acf":[],"yoast_head":"<!-- This site is optimized with the Yoast SEO plugin v27.5 - https:\/\/yoast.com\/product\/yoast-seo-wordpress\/ -->\n<title>\u0628\u064a\u063a \u0643\u0627\u0646\u062a\u0631\u064a - P25R Investment<\/title>\n<meta name=\"description\" content=\"\u0628\u064a\u063a \u0643\u0627\u0646\u062a\u0631\u064a \u0628\u064a\u0648\u0643 \u0634\u0643\u0645\u062c\u0647 \u0641\u0644\u0644 \u0645\u0633\u062a\u0642\u0644\u0629 \u0641\u0627\u062e\u0631\u0629 \u0628\u0625\u0637\u0644\u0627\u0644\u0627\u062a \u0639\u0644\u0649 \u0627\u0644\u0628\u062d\u064a\u0631\u0629\u060c \u062e\u0635\u0648\u0635\u064a\u0629 \u062a\u0627\u0645\u0629 \u0648\u062a\u0635\u0645\u064a\u0645 \u0631\u0627\u0642\u064d\u060c \u0645\u0648\u0642\u0639 \u0645\u0645\u064a\u0632 \u0642\u0631\u0628 TEM \u0648\u062e\u062f\u0645\u0627\u062a \u0645\u062a\u0643\u0627\u0645\u0644\u0629\u060c \u062c\u0627\u0647\u0632\u064a\u0629 12\/2025 \u0648\u0645\u0624\u0647\u0644 \u0644\u0644\u062c\u0646\u0633\u064a\u0629.\" \/>\n<meta name=\"robots\" content=\"index, follow, max-snippet:-1, max-image-preview:large, max-video-preview:-1\" \/>\n<link rel=\"canonical\" href=\"https:\/\/p25r.net\/en\/istanbul-properties\/big-country\/\" \/>\n<meta property=\"og:locale\" content=\"en_US\" \/>\n<meta property=\"og:type\" content=\"article\" \/>\n<meta property=\"og:title\" content=\"\u0628\u064a\u063a \u0643\u0627\u0646\u062a\u0631\u064a \u2013 \u0641\u0644\u0644 \u0641\u0627\u062e\u0631\u0629 \u0628\u0625\u0637\u0644\u0627\u0644\u0627\u062a \u0639\u0644\u0649 \u0628\u062d\u064a\u0631\u0629 \u0628\u064a\u0648\u0643 \u0634\u0643\u0645\u062c\u0647\" \/>\n<meta property=\"og:description\" content=\"\u0645\u0634\u0631\u0648\u0639 \u0628\u064a\u063a \u0643\u0627\u0646\u062a\u0631\u064a \u0625\u0633\u0637\u0646\u0628\u0648\u0644 \u064a\u0642\u062f\u0645 \u0641\u0644\u0644\u064b\u0627 \u0645\u0633\u062a\u0642\u0644\u0629 \u0641\u0627\u062e\u0631\u0629 \u0648\u0633\u0637 \u0627\u0644\u0637\u0628\u064a\u0639\u0629 \u0628\u0625\u0637\u0644\u0627\u0644\u0627\u062a \u062e\u0644\u0627\u0628\u0629 \u0639\u0644\u0649 \u0627\u0644\u0628\u062d\u064a\u0631\u0629. \u062e\u0635\u0648\u0635\u064a\u0629\u060c \u062e\u062f\u0645\u0627\u062a \u0645\u062a\u0643\u0627\u0645\u0644\u0629\u060c \u0648\u062c\u0627\u0647\u0632\u064a\u0629 12\/2025. \u0645\u0624\u0647\u0644 \u0644\u0644\u062c\u0646\u0633\u064a\u0629 \u0627\u0644\u062a\u0631\u0643\u064a\u0629.\" \/>\n<meta property=\"og:url\" content=\"https:\/\/p25r.net\/en\/istanbul-properties\/big-country\/\" \/>\n<meta property=\"og:site_name\" content=\"P25R Investment\" \/>\n<meta property=\"article:publisher\" content=\"https:\/\/www.facebook.com\/share\/19srpNag5p\/?mibextid=wwXIfr\" \/>\n<meta property=\"article:modified_time\" content=\"2025-09-04T20:42:20+00:00\" \/>\n<meta property=\"og:image\" content=\"https:\/\/p25r.net\/wp-content\/uploads\/2025\/08\/BIG-COUNTRY-2.webp\" \/>\n\t<meta property=\"og:image:width\" content=\"800\" \/>\n\t<meta property=\"og:image:height\" content=\"800\" \/>\n\t<meta property=\"og:image:type\" content=\"image\/webp\" \/>\n<meta name=\"twitter:card\" content=\"summary_large_image\" \/>\n<meta name=\"twitter:title\" content=\"\u0628\u064a\u063a \u0643\u0627\u0646\u062a\u0631\u064a \u2013 \u0641\u0644\u0644 \u0645\u0633\u062a\u0642\u0644\u0629 \u0641\u064a \u0628\u064a\u0648\u0643 \u0634\u0643\u0645\u062c\u0647 \u0625\u0633\u0637\u0646\u0628\u0648\u0644\" \/>\n<meta name=\"twitter:description\" content=\"\u0641\u0644\u0644 \u0641\u0627\u062e\u0631\u0629 \u0628\u0625\u0637\u0644\u0627\u0644\u0627\u062a \u0639\u0644\u0649 \u0628\u062d\u064a\u0631\u0629 \u0628\u064a\u0648\u0643 \u0634\u0643\u0645\u062c\u0647 \u0641\u064a \u0645\u0634\u0631\u0648\u0639 \u0628\u064a\u063a \u0643\u0627\u0646\u062a\u0631\u064a \u0625\u0633\u0637\u0646\u0628\u0648\u0644. \u062a\u0635\u0645\u064a\u0645 \u0641\u0627\u062e\u0631\u060c \u062e\u0635\u0648\u0635\u064a\u0629 \u062a\u0627\u0645\u0629\u060c \u062e\u062f\u0645\u0627\u062a \u0645\u062a\u0643\u0627\u0645\u0644\u0629\u060c \u0648\u062c\u0627\u0647\u0632\u064a\u0629 \u062f\u064a\u0633\u0645\u0628\u0631 2025. \u0645\u0624\u0647\u0644 \u0644\u0644\u062c\u0646\u0633\u064a\u0629 \u0627\u0644\u062a\u0631\u0643\u064a\u0629.\" \/>\n<script type=\"application\/ld+json\" class=\"yoast-schema-graph\">{\"@context\":\"https:\\\/\\\/schema.org\",\"@graph\":[{\"@type\":[\"WebPage\",\"RealEstateListing\"],\"@id\":\"https:\\\/\\\/p25r.net\\\/istanbul-properties\\\/big-country\\\/\",\"url\":\"https:\\\/\\\/p25r.net\\\/istanbul-properties\\\/big-country\\\/\",\"name\":\"\u0628\u064a\u063a \u0643\u0627\u0646\u062a\u0631\u064a - P25R Investment\",\"isPartOf\":{\"@id\":\"https:\\\/\\\/p25r.net\\\/#website\"},\"primaryImageOfPage\":{\"@id\":\"https:\\\/\\\/p25r.net\\\/istanbul-properties\\\/big-country\\\/#primaryimage\"},\"image\":{\"@id\":\"https:\\\/\\\/p25r.net\\\/istanbul-properties\\\/big-country\\\/#primaryimage\"},\"thumbnailUrl\":\"https:\\\/\\\/p25r.net\\\/wp-content\\\/uploads\\\/2025\\\/08\\\/BIG-COUNTRY-2.webp\",\"datePublished\":\"2025-07-19T10:21:40+00:00\",\"dateModified\":\"2025-09-04T20:42:20+00:00\",\"description\":\"\u0628\u064a\u063a \u0643\u0627\u0646\u062a\u0631\u064a \u0628\u064a\u0648\u0643 \u0634\u0643\u0645\u062c\u0647 \u0641\u0644\u0644 \u0645\u0633\u062a\u0642\u0644\u0629 \u0641\u0627\u062e\u0631\u0629 \u0628\u0625\u0637\u0644\u0627\u0644\u0627\u062a \u0639\u0644\u0649 \u0627\u0644\u0628\u062d\u064a\u0631\u0629\u060c \u062e\u0635\u0648\u0635\u064a\u0629 \u062a\u0627\u0645\u0629 \u0648\u062a\u0635\u0645\u064a\u0645 \u0631\u0627\u0642\u064d\u060c \u0645\u0648\u0642\u0639 \u0645\u0645\u064a\u0632 \u0642\u0631\u0628 TEM \u0648\u062e\u062f\u0645\u0627\u062a \u0645\u062a\u0643\u0627\u0645\u0644\u0629\u060c \u062c\u0627\u0647\u0632\u064a\u0629 12\\\/2025 \u0648\u0645\u0624\u0647\u0644 \u0644\u0644\u062c\u0646\u0633\u064a\u0629.\",\"breadcrumb\":{\"@id\":\"https:\\\/\\\/p25r.net\\\/istanbul-properties\\\/big-country\\\/#breadcrumb\"},\"inLanguage\":\"en-US\",\"potentialAction\":[{\"@type\":\"ReadAction\",\"target\":[\"https:\\\/\\\/p25r.net\\\/istanbul-properties\\\/big-country\\\/\"]}]},{\"@type\":\"ImageObject\",\"inLanguage\":\"en-US\",\"@id\":\"https:\\\/\\\/p25r.net\\\/istanbul-properties\\\/big-country\\\/#primaryimage\",\"url\":\"https:\\\/\\\/p25r.net\\\/wp-content\\\/uploads\\\/2025\\\/08\\\/BIG-COUNTRY-2.webp\",\"contentUrl\":\"https:\\\/\\\/p25r.net\\\/wp-content\\\/uploads\\\/2025\\\/08\\\/BIG-COUNTRY-2.webp\",\"width\":800,\"height\":800,\"caption\":\"\u0628\u064a\u063a \u0643\u0627\u0646\u062a\u0631\u064a \u0628\u064a\u0648\u0643 \u0634\u0643\u0645\u062c\u0647 \u0625\u0633\u0637\u0646\u0628\u0648\u0644\"},{\"@type\":\"BreadcrumbList\",\"@id\":\"https:\\\/\\\/p25r.net\\\/istanbul-properties\\\/big-country\\\/#breadcrumb\",\"itemListElement\":[{\"@type\":\"ListItem\",\"position\":1,\"name\":\"\u0627\u0644\u0631\u0626\u064a\u0633\u064a\u0629\",\"item\":\"https:\\\/\\\/p25r.net\\\/\"},{\"@type\":\"ListItem\",\"position\":2,\"name\":\"\u0639\u0642\u0627\u0631\u0627\u062a \u0627\u0633\u0637\u0646\u0628\u0648\u0644\",\"item\":\"https:\\\/\\\/p25r.net\\\/istanbul-properties\\\/\"},{\"@type\":\"ListItem\",\"position\":3,\"name\":\"\u0628\u064a\u063a \u0643\u0627\u0646\u062a\u0631\u064a\"}]},{\"@type\":\"WebSite\",\"@id\":\"https:\\\/\\\/p25r.net\\\/#website\",\"url\":\"https:\\\/\\\/p25r.net\\\/\",\"name\":\"P25R Investment\",\"description\":\"\u0639\u0642\u0627\u0631\u0627\u062a \u0627\u0633\u0637\u0646\u0628\u0648\u0644\",\"publisher\":{\"@id\":\"https:\\\/\\\/p25r.net\\\/#organization\"},\"alternateName\":\"P25R \u0644\u0644\u0627\u0633\u062a\u062b\u0645\u0627\u0631 \u0627\u0644\u0639\u0642\u0627\u0631\u064a \u0641\u064a \u0625\u0633\u0637\u0646\u0628\u0648\u0644\",\"potentialAction\":[{\"@type\":\"SearchAction\",\"target\":{\"@type\":\"EntryPoint\",\"urlTemplate\":\"https:\\\/\\\/p25r.net\\\/?s={search_term_string}\"},\"query-input\":{\"@type\":\"PropertyValueSpecification\",\"valueRequired\":true,\"valueName\":\"search_term_string\"}}],\"inLanguage\":\"en-US\"},{\"@type\":\"Organization\",\"@id\":\"https:\\\/\\\/p25r.net\\\/#organization\",\"name\":\"\u0634\u0631\u0643\u0629 P25R \u0644\u0644\u0627\u0633\u062a\u062b\u0645\u0627\u0631 \u0627\u0644\u0639\u0642\u0627\u0631\u064a\",\"alternateName\":\"\u0639\u0642\u0627\u0631\u0627\u062a \u0627\u0633\u0637\u0646\u0628\u0648\u0644 P25R\",\"url\":\"https:\\\/\\\/p25r.net\\\/\",\"logo\":{\"@type\":\"ImageObject\",\"inLanguage\":\"en-US\",\"@id\":\"https:\\\/\\\/p25r.net\\\/#\\\/schema\\\/logo\\\/image\\\/\",\"url\":\"https:\\\/\\\/p25r.net\\\/wp-content\\\/uploads\\\/2025\\\/05\\\/p25r-logo-e1747079772978.png\",\"contentUrl\":\"https:\\\/\\\/p25r.net\\\/wp-content\\\/uploads\\\/2025\\\/05\\\/p25r-logo-e1747079772978.png\",\"width\":1013,\"height\":740,\"caption\":\"\u0634\u0631\u0643\u0629 P25R \u0644\u0644\u0627\u0633\u062a\u062b\u0645\u0627\u0631 \u0627\u0644\u0639\u0642\u0627\u0631\u064a\"},\"image\":{\"@id\":\"https:\\\/\\\/p25r.net\\\/#\\\/schema\\\/logo\\\/image\\\/\"},\"sameAs\":[\"https:\\\/\\\/www.facebook.com\\\/share\\\/19srpNag5p\\\/?mibextid=wwXIfr\",\"https:\\\/\\\/www.instagram.com\\\/p25r\"]}]}<\/script>\n<!-- \/ Yoast SEO plugin. -->","yoast_head_json":{"title":"\u0628\u064a\u063a \u0643\u0627\u0646\u062a\u0631\u064a - P25R Investment","description":"\u0628\u064a\u063a \u0643\u0627\u0646\u062a\u0631\u064a \u0628\u064a\u0648\u0643 \u0634\u0643\u0645\u062c\u0647 \u0641\u0644\u0644 \u0645\u0633\u062a\u0642\u0644\u0629 \u0641\u0627\u062e\u0631\u0629 \u0628\u0625\u0637\u0644\u0627\u0644\u0627\u062a \u0639\u0644\u0649 \u0627\u0644\u0628\u062d\u064a\u0631\u0629\u060c \u062e\u0635\u0648\u0635\u064a\u0629 \u062a\u0627\u0645\u0629 \u0648\u062a\u0635\u0645\u064a\u0645 \u0631\u0627\u0642\u064d\u060c \u0645\u0648\u0642\u0639 \u0645\u0645\u064a\u0632 \u0642\u0631\u0628 TEM \u0648\u062e\u062f\u0645\u0627\u062a \u0645\u062a\u0643\u0627\u0645\u0644\u0629\u060c \u062c\u0627\u0647\u0632\u064a\u0629 12\/2025 \u0648\u0645\u0624\u0647\u0644 \u0644\u0644\u062c\u0646\u0633\u064a\u0629.","robots":{"index":"index","follow":"follow","max-snippet":"max-snippet:-1","max-image-preview":"max-image-preview:large","max-video-preview":"max-video-preview:-1"},"canonical":"https:\/\/p25r.net\/en\/istanbul-properties\/big-country\/","og_locale":"en_US","og_type":"article","og_title":"\u0628\u064a\u063a \u0643\u0627\u0646\u062a\u0631\u064a \u2013 \u0641\u0644\u0644 \u0641\u0627\u062e\u0631\u0629 \u0628\u0625\u0637\u0644\u0627\u0644\u0627\u062a \u0639\u0644\u0649 \u0628\u062d\u064a\u0631\u0629 \u0628\u064a\u0648\u0643 \u0634\u0643\u0645\u062c\u0647","og_description":"\u0645\u0634\u0631\u0648\u0639 \u0628\u064a\u063a \u0643\u0627\u0646\u062a\u0631\u064a \u0625\u0633\u0637\u0646\u0628\u0648\u0644 \u064a\u0642\u062f\u0645 \u0641\u0644\u0644\u064b\u0627 \u0645\u0633\u062a\u0642\u0644\u0629 \u0641\u0627\u062e\u0631\u0629 \u0648\u0633\u0637 \u0627\u0644\u0637\u0628\u064a\u0639\u0629 \u0628\u0625\u0637\u0644\u0627\u0644\u0627\u062a \u062e\u0644\u0627\u0628\u0629 \u0639\u0644\u0649 \u0627\u0644\u0628\u062d\u064a\u0631\u0629. \u062e\u0635\u0648\u0635\u064a\u0629\u060c \u062e\u062f\u0645\u0627\u062a \u0645\u062a\u0643\u0627\u0645\u0644\u0629\u060c \u0648\u062c\u0627\u0647\u0632\u064a\u0629 12\/2025. \u0645\u0624\u0647\u0644 \u0644\u0644\u062c\u0646\u0633\u064a\u0629 \u0627\u0644\u062a\u0631\u0643\u064a\u0629.","og_url":"https:\/\/p25r.net\/en\/istanbul-properties\/big-country\/","og_site_name":"P25R Investment","article_publisher":"https:\/\/www.facebook.com\/share\/19srpNag5p\/?mibextid=wwXIfr","article_modified_time":"2025-09-04T20:42:20+00:00","og_image":[{"width":800,"height":800,"url":"https:\/\/p25r.net\/wp-content\/uploads\/2025\/08\/BIG-COUNTRY-2.webp","type":"image\/webp"}],"twitter_card":"summary_large_image","twitter_title":"\u0628\u064a\u063a \u0643\u0627\u0646\u062a\u0631\u064a \u2013 \u0641\u0644\u0644 \u0645\u0633\u062a\u0642\u0644\u0629 \u0641\u064a \u0628\u064a\u0648\u0643 \u0634\u0643\u0645\u062c\u0647 \u0625\u0633\u0637\u0646\u0628\u0648\u0644","twitter_description":"\u0641\u0644\u0644 \u0641\u0627\u062e\u0631\u0629 \u0628\u0625\u0637\u0644\u0627\u0644\u0627\u062a \u0639\u0644\u0649 \u0628\u062d\u064a\u0631\u0629 \u0628\u064a\u0648\u0643 \u0634\u0643\u0645\u062c\u0647 \u0641\u064a \u0645\u0634\u0631\u0648\u0639 \u0628\u064a\u063a \u0643\u0627\u0646\u062a\u0631\u064a \u0625\u0633\u0637\u0646\u0628\u0648\u0644. \u062a\u0635\u0645\u064a\u0645 \u0641\u0627\u062e\u0631\u060c \u062e\u0635\u0648\u0635\u064a\u0629 \u062a\u0627\u0645\u0629\u060c \u062e\u062f\u0645\u0627\u062a \u0645\u062a\u0643\u0627\u0645\u0644\u0629\u060c \u0648\u062c\u0627\u0647\u0632\u064a\u0629 \u062f\u064a\u0633\u0645\u0628\u0631 2025. \u0645\u0624\u0647\u0644 \u0644\u0644\u062c\u0646\u0633\u064a\u0629 \u0627\u0644\u062a\u0631\u0643\u064a\u0629.","schema":{"@context":"https:\/\/schema.org","@graph":[{"@type":["WebPage","RealEstateListing"],"@id":"https:\/\/p25r.net\/istanbul-properties\/big-country\/","url":"https:\/\/p25r.net\/istanbul-properties\/big-country\/","name":"\u0628\u064a\u063a \u0643\u0627\u0646\u062a\u0631\u064a - P25R Investment","isPartOf":{"@id":"https:\/\/p25r.net\/#website"},"primaryImageOfPage":{"@id":"https:\/\/p25r.net\/istanbul-properties\/big-country\/#primaryimage"},"image":{"@id":"https:\/\/p25r.net\/istanbul-properties\/big-country\/#primaryimage"},"thumbnailUrl":"https:\/\/p25r.net\/wp-content\/uploads\/2025\/08\/BIG-COUNTRY-2.webp","datePublished":"2025-07-19T10:21:40+00:00","dateModified":"2025-09-04T20:42:20+00:00","description":"\u0628\u064a\u063a \u0643\u0627\u0646\u062a\u0631\u064a \u0628\u064a\u0648\u0643 \u0634\u0643\u0645\u062c\u0647 \u0641\u0644\u0644 \u0645\u0633\u062a\u0642\u0644\u0629 \u0641\u0627\u062e\u0631\u0629 \u0628\u0625\u0637\u0644\u0627\u0644\u0627\u062a \u0639\u0644\u0649 \u0627\u0644\u0628\u062d\u064a\u0631\u0629\u060c \u062e\u0635\u0648\u0635\u064a\u0629 \u062a\u0627\u0645\u0629 \u0648\u062a\u0635\u0645\u064a\u0645 \u0631\u0627\u0642\u064d\u060c \u0645\u0648\u0642\u0639 \u0645\u0645\u064a\u0632 \u0642\u0631\u0628 TEM \u0648\u062e\u062f\u0645\u0627\u062a \u0645\u062a\u0643\u0627\u0645\u0644\u0629\u060c \u062c\u0627\u0647\u0632\u064a\u0629 12\/2025 \u0648\u0645\u0624\u0647\u0644 \u0644\u0644\u062c\u0646\u0633\u064a\u0629.","breadcrumb":{"@id":"https:\/\/p25r.net\/istanbul-properties\/big-country\/#breadcrumb"},"inLanguage":"en-US","potentialAction":[{"@type":"ReadAction","target":["https:\/\/p25r.net\/istanbul-properties\/big-country\/"]}]},{"@type":"ImageObject","inLanguage":"en-US","@id":"https:\/\/p25r.net\/istanbul-properties\/big-country\/#primaryimage","url":"https:\/\/p25r.net\/wp-content\/uploads\/2025\/08\/BIG-COUNTRY-2.webp","contentUrl":"https:\/\/p25r.net\/wp-content\/uploads\/2025\/08\/BIG-COUNTRY-2.webp","width":800,"height":800,"caption":"\u0628\u064a\u063a \u0643\u0627\u0646\u062a\u0631\u064a \u0628\u064a\u0648\u0643 \u0634\u0643\u0645\u062c\u0647 \u0625\u0633\u0637\u0646\u0628\u0648\u0644"},{"@type":"BreadcrumbList","@id":"https:\/\/p25r.net\/istanbul-properties\/big-country\/#breadcrumb","itemListElement":[{"@type":"ListItem","position":1,"name":"\u0627\u0644\u0631\u0626\u064a\u0633\u064a\u0629","item":"https:\/\/p25r.net\/"},{"@type":"ListItem","position":2,"name":"\u0639\u0642\u0627\u0631\u0627\u062a \u0627\u0633\u0637\u0646\u0628\u0648\u0644","item":"https:\/\/p25r.net\/istanbul-properties\/"},{"@type":"ListItem","position":3,"name":"\u0628\u064a\u063a \u0643\u0627\u0646\u062a\u0631\u064a"}]},{"@type":"WebSite","@id":"https:\/\/p25r.net\/#website","url":"https:\/\/p25r.net\/","name":"P25R Investment","description":"Istanbul Real Estate","publisher":{"@id":"https:\/\/p25r.net\/#organization"},"alternateName":"P25R \u0644\u0644\u0627\u0633\u062a\u062b\u0645\u0627\u0631 \u0627\u0644\u0639\u0642\u0627\u0631\u064a \u0641\u064a \u0625\u0633\u0637\u0646\u0628\u0648\u0644","potentialAction":[{"@type":"SearchAction","target":{"@type":"EntryPoint","urlTemplate":"https:\/\/p25r.net\/?s={search_term_string}"},"query-input":{"@type":"PropertyValueSpecification","valueRequired":true,"valueName":"search_term_string"}}],"inLanguage":"en-US"},{"@type":"Organization","@id":"https:\/\/p25r.net\/#organization","name":"P25R Real Estate Investment Company","alternateName":"\u0639\u0642\u0627\u0631\u0627\u062a \u0627\u0633\u0637\u0646\u0628\u0648\u0644 P25R","url":"https:\/\/p25r.net\/","logo":{"@type":"ImageObject","inLanguage":"en-US","@id":"https:\/\/p25r.net\/#\/schema\/logo\/image\/","url":"https:\/\/p25r.net\/wp-content\/uploads\/2025\/05\/p25r-logo-e1747079772978.png","contentUrl":"https:\/\/p25r.net\/wp-content\/uploads\/2025\/05\/p25r-logo-e1747079772978.png","width":1013,"height":740,"caption":"\u0634\u0631\u0643\u0629 P25R \u0644\u0644\u0627\u0633\u062a\u062b\u0645\u0627\u0631 \u0627\u0644\u0639\u0642\u0627\u0631\u064a"},"image":{"@id":"https:\/\/p25r.net\/#\/schema\/logo\/image\/"},"sameAs":["https:\/\/www.facebook.com\/share\/19srpNag5p\/?mibextid=wwXIfr","https:\/\/www.instagram.com\/p25r"]}]}},"_links":{"self":[{"href":"https:\/\/p25r.net\/en\/wp-json\/wp\/v2\/product\/14204","targetHints":{"allow":["GET"]}}],"collection":[{"href":"https:\/\/p25r.net\/en\/wp-json\/wp\/v2\/product"}],"about":[{"href":"https:\/\/p25r.net\/en\/wp-json\/wp\/v2\/types\/product"}],"version-history":[{"count":0,"href":"https:\/\/p25r.net\/en\/wp-json\/wp\/v2\/product\/14204\/revisions"}],"wp:featuredmedia":[{"embeddable":true,"href":"https:\/\/p25r.net\/en\/wp-json\/wp\/v2\/media\/17271"}],"wp:attachment":[{"href":"https:\/\/p25r.net\/en\/wp-json\/wp\/v2\/media?parent=14204"}],"wp:term":[{"taxonomy":"product_brand","embeddable":true,"href":"https:\/\/p25r.net\/en\/wp-json\/wp\/v2\/product_brand?post=14204"},{"taxonomy":"product_cat","embeddable":true,"href":"https:\/\/p25r.net\/en\/wp-json\/wp\/v2\/product_cat?post=14204"},{"taxonomy":"product_tag","embeddable":true,"href":"https:\/\/p25r.net\/en\/wp-json\/wp\/v2\/product_tag?post=14204"}],"curies":[{"name":"wp","href":"https:\/\/api.w.org\/{rel}","templated":true}]}}